{"id":5826,"date":"2011-05-01T20:27:35","date_gmt":"2011-05-01T18:27:35","guid":{"rendered":"http:\/\/www.denkfried.de\/wp\/?page_id=5826"},"modified":"2011-05-01T20:30:58","modified_gmt":"2011-05-01T18:30:58","slug":"gadebusch-sowj-fh","status":"publish","type":"page","link":"http:\/\/www.denkfried.de\/wp\/?page_id=5826","title":{"rendered":"Gadebusch (Sowj.FH)"},"content":{"rendered":"<p>&nbsp;<\/p>\n<p><strong>19205 Gadebusch <\/strong><\/p>\n<p>Wir  sind jetzt in Gadebusch und haben das Gr\u00e4berfeld f\u00fcr 90 gefallene  Russen erreicht.Das Gr\u00e4berfeld vermittelt einen ungepflegten  Eindruck.Die Blumenvasen auf den Einzelgr\u00e4bern fehlen.<\/p>\n<p>Bericht u. Bilder vom 04.03.2011 von Hubert M.<\/p>\n<div id='gallery-1' class='gallery galleryid-5826 gallery-columns-3 gallery-size-thumbnail'><dl class='gallery-item'>\n\t\t\t<dt class='gallery-icon portrait'>\n\t\t\t\t<a href='http:\/\/www.denkfried.de\/wp\/?attachment_id=5828'><img loading=\"lazy\" decoding=\"async\" width=\"150\" height=\"150\" src=\"http:\/\/www.denkfried.de\/wp\/wp-content\/uploads\/2011\/05\/KGSt-Gadebusch-01-150x150.jpg\" class=\"attachment-thumbnail size-thumbnail\" alt=\"\" \/><\/a>\n\t\t\t<\/dt><\/dl><dl class='gallery-item'>\n\t\t\t<dt class='gallery-icon landscape'>\n\t\t\t\t<a href='http:\/\/www.denkfried.de\/wp\/?attachment_id=5827'><img loading=\"lazy\" decoding=\"async\" width=\"150\" height=\"150\" src=\"http:\/\/www.denkfried.de\/wp\/wp-content\/uploads\/2011\/05\/KGSt-Gadebusch-03-150x150.jpg\" class=\"attachment-thumbnail size-thumbnail\" alt=\"\" \/><\/a>\n\t\t\t<\/dt><\/dl><dl class='gallery-item'>\n\t\t\t<dt class='gallery-icon landscape'>\n\t\t\t\t<a href='http:\/\/www.denkfried.de\/wp\/?attachment_id=5829'><img loading=\"lazy\" decoding=\"async\" width=\"150\" height=\"150\" src=\"http:\/\/www.denkfried.de\/wp\/wp-content\/uploads\/2011\/05\/KGSt-Gadebusch-02-150x150.jpg\" class=\"attachment-thumbnail size-thumbnail\" alt=\"\" \/><\/a>\n\t\t\t<\/dt><\/dl><br style=\"clear: both\" \/>\n\t\t<\/div>\n\n","protected":false},"excerpt":{"rendered":"<p>&nbsp; 19205 Gadebusch Wir sind jetzt in Gadebusch und haben das Gr\u00e4berfeld f\u00fcr 90 gefallene Russen erreicht.Das Gr\u00e4berfeld vermittelt einen ungepflegten Eindruck.Die Blumenvasen auf den Einzelgr\u00e4bern fehlen. Bericht u. Bilder vom 04.03.2011 von Hubert M.<\/p>\n","protected":false},"author":2,"featured_media":0,"parent":5832,"menu_order":0,"comment_status":"closed","ping_status":"open","template":"","meta":{"footnotes":""},"class_list":["post-5826","page","type-page","status-publish","hentry"],"_links":{"self":[{"href":"http:\/\/www.denkfried.de\/wp\/index.php?rest_route=\/wp\/v2\/pages\/5826","targetHints":{"allow":["GET"]}}],"collection":[{"href":"http:\/\/www.denkfried.de\/wp\/index.php?rest_route=\/wp\/v2\/pages"}],"about":[{"href":"http:\/\/www.denkfried.de\/wp\/index.php?rest_route=\/wp\/v2\/types\/page"}],"author":[{"embeddable":true,"href":"http:\/\/www.denkfried.de\/wp\/index.php?rest_route=\/wp\/v2\/users\/2"}],"replies":[{"embeddable":true,"href":"http:\/\/www.denkfried.de\/wp\/index.php?rest_route=%2Fwp%2Fv2%2Fcomments&post=5826"}],"version-history":[{"count":3,"href":"http:\/\/www.denkfried.de\/wp\/index.php?rest_route=\/wp\/v2\/pages\/5826\/revisions"}],"predecessor-version":[{"id":5838,"href":"http:\/\/www.denkfried.de\/wp\/index.php?rest_route=\/wp\/v2\/pages\/5826\/revisions\/5838"}],"up":[{"embeddable":true,"href":"http:\/\/www.denkfried.de\/wp\/index.php?rest_route=\/wp\/v2\/pages\/5832"}],"wp:attachment":[{"href":"http:\/\/www.denkfried.de\/wp\/index.php?rest_route=%2Fwp%2Fv2%2Fmedia&parent=5826"}],"curies":[{"name":"wp","href":"https:\/\/api.w.org\/{rel}","templated":true}]}}