{"id":5787,"date":"2011-05-01T19:14:39","date_gmt":"2011-05-01T17:14:39","guid":{"rendered":"http:\/\/www.denkfried.de\/wp\/?page_id=5787"},"modified":"2012-07-07T20:47:20","modified_gmt":"2012-07-07T18:47:20","slug":"wesenberg","status":"publish","type":"page","link":"http:\/\/www.denkfried.de\/wp\/?page_id=5787","title":{"rendered":"Wesenberg"},"content":{"rendered":"<p>&nbsp;<\/p>\n<p><a rel=\"attachment wp-att-5788\" href=\"http:\/\/www.denkfried.de\/wp\/?attachment_id=5788\"><img loading=\"lazy\" decoding=\"async\" class=\"alignnone size-medium wp-image-5788\" title=\"Wesenberg\" src=\"http:\/\/www.denkfried.de\/wp\/wp-content\/uploads\/2011\/05\/Wesenberg-205x300.jpg\" alt=\"\" width=\"205\" height=\"300\" srcset=\"http:\/\/www.denkfried.de\/wp\/wp-content\/uploads\/2011\/05\/Wesenberg-205x300.jpg 205w, http:\/\/www.denkfried.de\/wp\/wp-content\/uploads\/2011\/05\/Wesenberg.jpg 498w\" sizes=\"auto, (max-width: 205px) 100vw, 205px\" \/><\/a><\/p>\n<p><strong>17255 Wesenberg<\/strong><\/p>\n<p>2 Kriegsgr\u00e4berst\u00e4tten mit 143 Toten<\/p>\n<hr \/>\n<p>Sowjetischer Ehrenfriedhof mit Grabsteinen und Obelisk in der Bahnhofstra\u00dfe<\/p>\n","protected":false},"excerpt":{"rendered":"<p>&nbsp; 17255 Wesenberg 2 Kriegsgr\u00e4berst\u00e4tten mit 143 Toten Sowjetischer Ehrenfriedhof mit Grabsteinen und Obelisk in der Bahnhofstra\u00dfe<\/p>\n","protected":false},"author":2,"featured_media":0,"parent":5717,"menu_order":0,"comment_status":"closed","ping_status":"closed","template":"","meta":{"footnotes":""},"class_list":["post-5787","page","type-page","status-publish","hentry"],"_links":{"self":[{"href":"http:\/\/www.denkfried.de\/wp\/index.php?rest_route=\/wp\/v2\/pages\/5787","targetHints":{"allow":["GET"]}}],"collection":[{"href":"http:\/\/www.denkfried.de\/wp\/index.php?rest_route=\/wp\/v2\/pages"}],"about":[{"href":"http:\/\/www.denkfried.de\/wp\/index.php?rest_route=\/wp\/v2\/types\/page"}],"author":[{"embeddable":true,"href":"http:\/\/www.denkfried.de\/wp\/index.php?rest_route=\/wp\/v2\/users\/2"}],"replies":[{"embeddable":true,"href":"http:\/\/www.denkfried.de\/wp\/index.php?rest_route=%2Fwp%2Fv2%2Fcomments&post=5787"}],"version-history":[{"count":5,"href":"http:\/\/www.denkfried.de\/wp\/index.php?rest_route=\/wp\/v2\/pages\/5787\/revisions"}],"predecessor-version":[{"id":23393,"href":"http:\/\/www.denkfried.de\/wp\/index.php?rest_route=\/wp\/v2\/pages\/5787\/revisions\/23393"}],"up":[{"embeddable":true,"href":"http:\/\/www.denkfried.de\/wp\/index.php?rest_route=\/wp\/v2\/pages\/5717"}],"wp:attachment":[{"href":"http:\/\/www.denkfried.de\/wp\/index.php?rest_route=%2Fwp%2Fv2%2Fmedia&parent=5787"}],"curies":[{"name":"wp","href":"https:\/\/api.w.org\/{rel}","templated":true}]}}