{"id":5765,"date":"2011-05-01T18:56:32","date_gmt":"2011-05-01T16:56:32","guid":{"rendered":"http:\/\/www.denkfried.de\/wp\/?page_id=5765"},"modified":"2011-05-01T18:56:32","modified_gmt":"2011-05-01T16:56:32","slug":"neustadtglewe","status":"publish","type":"page","link":"http:\/\/www.denkfried.de\/wp\/?page_id=5765","title":{"rendered":"Neustadt\/Glewe"},"content":{"rendered":"<p>&nbsp;<\/p>\n<p><strong>19306 Neustadt\/Glewe<\/strong><\/p>\n<p>2 Kriegsgr\u00e4berst\u00e4tten mit 198 Toten<\/p>\n<p>Neust\u00e4dter See-Stra\u00dfe nach W\u00f6bbelin<\/p>\n<p>Ehrenfriedhof mit Ehrenmal.<br \/>\nAuf  diesem Friedhof ruhen 53 Soldaten und Offiziere der Roten Armee, die in  der Nachkriegszeit in dem seinerzeit als Lazarett genutzten  Nachbarobjekt ihren Kriegsverletzungen erlagen.<\/p>\n<p>Reisebericht von Zirkulon am 13.07.2008<br \/>\nWir  entschlie\u00dfen uns weiter nach Neustadt Glewe zu fahren. Auch dort soll  ein Friedhof der Russen sein. In der Ortschaft angekommen probieren wir  ob wir ihn so finden. Wir landen in einem Kreisverkehr, gleich die erste  Abzweigung fahren wieder raus. Ein riesiges schlo\u00df\u00e4hnliches Geb\u00e4ude  sowie eine Burg finden wir auf Anhieb. Sehr viele uralte Fachwerkh\u00e4user  sind in Neustadt Glewe noch erhalten. Ein Paradies f\u00fcr Menschen die  solche Bauten lieben, ich z\u00e4hle mich auch dazu. Auf dieser Ecke ist er  nicht, wieder zum Kreisverkehr, abbiegen in die n\u00e4chste Stra\u00dfe. Auch  dort nichts zu finden. Wir fahren zur\u00fcck zum Kreisverkehr, kurz vorher  sehen wir eine \u00e4ltere Dame, wir stoppen und fragen nach dem  Kriegsgr\u00e4berfriedhof. Leichtes Stirnrunzeln, man sieht die  unausgesprochen Frage. Ja, dort sollen Russen beerdigt sein. Das ist  beim alten Lazarett, die Stra\u00dfe hinunter, dann kommt ein Wald, dort  rechts ab in Richtung See fahren, es ist nicht zu \u00fcbersehen. Wir  bedanken uns und fahren in die angegebene Richtung. Ich biege zu fr\u00fch  ab, erst der zweite Anlauf bringt uns zum alten Lazarett. Ein modernes,  automatisches Tor versperrt den weiteren Weg. Im Hintergrund Geb\u00e4ude die  wohl aus den drei\u00dfiger Jahren stammen, zwischenzeitlich von der  Bundeswehr genutzt und heutzutage wohl privat genutzt. Ein paar Schritte  zur\u00fcck liegt der Friedhof, sehr versteckt mitten in einem Wald. Eine,  wie ich finde, h\u00fcbsche, sehr ruhig gelegene Anlage. Allerdings die  Grabsteine und der Zaun d\u00fcrften mal geputzt werden. Schade wir haben  keinen Kanister mit Wasser dabei, auch ein Schwamm oder B\u00fcrste ist nicht  vorhanden, solche Gedanken schie\u00dfen mir in den Sinn. Ich werde das f\u00fcr  die Zukunft mit in\u00b4s Auto legen.<br \/>\nWieder wird Grabstein f\u00fcr Grabstein abgelichtet. Ich bleibe noch einen Moment stehen, nehme diesen Ort nachdenklich in mich auf.<br \/>\nBilder des russischen Friedhofes beim Lazarett N\u00e4he Neustadt &#8211; Glewe<\/p>\n<p>Zur\u00fcck  auf die Hauptstra\u00dfe, wir wollen den R\u00fcckweg antreten. Uns f\u00e4llt auf da\u00df  die ganze Umgebung scheinbar einer milit\u00e4rischen Nutzung unterzogen  war. Diverse Male sind in den W\u00e4ldern ringsum gro\u00dfe H\u00e4user und weitere  Anlagen zu erkennen. Wir fahren an der Ortschaft Hohes Feld vorbei als  unerwarteterweise auf der linken Seite eine Geb\u00e4udefront auftaucht an  der ein in Stein gehauener Soldat des 17. Jahrhunderts angebracht ist.  Auch hier stoppen wir noch kurz und nehmen ein paar Eindr\u00fccke in  Bildform mit.<br \/>\nEhemalige Kaserne N\u00e4he Hohes Feld<\/p>\n","protected":false},"excerpt":{"rendered":"<p>&nbsp; 19306 Neustadt\/Glewe 2 Kriegsgr\u00e4berst\u00e4tten mit 198 Toten Neust\u00e4dter See-Stra\u00dfe nach W\u00f6bbelin Ehrenfriedhof mit Ehrenmal. Auf diesem Friedhof ruhen 53 Soldaten und Offiziere der Roten Armee, die in der Nachkriegszeit in dem seinerzeit als Lazarett genutzten Nachbarobjekt ihren Kriegsverletzungen erlagen. &hellip; <a href=\"http:\/\/www.denkfried.de\/wp\/?page_id=5765\">Weiterlesen <span class=\"meta-nav\">&rarr;<\/span><\/a><\/p>\n","protected":false},"author":2,"featured_media":0,"parent":5755,"menu_order":0,"comment_status":"closed","ping_status":"open","template":"","meta":{"footnotes":""},"class_list":["post-5765","page","type-page","status-publish","hentry"],"_links":{"self":[{"href":"http:\/\/www.denkfried.de\/wp\/index.php?rest_route=\/wp\/v2\/pages\/5765","targetHints":{"allow":["GET"]}}],"collection":[{"href":"http:\/\/www.denkfried.de\/wp\/index.php?rest_route=\/wp\/v2\/pages"}],"about":[{"href":"http:\/\/www.denkfried.de\/wp\/index.php?rest_route=\/wp\/v2\/types\/page"}],"author":[{"embeddable":true,"href":"http:\/\/www.denkfried.de\/wp\/index.php?rest_route=\/wp\/v2\/users\/2"}],"replies":[{"embeddable":true,"href":"http:\/\/www.denkfried.de\/wp\/index.php?rest_route=%2Fwp%2Fv2%2Fcomments&post=5765"}],"version-history":[{"count":2,"href":"http:\/\/www.denkfried.de\/wp\/index.php?rest_route=\/wp\/v2\/pages\/5765\/revisions"}],"predecessor-version":[{"id":5767,"href":"http:\/\/www.denkfried.de\/wp\/index.php?rest_route=\/wp\/v2\/pages\/5765\/revisions\/5767"}],"up":[{"embeddable":true,"href":"http:\/\/www.denkfried.de\/wp\/index.php?rest_route=\/wp\/v2\/pages\/5755"}],"wp:attachment":[{"href":"http:\/\/www.denkfried.de\/wp\/index.php?rest_route=%2Fwp%2Fv2%2Fmedia&parent=5765"}],"curies":[{"name":"wp","href":"https:\/\/api.w.org\/{rel}","templated":true}]}}