{"id":5762,"date":"2011-05-01T18:55:30","date_gmt":"2011-05-01T16:55:30","guid":{"rendered":"http:\/\/www.denkfried.de\/wp\/?page_id=5762"},"modified":"2011-05-01T18:55:30","modified_gmt":"2011-05-01T16:55:30","slug":"hagenow","status":"publish","type":"page","link":"http:\/\/www.denkfried.de\/wp\/?page_id=5762","title":{"rendered":"Hagenow"},"content":{"rendered":"<p>&nbsp;<\/p>\n<p><strong>19230 Hagenow<\/strong><\/p>\n<p>3 Kriegsgr\u00e4berst\u00e4tten mit 545 Toten<\/p>\n<p>Sowjetischer Ehrenfriedhof mit Ehrenmal &#8211; Parkstra\u00dfe<br \/>\nHier wurden 125 gefallene Soldaten<\/p>\n<p>Ehrenfriedhof &#8211; Parkstra\u00dfe<br \/>\n144 Opfer des KZ W\u00f6bbelin<br \/>\nund verstorbene Zwangsarbeiter beigestzt. Dabei handelt es sich teilweise um Umbettungen aus dem Gebiet des Altkreises.<\/p>\n","protected":false},"excerpt":{"rendered":"<p>&nbsp; 19230 Hagenow 3 Kriegsgr\u00e4berst\u00e4tten mit 545 Toten Sowjetischer Ehrenfriedhof mit Ehrenmal &#8211; Parkstra\u00dfe Hier wurden 125 gefallene Soldaten Ehrenfriedhof &#8211; Parkstra\u00dfe 144 Opfer des KZ W\u00f6bbelin und verstorbene Zwangsarbeiter beigestzt. Dabei handelt es sich teilweise um Umbettungen aus dem &hellip; <a href=\"http:\/\/www.denkfried.de\/wp\/?page_id=5762\">Weiterlesen <span class=\"meta-nav\">&rarr;<\/span><\/a><\/p>\n","protected":false},"author":2,"featured_media":0,"parent":5755,"menu_order":0,"comment_status":"closed","ping_status":"open","template":"","meta":{"footnotes":""},"class_list":["post-5762","page","type-page","status-publish","hentry"],"_links":{"self":[{"href":"http:\/\/www.denkfried.de\/wp\/index.php?rest_route=\/wp\/v2\/pages\/5762","targetHints":{"allow":["GET"]}}],"collection":[{"href":"http:\/\/www.denkfried.de\/wp\/index.php?rest_route=\/wp\/v2\/pages"}],"about":[{"href":"http:\/\/www.denkfried.de\/wp\/index.php?rest_route=\/wp\/v2\/types\/page"}],"author":[{"embeddable":true,"href":"http:\/\/www.denkfried.de\/wp\/index.php?rest_route=\/wp\/v2\/users\/2"}],"replies":[{"embeddable":true,"href":"http:\/\/www.denkfried.de\/wp\/index.php?rest_route=%2Fwp%2Fv2%2Fcomments&post=5762"}],"version-history":[{"count":2,"href":"http:\/\/www.denkfried.de\/wp\/index.php?rest_route=\/wp\/v2\/pages\/5762\/revisions"}],"predecessor-version":[{"id":5764,"href":"http:\/\/www.denkfried.de\/wp\/index.php?rest_route=\/wp\/v2\/pages\/5762\/revisions\/5764"}],"up":[{"embeddable":true,"href":"http:\/\/www.denkfried.de\/wp\/index.php?rest_route=\/wp\/v2\/pages\/5755"}],"wp:attachment":[{"href":"http:\/\/www.denkfried.de\/wp\/index.php?rest_route=%2Fwp%2Fv2%2Fmedia&parent=5762"}],"curies":[{"name":"wp","href":"https:\/\/api.w.org\/{rel}","templated":true}]}}