{"id":5723,"date":"2011-05-01T18:16:03","date_gmt":"2011-05-01T16:16:03","guid":{"rendered":"http:\/\/www.denkfried.de\/wp\/?page_id=5723"},"modified":"2011-05-01T18:16:03","modified_gmt":"2011-05-01T16:16:03","slug":"malchin","status":"publish","type":"page","link":"http:\/\/www.denkfried.de\/wp\/?page_id=5723","title":{"rendered":"Malchin"},"content":{"rendered":"<p>&nbsp;<\/p>\n<p><strong>17139 Malchin<\/strong><\/p>\n<p>2 Kriegsgr\u00e4berst\u00e4tten mit 584 Toten<\/p>\n<p>Basedower Stra\u00dfe<\/p>\n<p>Ehrenfriedhof mit Ehrenmal.<br \/>\nHier  ruhen in 83 Gr\u00e4berst\u00e4tten Gefallene der Fr\u00fchjahrsk\u00e4mpfe 1945,  Angeh\u00f6rige der Sowjetarmee, die w\u00e4hrend des Truppenaufhaltes in Aus\u00fcbung  ihres Dienstes verungl\u00fcckt sind, namentlich nicht bekannte sowjetische  Kriegsgefangene und Zwangsarbeiter sowie polnische Kriegsgefangene, die  w\u00e4hrend des Krieges an Entbehrungen und Mi\u00dfhandlungen verstorben sind,  und verschleppte sowjetische Kinder.<\/p>\n","protected":false},"excerpt":{"rendered":"<p>&nbsp; 17139 Malchin 2 Kriegsgr\u00e4berst\u00e4tten mit 584 Toten Basedower Stra\u00dfe Ehrenfriedhof mit Ehrenmal. Hier ruhen in 83 Gr\u00e4berst\u00e4tten Gefallene der Fr\u00fchjahrsk\u00e4mpfe 1945, Angeh\u00f6rige der Sowjetarmee, die w\u00e4hrend des Truppenaufhaltes in Aus\u00fcbung ihres Dienstes verungl\u00fcckt sind, namentlich nicht bekannte sowjetische Kriegsgefangene &hellip; <a href=\"http:\/\/www.denkfried.de\/wp\/?page_id=5723\">Weiterlesen <span class=\"meta-nav\">&rarr;<\/span><\/a><\/p>\n","protected":false},"author":2,"featured_media":0,"parent":5717,"menu_order":0,"comment_status":"closed","ping_status":"open","template":"","meta":{"footnotes":""},"class_list":["post-5723","page","type-page","status-publish","hentry"],"_links":{"self":[{"href":"http:\/\/www.denkfried.de\/wp\/index.php?rest_route=\/wp\/v2\/pages\/5723","targetHints":{"allow":["GET"]}}],"collection":[{"href":"http:\/\/www.denkfried.de\/wp\/index.php?rest_route=\/wp\/v2\/pages"}],"about":[{"href":"http:\/\/www.denkfried.de\/wp\/index.php?rest_route=\/wp\/v2\/types\/page"}],"author":[{"embeddable":true,"href":"http:\/\/www.denkfried.de\/wp\/index.php?rest_route=\/wp\/v2\/users\/2"}],"replies":[{"embeddable":true,"href":"http:\/\/www.denkfried.de\/wp\/index.php?rest_route=%2Fwp%2Fv2%2Fcomments&post=5723"}],"version-history":[{"count":2,"href":"http:\/\/www.denkfried.de\/wp\/index.php?rest_route=\/wp\/v2\/pages\/5723\/revisions"}],"predecessor-version":[{"id":5725,"href":"http:\/\/www.denkfried.de\/wp\/index.php?rest_route=\/wp\/v2\/pages\/5723\/revisions\/5725"}],"up":[{"embeddable":true,"href":"http:\/\/www.denkfried.de\/wp\/index.php?rest_route=\/wp\/v2\/pages\/5717"}],"wp:attachment":[{"href":"http:\/\/www.denkfried.de\/wp\/index.php?rest_route=%2Fwp%2Fv2%2Fmedia&parent=5723"}],"curies":[{"name":"wp","href":"https:\/\/api.w.org\/{rel}","templated":true}]}}