{"id":5711,"date":"2011-05-01T15:23:28","date_gmt":"2011-05-01T13:23:28","guid":{"rendered":"http:\/\/www.denkfried.de\/wp\/?page_id=5711"},"modified":"2011-05-01T15:23:28","modified_gmt":"2011-05-01T13:23:28","slug":"gelbensande","status":"publish","type":"page","link":"http:\/\/www.denkfried.de\/wp\/?page_id=5711","title":{"rendered":"Gelbensande"},"content":{"rendered":"<p>&nbsp;<\/p>\n<p><strong>18182 Gelbensande<\/strong><\/p>\n<p>1 Kriegsgr\u00e4berst\u00e4tte mit 48 Toten !?<br \/>\nDeutschland\/Gelbendsande-Jagdschlo\u00df<br \/>\nDeutschland\/Gelbensande-Lazarettfriedhof<\/p>\n<p>Lazarettfriedhof  am Jagdschloss mit 53 Einzelgr\u00e4bern und Grabst\u00e4tte 5 polnischer  Zwangsarbeiterinnen auf dem kommunalen Friedhof,<\/p>\n<p>W\u00e4hrend des  Zweiten Weltkrieges wurde in Schwarzenpfost, etwa zwei Kilometer von  Gelbensande entfernt, ein Lager f\u00fcr Zwangsarbeiter errichtet, von denen  vier polnische Insassen ums Leben kamen. Ihre Gr\u00e4ber waren viele Jahre  nicht bekannt, es gab lediglich die Vermutung, dass sie am Rande des  Friedhofes bestattet wurden. Erst 2004 konnte diese Vermutung durch  Suchgrabungen best\u00e4tigt werden. Seitdem erinnert eine Gedenkst\u00e4tte auf  dem Friedhof an die Opfer der Zwangsarbeit.(Quelle wikipedia)<\/p>\n<p>Auf einer angebrachten Tafel steht folgender Text:<\/p>\n<p>Der Lazarettfriedhof am Jagdschlo\u00df Gelbensande<\/p>\n<p>In  den letzten Kriegstagen des Zweiten Weltkrieges (ab 1.Mai bis September  1945) war im Jagdschlo\u00df und anderen Geb\u00e4uden des Ortes ein aus Pommern  evakuiertes Lazarett untergebracht.<br \/>\nDie hier verstorbenen Kranken und Verwundeten geh\u00f6rten verschiedenen Nationalit\u00e4ten an.<br \/>\nNeben  Deutschen fanden hier auch Rum\u00e4nen, Polen, Italiener, Letten, Litauer,  Ukrainer und russische Wlassow-Soldaten ihre letzte Ruhest\u00e4tte.<br \/>\nNamen  und Lebensdaten der hier Bestatteten machen die Vielschichtigkeit von  Geschichte deutlich und rei\u00dfen sie aus der Anonymit\u00e4t der Millionen  Opfer.<br \/>\nDie Friedhofsanlage soll als ein Ort der Mahnung und des Gedenkens w\u00fcrdig erhalten bleiben.<\/p>\n<hr \/>\n<p>Kriegerdenkmal 1914-1918 Lindenweg 1<\/p>\n","protected":false},"excerpt":{"rendered":"<p>&nbsp; 18182 Gelbensande 1 Kriegsgr\u00e4berst\u00e4tte mit 48 Toten !? Deutschland\/Gelbendsande-Jagdschlo\u00df Deutschland\/Gelbensande-Lazarettfriedhof Lazarettfriedhof am Jagdschloss mit 53 Einzelgr\u00e4bern und Grabst\u00e4tte 5 polnischer Zwangsarbeiterinnen auf dem kommunalen Friedhof, W\u00e4hrend des Zweiten Weltkrieges wurde in Schwarzenpfost, etwa zwei Kilometer von Gelbensande entfernt, ein &hellip; <a href=\"http:\/\/www.denkfried.de\/wp\/?page_id=5711\">Weiterlesen <span class=\"meta-nav\">&rarr;<\/span><\/a><\/p>\n","protected":false},"author":2,"featured_media":0,"parent":209,"menu_order":0,"comment_status":"closed","ping_status":"open","template":"","meta":{"footnotes":""},"class_list":["post-5711","page","type-page","status-publish","hentry"],"_links":{"self":[{"href":"http:\/\/www.denkfried.de\/wp\/index.php?rest_route=\/wp\/v2\/pages\/5711","targetHints":{"allow":["GET"]}}],"collection":[{"href":"http:\/\/www.denkfried.de\/wp\/index.php?rest_route=\/wp\/v2\/pages"}],"about":[{"href":"http:\/\/www.denkfried.de\/wp\/index.php?rest_route=\/wp\/v2\/types\/page"}],"author":[{"embeddable":true,"href":"http:\/\/www.denkfried.de\/wp\/index.php?rest_route=\/wp\/v2\/users\/2"}],"replies":[{"embeddable":true,"href":"http:\/\/www.denkfried.de\/wp\/index.php?rest_route=%2Fwp%2Fv2%2Fcomments&post=5711"}],"version-history":[{"count":2,"href":"http:\/\/www.denkfried.de\/wp\/index.php?rest_route=\/wp\/v2\/pages\/5711\/revisions"}],"predecessor-version":[{"id":5713,"href":"http:\/\/www.denkfried.de\/wp\/index.php?rest_route=\/wp\/v2\/pages\/5711\/revisions\/5713"}],"up":[{"embeddable":true,"href":"http:\/\/www.denkfried.de\/wp\/index.php?rest_route=\/wp\/v2\/pages\/209"}],"wp:attachment":[{"href":"http:\/\/www.denkfried.de\/wp\/index.php?rest_route=%2Fwp%2Fv2%2Fmedia&parent=5711"}],"curies":[{"name":"wp","href":"https:\/\/api.w.org\/{rel}","templated":true}]}}