{"id":5693,"date":"2011-05-01T15:17:28","date_gmt":"2011-05-01T13:17:28","guid":{"rendered":"http:\/\/www.denkfried.de\/wp\/?page_id=5693"},"modified":"2011-05-01T15:17:28","modified_gmt":"2011-05-01T13:17:28","slug":"kuhlungsborn","status":"publish","type":"page","link":"http:\/\/www.denkfried.de\/wp\/?page_id=5693","title":{"rendered":"K\u00fchlungsborn"},"content":{"rendered":"<p>&nbsp;<\/p>\n<p><strong>18225 K\u00fchlungsborn<\/strong><\/p>\n<p>1 <strong>Kriegsgr\u00e4berst\u00e4tte<\/strong> mit 130 Toten<\/p>\n<p>&nbsp;<\/p>\n","protected":false},"excerpt":{"rendered":"<p>&nbsp; 18225 K\u00fchlungsborn 1 Kriegsgr\u00e4berst\u00e4tte mit 130 Toten &nbsp;<\/p>\n","protected":false},"author":2,"featured_media":0,"parent":209,"menu_order":0,"comment_status":"closed","ping_status":"open","template":"","meta":{"footnotes":""},"class_list":["post-5693","page","type-page","status-publish","hentry"],"_links":{"self":[{"href":"http:\/\/www.denkfried.de\/wp\/index.php?rest_route=\/wp\/v2\/pages\/5693","targetHints":{"allow":["GET"]}}],"collection":[{"href":"http:\/\/www.denkfried.de\/wp\/index.php?rest_route=\/wp\/v2\/pages"}],"about":[{"href":"http:\/\/www.denkfried.de\/wp\/index.php?rest_route=\/wp\/v2\/types\/page"}],"author":[{"embeddable":true,"href":"http:\/\/www.denkfried.de\/wp\/index.php?rest_route=\/wp\/v2\/users\/2"}],"replies":[{"embeddable":true,"href":"http:\/\/www.denkfried.de\/wp\/index.php?rest_route=%2Fwp%2Fv2%2Fcomments&post=5693"}],"version-history":[{"count":2,"href":"http:\/\/www.denkfried.de\/wp\/index.php?rest_route=\/wp\/v2\/pages\/5693\/revisions"}],"predecessor-version":[{"id":5695,"href":"http:\/\/www.denkfried.de\/wp\/index.php?rest_route=\/wp\/v2\/pages\/5693\/revisions\/5695"}],"up":[{"embeddable":true,"href":"http:\/\/www.denkfried.de\/wp\/index.php?rest_route=\/wp\/v2\/pages\/209"}],"wp:attachment":[{"href":"http:\/\/www.denkfried.de\/wp\/index.php?rest_route=%2Fwp%2Fv2%2Fmedia&parent=5693"}],"curies":[{"name":"wp","href":"https:\/\/api.w.org\/{rel}","templated":true}]}}