{"id":5675,"date":"2011-05-01T14:46:27","date_gmt":"2011-05-01T12:46:27","guid":{"rendered":"http:\/\/www.denkfried.de\/wp\/?page_id=5675"},"modified":"2011-05-01T14:46:27","modified_gmt":"2011-05-01T12:46:27","slug":"rovershagen","status":"publish","type":"page","link":"http:\/\/www.denkfried.de\/wp\/?page_id=5675","title":{"rendered":"R\u00f6vershagen"},"content":{"rendered":"<p>&nbsp;<\/p>\n<p><strong>18182 R\u00f6vershagen<\/strong><\/p>\n<p>In  R\u00f6vershagen gab es w\u00e4hrend des Zweiten Weltkrieges ein Lager f\u00fcr  Kriegsgefangene aus Frankreich und Sowjetunion. Sie wurden in der  Harzerei besch\u00e4ftigt.<\/p>\n<p>In der Oberh\u00e4ger Stra\u00dfe steht ein Gedenkstein f\u00fcr ermorderte H\u00e4ftlinge des KZ Barth.<\/p>\n","protected":false},"excerpt":{"rendered":"<p>&nbsp; 18182 R\u00f6vershagen In R\u00f6vershagen gab es w\u00e4hrend des Zweiten Weltkrieges ein Lager f\u00fcr Kriegsgefangene aus Frankreich und Sowjetunion. Sie wurden in der Harzerei besch\u00e4ftigt. In der Oberh\u00e4ger Stra\u00dfe steht ein Gedenkstein f\u00fcr ermorderte H\u00e4ftlinge des KZ Barth.<\/p>\n","protected":false},"author":2,"featured_media":0,"parent":209,"menu_order":0,"comment_status":"closed","ping_status":"open","template":"","meta":{"footnotes":""},"class_list":["post-5675","page","type-page","status-publish","hentry"],"_links":{"self":[{"href":"http:\/\/www.denkfried.de\/wp\/index.php?rest_route=\/wp\/v2\/pages\/5675","targetHints":{"allow":["GET"]}}],"collection":[{"href":"http:\/\/www.denkfried.de\/wp\/index.php?rest_route=\/wp\/v2\/pages"}],"about":[{"href":"http:\/\/www.denkfried.de\/wp\/index.php?rest_route=\/wp\/v2\/types\/page"}],"author":[{"embeddable":true,"href":"http:\/\/www.denkfried.de\/wp\/index.php?rest_route=\/wp\/v2\/users\/2"}],"replies":[{"embeddable":true,"href":"http:\/\/www.denkfried.de\/wp\/index.php?rest_route=%2Fwp%2Fv2%2Fcomments&post=5675"}],"version-history":[{"count":2,"href":"http:\/\/www.denkfried.de\/wp\/index.php?rest_route=\/wp\/v2\/pages\/5675\/revisions"}],"predecessor-version":[{"id":5677,"href":"http:\/\/www.denkfried.de\/wp\/index.php?rest_route=\/wp\/v2\/pages\/5675\/revisions\/5677"}],"up":[{"embeddable":true,"href":"http:\/\/www.denkfried.de\/wp\/index.php?rest_route=\/wp\/v2\/pages\/209"}],"wp:attachment":[{"href":"http:\/\/www.denkfried.de\/wp\/index.php?rest_route=%2Fwp%2Fv2%2Fmedia&parent=5675"}],"curies":[{"name":"wp","href":"https:\/\/api.w.org\/{rel}","templated":true}]}}