{"id":5659,"date":"2011-05-01T14:30:22","date_gmt":"2011-05-01T12:30:22","guid":{"rendered":"http:\/\/www.denkfried.de\/wp\/?page_id=5659"},"modified":"2016-11-22T14:15:10","modified_gmt":"2016-11-22T13:15:10","slug":"werneuchen-weesow","status":"publish","type":"page","link":"http:\/\/www.denkfried.de\/wp\/?page_id=5659","title":{"rendered":"&#8211; Weesow"},"content":{"rendered":"<p>&nbsp;<\/p>\n<p><strong>16356 Werneuchen-OT Weesow<\/strong><\/p>\n<p>Nach dem Zweiten Weltkrieg bis August 1945 befand sich hier das sowjetische Speziallager Nr.7 (Internierungslager).<\/p>\n<p>Gedenkst\u00e4tte f\u00fcr das Internierungslager<br \/>\nIn Weesow gibt es 1 Kriegsgr\u00e4berst\u00e4tte mit ca.800 Toten.<br \/>\nDas Internierungslager NKWD bestand von Juni bis August 1945. Eingesperrt waren hier etwa 6000 Menschen. Vermutet wird das hier zwischen 800 und 1.500\u00a0 Menschen verstarben.<\/p>\n<hr \/>\n<p><strong>DENKMAL<\/strong><br \/>\nauf dem Friedhof<\/p>\n<p>hinter dem Kriegerdenkmal ein Tafel mit der Inschrift<br \/>\nHier ruhen 12 unbekannte Soldaten<\/p>\n","protected":false},"excerpt":{"rendered":"<p>&nbsp; 16356 Werneuchen-OT Weesow Nach dem Zweiten Weltkrieg bis August 1945 befand sich hier das sowjetische Speziallager Nr.7 (Internierungslager). Gedenkst\u00e4tte f\u00fcr das Internierungslager In Weesow gibt es 1 Kriegsgr\u00e4berst\u00e4tte mit ca.800 Toten. Das Internierungslager NKWD bestand von Juni bis August &hellip; <a href=\"http:\/\/www.denkfried.de\/wp\/?page_id=5659\">Weiterlesen <span class=\"meta-nav\">&rarr;<\/span><\/a><\/p>\n","protected":false},"author":2,"featured_media":0,"parent":5647,"menu_order":0,"comment_status":"closed","ping_status":"open","template":"","meta":{"footnotes":""},"class_list":["post-5659","page","type-page","status-publish","hentry"],"_links":{"self":[{"href":"http:\/\/www.denkfried.de\/wp\/index.php?rest_route=\/wp\/v2\/pages\/5659","targetHints":{"allow":["GET"]}}],"collection":[{"href":"http:\/\/www.denkfried.de\/wp\/index.php?rest_route=\/wp\/v2\/pages"}],"about":[{"href":"http:\/\/www.denkfried.de\/wp\/index.php?rest_route=\/wp\/v2\/types\/page"}],"author":[{"embeddable":true,"href":"http:\/\/www.denkfried.de\/wp\/index.php?rest_route=\/wp\/v2\/users\/2"}],"replies":[{"embeddable":true,"href":"http:\/\/www.denkfried.de\/wp\/index.php?rest_route=%2Fwp%2Fv2%2Fcomments&post=5659"}],"version-history":[{"count":3,"href":"http:\/\/www.denkfried.de\/wp\/index.php?rest_route=\/wp\/v2\/pages\/5659\/revisions"}],"predecessor-version":[{"id":40958,"href":"http:\/\/www.denkfried.de\/wp\/index.php?rest_route=\/wp\/v2\/pages\/5659\/revisions\/40958"}],"up":[{"embeddable":true,"href":"http:\/\/www.denkfried.de\/wp\/index.php?rest_route=\/wp\/v2\/pages\/5647"}],"wp:attachment":[{"href":"http:\/\/www.denkfried.de\/wp\/index.php?rest_route=%2Fwp%2Fv2%2Fmedia&parent=5659"}],"curies":[{"name":"wp","href":"https:\/\/api.w.org\/{rel}","templated":true}]}}