{"id":5647,"date":"2011-05-01T14:26:18","date_gmt":"2011-05-01T12:26:18","guid":{"rendered":"http:\/\/www.denkfried.de\/wp\/?page_id=5647"},"modified":"2016-06-21T22:12:11","modified_gmt":"2016-06-21T20:12:11","slug":"werneuchen","status":"publish","type":"page","link":"http:\/\/www.denkfried.de\/wp\/?page_id=5647","title":{"rendered":"Werneuchen"},"content":{"rendered":"<p><a href=\"http:\/\/www.denkfried.de\/wp\/?attachment_id=40829\" rel=\"attachment wp-att-40829\"><img loading=\"lazy\" decoding=\"async\" class=\"wp-image-40829 alignleft\" src=\"http:\/\/www.denkfried.de\/wp\/wp-content\/uploads\/2011\/05\/Wappen-Werneuchen.jpg\" alt=\"Wappen-Werneuchen\" width=\"78\" height=\"87\" \/><\/a><\/p>\n<p><strong>16356 Werneuchen<\/strong><\/p>\n<p>&nbsp;<\/p>\n<p><strong>Ortsteile:<\/strong><br \/>\nHirschfelde<br \/>\nKrummensee<br \/>\nSeefeld<br \/>\nWeesow<\/p>\n<hr \/>\n<p>Werneuchen liegt \u00f6stlich von Berlin.<br \/>\nAb 1937 wird Werneuchen ein bedeutender Ort. Hier befindet sich ein Fliegerhorst der Deutschen Luftwaffe (Jagdfliegerschule 1).<br \/>\nNach dem Zweiten Weltkrieg wird Werneuchen Garnisionsstadt der Sowjetarmee. Der Flugplatz wird als Milit\u00e4tflugplatz erheblich ausgebaut. Bis zum Abzug der Truppen 1993 waren hier ein Jagdbombenregiment der 16.Luftarmee stationiert.<\/p>\n<p>Ehrenmal f\u00fcr die Helden des antifaschistischen Widerstandskampfes, Parkstra\u00dfe\/Bahnhofstra\u00dfe<br \/>\nKriegerdenkmal, Landsberger Stra\u00dfe<\/p>\n<p>Zu Werneuchen liegen im Moment keine Daten \u00fcber Kriegsgr\u00e4berst\u00e4tten vor.<\/p>\n","protected":false},"excerpt":{"rendered":"<p>16356 Werneuchen &nbsp; Ortsteile: Hirschfelde Krummensee Seefeld Weesow Werneuchen liegt \u00f6stlich von Berlin. Ab 1937 wird Werneuchen ein bedeutender Ort. Hier befindet sich ein Fliegerhorst der Deutschen Luftwaffe (Jagdfliegerschule 1). Nach dem Zweiten Weltkrieg wird Werneuchen Garnisionsstadt der Sowjetarmee. Der &hellip; <a href=\"http:\/\/www.denkfried.de\/wp\/?page_id=5647\">Weiterlesen <span class=\"meta-nav\">&rarr;<\/span><\/a><\/p>\n","protected":false},"author":2,"featured_media":0,"parent":4625,"menu_order":0,"comment_status":"closed","ping_status":"open","template":"","meta":{"footnotes":""},"class_list":["post-5647","page","type-page","status-publish","hentry"],"_links":{"self":[{"href":"http:\/\/www.denkfried.de\/wp\/index.php?rest_route=\/wp\/v2\/pages\/5647","targetHints":{"allow":["GET"]}}],"collection":[{"href":"http:\/\/www.denkfried.de\/wp\/index.php?rest_route=\/wp\/v2\/pages"}],"about":[{"href":"http:\/\/www.denkfried.de\/wp\/index.php?rest_route=\/wp\/v2\/types\/page"}],"author":[{"embeddable":true,"href":"http:\/\/www.denkfried.de\/wp\/index.php?rest_route=\/wp\/v2\/users\/2"}],"replies":[{"embeddable":true,"href":"http:\/\/www.denkfried.de\/wp\/index.php?rest_route=%2Fwp%2Fv2%2Fcomments&post=5647"}],"version-history":[{"count":3,"href":"http:\/\/www.denkfried.de\/wp\/index.php?rest_route=\/wp\/v2\/pages\/5647\/revisions"}],"predecessor-version":[{"id":40830,"href":"http:\/\/www.denkfried.de\/wp\/index.php?rest_route=\/wp\/v2\/pages\/5647\/revisions\/40830"}],"up":[{"embeddable":true,"href":"http:\/\/www.denkfried.de\/wp\/index.php?rest_route=\/wp\/v2\/pages\/4625"}],"wp:attachment":[{"href":"http:\/\/www.denkfried.de\/wp\/index.php?rest_route=%2Fwp%2Fv2%2Fmedia&parent=5647"}],"curies":[{"name":"wp","href":"https:\/\/api.w.org\/{rel}","templated":true}]}}