{"id":5635,"date":"2011-05-01T14:21:10","date_gmt":"2011-05-01T12:21:10","guid":{"rendered":"http:\/\/www.denkfried.de\/wp\/?page_id=5635"},"modified":"2011-05-01T14:21:10","modified_gmt":"2011-05-01T12:21:10","slug":"parsteinsee-ludersdorf","status":"publish","type":"page","link":"http:\/\/www.denkfried.de\/wp\/?page_id=5635","title":{"rendered":"Parsteinsee-L\u00fcdersdorf"},"content":{"rendered":"<p>&nbsp;<\/p>\n<p><strong>16248 Parsteinsee-L\u00fcdersdorf<\/strong><\/p>\n<p>Die Gemeinde Parsteinsee, Ortsteil L\u00fcdersdorf.<\/p>\n<p>Kriegsgr\u00e4berst\u00e4tte in L\u00fcdersdorf<br \/>\nBegr\u00e4bnisst\u00e4tte der Roten Armee auf dem Friedhof.<\/p>\n<p>&nbsp;<\/p>\n","protected":false},"excerpt":{"rendered":"<p>&nbsp; 16248 Parsteinsee-L\u00fcdersdorf Die Gemeinde Parsteinsee, Ortsteil L\u00fcdersdorf. Kriegsgr\u00e4berst\u00e4tte in L\u00fcdersdorf Begr\u00e4bnisst\u00e4tte der Roten Armee auf dem Friedhof. &nbsp;<\/p>\n","protected":false},"author":2,"featured_media":0,"parent":4625,"menu_order":0,"comment_status":"closed","ping_status":"open","template":"","meta":{"footnotes":""},"class_list":["post-5635","page","type-page","status-publish","hentry"],"_links":{"self":[{"href":"http:\/\/www.denkfried.de\/wp\/index.php?rest_route=\/wp\/v2\/pages\/5635","targetHints":{"allow":["GET"]}}],"collection":[{"href":"http:\/\/www.denkfried.de\/wp\/index.php?rest_route=\/wp\/v2\/pages"}],"about":[{"href":"http:\/\/www.denkfried.de\/wp\/index.php?rest_route=\/wp\/v2\/types\/page"}],"author":[{"embeddable":true,"href":"http:\/\/www.denkfried.de\/wp\/index.php?rest_route=\/wp\/v2\/users\/2"}],"replies":[{"embeddable":true,"href":"http:\/\/www.denkfried.de\/wp\/index.php?rest_route=%2Fwp%2Fv2%2Fcomments&post=5635"}],"version-history":[{"count":2,"href":"http:\/\/www.denkfried.de\/wp\/index.php?rest_route=\/wp\/v2\/pages\/5635\/revisions"}],"predecessor-version":[{"id":5637,"href":"http:\/\/www.denkfried.de\/wp\/index.php?rest_route=\/wp\/v2\/pages\/5635\/revisions\/5637"}],"up":[{"embeddable":true,"href":"http:\/\/www.denkfried.de\/wp\/index.php?rest_route=\/wp\/v2\/pages\/4625"}],"wp:attachment":[{"href":"http:\/\/www.denkfried.de\/wp\/index.php?rest_route=%2Fwp%2Fv2%2Fmedia&parent=5635"}],"curies":[{"name":"wp","href":"https:\/\/api.w.org\/{rel}","templated":true}]}}