{"id":5628,"date":"2011-05-01T01:36:05","date_gmt":"2011-04-30T23:36:05","guid":{"rendered":"http:\/\/www.denkfried.de\/wp\/?page_id=5628"},"modified":"2016-06-21T22:00:49","modified_gmt":"2016-06-21T20:00:49","slug":"joachimsthal","status":"publish","type":"page","link":"http:\/\/www.denkfried.de\/wp\/?page_id=5628","title":{"rendered":"Joachimsthal"},"content":{"rendered":"<p><a href=\"http:\/\/www.denkfried.de\/wp\/?attachment_id=40814\" rel=\"attachment wp-att-40814\"><img loading=\"lazy\" decoding=\"async\" class=\"wp-image-40814 alignleft\" src=\"http:\/\/www.denkfried.de\/wp\/wp-content\/uploads\/2011\/05\/Wappen-Joachimsthal.png\" alt=\"Wappen- Joachimsthal\" width=\"100\" height=\"112\" \/><\/a><\/p>\n<div id=\"msg_1507\">\n<p><strong>16247 Joachimsthal (Schorfheide)<\/strong><\/p>\n<p>Joachimsthal ist eine Kleinstadt am nord\u00f6stlichen Rand der Schorfheide.<\/p>\n<p>Am 18.07.2007 wurden die ersten Stolperstein zum Gedenken an die j\u00fcdische Familie Chaim in der Schulstra\u00dfe verlegt.<br \/>\nHelmut Chaim, geboren 1872 wurde 1942 nach Theresienstadt deportiert und stirbt am 17.Mai 1944.<br \/>\nRegina Chaim, geborene Beermann, Jahrgang 1877 wurde ebenfalls 1942 nach Theresienstadt deportiert und hat \u00fcberlebt. Das Schicksal des Sohnes ist weiterhin ungekl\u00e4rt.<\/p>\n<p>J\u00fcdischer Friedhof: er\u00f6ffnet 1750, liegt zwischen altem und neuen st\u00e4dtischen Friedhof an der Zorndorfer Stra\u00dfe<\/p>\n<p>Ehrenmal f\u00fcr die Opfer des Faschismus: Einweihung 1953, Standort ist die T\u00f6pferstra\u00dfe<\/p>\n<hr \/>\n<\/div>\n<div id=\"msg_1507\"><strong>DENKMAL<\/strong><\/div>\n<div><strong><br \/>\n<\/strong><\/div>\n","protected":false},"excerpt":{"rendered":"<p>16247 Joachimsthal (Schorfheide) Joachimsthal ist eine Kleinstadt am nord\u00f6stlichen Rand der Schorfheide. Am 18.07.2007 wurden die ersten Stolperstein zum Gedenken an die j\u00fcdische Familie Chaim in der Schulstra\u00dfe verlegt. Helmut Chaim, geboren 1872 wurde 1942 nach Theresienstadt deportiert und stirbt &hellip; <a href=\"http:\/\/www.denkfried.de\/wp\/?page_id=5628\">Weiterlesen <span class=\"meta-nav\">&rarr;<\/span><\/a><\/p>\n","protected":false},"author":2,"featured_media":0,"parent":4625,"menu_order":0,"comment_status":"closed","ping_status":"open","template":"","meta":{"footnotes":""},"class_list":["post-5628","page","type-page","status-publish","hentry"],"_links":{"self":[{"href":"http:\/\/www.denkfried.de\/wp\/index.php?rest_route=\/wp\/v2\/pages\/5628","targetHints":{"allow":["GET"]}}],"collection":[{"href":"http:\/\/www.denkfried.de\/wp\/index.php?rest_route=\/wp\/v2\/pages"}],"about":[{"href":"http:\/\/www.denkfried.de\/wp\/index.php?rest_route=\/wp\/v2\/types\/page"}],"author":[{"embeddable":true,"href":"http:\/\/www.denkfried.de\/wp\/index.php?rest_route=\/wp\/v2\/users\/2"}],"replies":[{"embeddable":true,"href":"http:\/\/www.denkfried.de\/wp\/index.php?rest_route=%2Fwp%2Fv2%2Fcomments&post=5628"}],"version-history":[{"count":4,"href":"http:\/\/www.denkfried.de\/wp\/index.php?rest_route=\/wp\/v2\/pages\/5628\/revisions"}],"predecessor-version":[{"id":40816,"href":"http:\/\/www.denkfried.de\/wp\/index.php?rest_route=\/wp\/v2\/pages\/5628\/revisions\/40816"}],"up":[{"embeddable":true,"href":"http:\/\/www.denkfried.de\/wp\/index.php?rest_route=\/wp\/v2\/pages\/4625"}],"wp:attachment":[{"href":"http:\/\/www.denkfried.de\/wp\/index.php?rest_route=%2Fwp%2Fv2%2Fmedia&parent=5628"}],"curies":[{"name":"wp","href":"https:\/\/api.w.org\/{rel}","templated":true}]}}