{"id":5622,"date":"2011-05-01T01:33:56","date_gmt":"2011-04-30T23:33:56","guid":{"rendered":"http:\/\/www.denkfried.de\/wp\/?page_id=5622"},"modified":"2011-05-01T01:33:56","modified_gmt":"2011-04-30T23:33:56","slug":"hohenfinow","status":"publish","type":"page","link":"http:\/\/www.denkfried.de\/wp\/?page_id=5622","title":{"rendered":"Hohenfinow"},"content":{"rendered":"<p>&nbsp;<\/p>\n<p><strong>16248 Hohenfinow<\/strong><\/p>\n<p>Der Ort liegt ca.8 km \u00f6stlich von Eberswalde an der B 167.<br \/>\nIm  ausgedehnten Waldgebiet um den Ort befand sich ehemalige  Artilleriekaserne der Wehrmacht. Diese Bauten wurden sp\u00e4ter von der  Sowjetarmee genutzt.<br \/>\nW\u00e4hrend des Krieges waren 17 Zwangsarbeiter aus Polen, der Ukraine und Italien in der Landwirtschaft besch\u00e4ftigt.<br \/>\nAuf dem ehemaligen Rittergut war die Wehrmacht stationiert. Die Rote Armee erreichte den Ort am 20.April 1945.<br \/>\nNach  Ende des Krieges war der Ort von heimkehrenden Bauern und Fl\u00fcchtlingen  aus Pommern \u00fcberv\u00f6lkert. Ein Befehl der sowjetischen Kommandantur  zufolge mu\u00dften die Dorfbewohner alle Toten, deutsche und russische,  bergen und auf dem Friedhof in einem Gemeinschaftsgrab bestatten.<\/p>\n<hr \/>\n<p><strong>Kriegsgr\u00e4berst\u00e4tte<\/strong> auf dem Gemeindefriedhof<br \/>\nLehner, Gottfried<br \/>\nSchumann, Erich<\/p>\n<p>&nbsp;<\/p>\n","protected":false},"excerpt":{"rendered":"<p>&nbsp; 16248 Hohenfinow Der Ort liegt ca.8 km \u00f6stlich von Eberswalde an der B 167. Im ausgedehnten Waldgebiet um den Ort befand sich ehemalige Artilleriekaserne der Wehrmacht. Diese Bauten wurden sp\u00e4ter von der Sowjetarmee genutzt. W\u00e4hrend des Krieges waren 17 &hellip; <a href=\"http:\/\/www.denkfried.de\/wp\/?page_id=5622\">Weiterlesen <span class=\"meta-nav\">&rarr;<\/span><\/a><\/p>\n","protected":false},"author":2,"featured_media":0,"parent":4625,"menu_order":0,"comment_status":"closed","ping_status":"open","template":"","meta":{"footnotes":""},"class_list":["post-5622","page","type-page","status-publish","hentry"],"_links":{"self":[{"href":"http:\/\/www.denkfried.de\/wp\/index.php?rest_route=\/wp\/v2\/pages\/5622","targetHints":{"allow":["GET"]}}],"collection":[{"href":"http:\/\/www.denkfried.de\/wp\/index.php?rest_route=\/wp\/v2\/pages"}],"about":[{"href":"http:\/\/www.denkfried.de\/wp\/index.php?rest_route=\/wp\/v2\/types\/page"}],"author":[{"embeddable":true,"href":"http:\/\/www.denkfried.de\/wp\/index.php?rest_route=\/wp\/v2\/users\/2"}],"replies":[{"embeddable":true,"href":"http:\/\/www.denkfried.de\/wp\/index.php?rest_route=%2Fwp%2Fv2%2Fcomments&post=5622"}],"version-history":[{"count":2,"href":"http:\/\/www.denkfried.de\/wp\/index.php?rest_route=\/wp\/v2\/pages\/5622\/revisions"}],"predecessor-version":[{"id":5624,"href":"http:\/\/www.denkfried.de\/wp\/index.php?rest_route=\/wp\/v2\/pages\/5622\/revisions\/5624"}],"up":[{"embeddable":true,"href":"http:\/\/www.denkfried.de\/wp\/index.php?rest_route=\/wp\/v2\/pages\/4625"}],"wp:attachment":[{"href":"http:\/\/www.denkfried.de\/wp\/index.php?rest_route=%2Fwp%2Fv2%2Fmedia&parent=5622"}],"curies":[{"name":"wp","href":"https:\/\/api.w.org\/{rel}","templated":true}]}}