{"id":5619,"date":"2011-05-01T01:32:42","date_gmt":"2011-04-30T23:32:42","guid":{"rendered":"http:\/\/www.denkfried.de\/wp\/?page_id=5619"},"modified":"2016-06-21T21:59:27","modified_gmt":"2016-06-21T19:59:27","slug":"friedrichswalde","status":"publish","type":"page","link":"http:\/\/www.denkfried.de\/wp\/?page_id=5619","title":{"rendered":"Friedrichswalde"},"content":{"rendered":"<p><a href=\"http:\/\/www.denkfried.de\/wp\/?attachment_id=40812\" rel=\"attachment wp-att-40812\"><img loading=\"lazy\" decoding=\"async\" class=\"wp-image-40812 alignleft\" src=\"http:\/\/www.denkfried.de\/wp\/wp-content\/uploads\/2011\/05\/Wappen-Friedrichswalde.png\" alt=\"Wappen-Friedrichswalde\" width=\"92\" height=\"103\" \/><\/a><\/p>\n<p><strong>16247 Friedrichswalde<\/strong><\/p>\n<p>Der Ort liegt liegt am n\u00f6rdlichen Rand der Schorfheide im Biosph\u00e4renreservat Schorfheide-Chorin und geh\u00f6rt zum Amt Joachimsthal\/Schorfheide. Friedrichswalde wurde 1746 gegr\u00fcndet.<\/p>\n<p>1940 nahm in Friedrichswalde die erste und einzige Holzschuhfabrik in Deutschland ihre Arbeit auf. Mit Hilfe franz\u00f6sischen Zwangsarbeitern wurden bis Ende des Zweiten Weltkrieges 300.000 Paar Holzschuhe hergestellt.<\/p>\n<hr \/>\n<p><strong>DENKMAL<\/strong><\/p>\n<p><strong><br \/>\n<\/strong><\/p>\n","protected":false},"excerpt":{"rendered":"<p>16247 Friedrichswalde Der Ort liegt liegt am n\u00f6rdlichen Rand der Schorfheide im Biosph\u00e4renreservat Schorfheide-Chorin und geh\u00f6rt zum Amt Joachimsthal\/Schorfheide. Friedrichswalde wurde 1746 gegr\u00fcndet. 1940 nahm in Friedrichswalde die erste und einzige Holzschuhfabrik in Deutschland ihre Arbeit auf. Mit Hilfe franz\u00f6sischen &hellip; <a href=\"http:\/\/www.denkfried.de\/wp\/?page_id=5619\">Weiterlesen <span class=\"meta-nav\">&rarr;<\/span><\/a><\/p>\n","protected":false},"author":2,"featured_media":0,"parent":4625,"menu_order":0,"comment_status":"closed","ping_status":"open","template":"","meta":{"footnotes":""},"class_list":["post-5619","page","type-page","status-publish","hentry"],"_links":{"self":[{"href":"http:\/\/www.denkfried.de\/wp\/index.php?rest_route=\/wp\/v2\/pages\/5619","targetHints":{"allow":["GET"]}}],"collection":[{"href":"http:\/\/www.denkfried.de\/wp\/index.php?rest_route=\/wp\/v2\/pages"}],"about":[{"href":"http:\/\/www.denkfried.de\/wp\/index.php?rest_route=\/wp\/v2\/types\/page"}],"author":[{"embeddable":true,"href":"http:\/\/www.denkfried.de\/wp\/index.php?rest_route=\/wp\/v2\/users\/2"}],"replies":[{"embeddable":true,"href":"http:\/\/www.denkfried.de\/wp\/index.php?rest_route=%2Fwp%2Fv2%2Fcomments&post=5619"}],"version-history":[{"count":3,"href":"http:\/\/www.denkfried.de\/wp\/index.php?rest_route=\/wp\/v2\/pages\/5619\/revisions"}],"predecessor-version":[{"id":40813,"href":"http:\/\/www.denkfried.de\/wp\/index.php?rest_route=\/wp\/v2\/pages\/5619\/revisions\/40813"}],"up":[{"embeddable":true,"href":"http:\/\/www.denkfried.de\/wp\/index.php?rest_route=\/wp\/v2\/pages\/4625"}],"wp:attachment":[{"href":"http:\/\/www.denkfried.de\/wp\/index.php?rest_route=%2Fwp%2Fv2%2Fmedia&parent=5619"}],"curies":[{"name":"wp","href":"https:\/\/api.w.org\/{rel}","templated":true}]}}