{"id":5596,"date":"2011-05-01T01:21:10","date_gmt":"2011-04-30T23:21:10","guid":{"rendered":"http:\/\/www.denkfried.de\/wp\/?page_id=5596"},"modified":"2016-06-21T21:33:51","modified_gmt":"2016-06-21T19:33:51","slug":"biesenthal","status":"publish","type":"page","link":"http:\/\/www.denkfried.de\/wp\/?page_id=5596","title":{"rendered":"Biesenthal"},"content":{"rendered":"<p><a href=\"http:\/\/www.denkfried.de\/wp\/?attachment_id=40806\" rel=\"attachment wp-att-40806\"><img loading=\"lazy\" decoding=\"async\" class=\" wp-image-40806 alignleft\" src=\"http:\/\/www.denkfried.de\/wp\/wp-content\/uploads\/2011\/05\/Wappen-Biesenthal.png\" alt=\"Wappen Biesenthal\" width=\"99\" height=\"119\" \/><\/a><\/p>\n<p>&nbsp;<\/p>\n<p><strong>16359 Biesenthal<\/strong><\/p>\n<p>&nbsp;<\/p>\n<p>Kommunaler Friedhof, Berliner Stra\u00dfe<br \/>\nKathol.Kirche\u00a0 St.Marien, Bahnhofstra\u00dfe 162<br \/>\nJ\u00fcdischer Friedhof,\u00a0 Berliner Chausee\/Kirchhofsweg<br \/>\nKriegerdenkmal<\/p>\n<p>In der Zeit von 1939-1945 befanden sich in der Stadt mehrere Kriegsgefangenenlager, in denen Polen, Serben und Sowjetb\u00fcrger inhaftiert waren. Au\u00dferdem befand sich hier eine Au\u00dfenstelle des KZ Sachsenhausen.<br \/>\nNach der Besetzung 1945 durch die Rote Armee wurden weitere Archivalien aus dem Rathaus vernichtet.<\/p>\n","protected":false},"excerpt":{"rendered":"<p>&nbsp; 16359 Biesenthal &nbsp; Kommunaler Friedhof, Berliner Stra\u00dfe Kathol.Kirche\u00a0 St.Marien, Bahnhofstra\u00dfe 162 J\u00fcdischer Friedhof,\u00a0 Berliner Chausee\/Kirchhofsweg Kriegerdenkmal In der Zeit von 1939-1945 befanden sich in der Stadt mehrere Kriegsgefangenenlager, in denen Polen, Serben und Sowjetb\u00fcrger inhaftiert waren. Au\u00dferdem befand sich &hellip; <a href=\"http:\/\/www.denkfried.de\/wp\/?page_id=5596\">Weiterlesen <span class=\"meta-nav\">&rarr;<\/span><\/a><\/p>\n","protected":false},"author":2,"featured_media":0,"parent":4625,"menu_order":0,"comment_status":"closed","ping_status":"open","template":"","meta":{"footnotes":""},"class_list":["post-5596","page","type-page","status-publish","hentry"],"_links":{"self":[{"href":"http:\/\/www.denkfried.de\/wp\/index.php?rest_route=\/wp\/v2\/pages\/5596","targetHints":{"allow":["GET"]}}],"collection":[{"href":"http:\/\/www.denkfried.de\/wp\/index.php?rest_route=\/wp\/v2\/pages"}],"about":[{"href":"http:\/\/www.denkfried.de\/wp\/index.php?rest_route=\/wp\/v2\/types\/page"}],"author":[{"embeddable":true,"href":"http:\/\/www.denkfried.de\/wp\/index.php?rest_route=\/wp\/v2\/users\/2"}],"replies":[{"embeddable":true,"href":"http:\/\/www.denkfried.de\/wp\/index.php?rest_route=%2Fwp%2Fv2%2Fcomments&post=5596"}],"version-history":[{"count":3,"href":"http:\/\/www.denkfried.de\/wp\/index.php?rest_route=\/wp\/v2\/pages\/5596\/revisions"}],"predecessor-version":[{"id":40807,"href":"http:\/\/www.denkfried.de\/wp\/index.php?rest_route=\/wp\/v2\/pages\/5596\/revisions\/40807"}],"up":[{"embeddable":true,"href":"http:\/\/www.denkfried.de\/wp\/index.php?rest_route=\/wp\/v2\/pages\/4625"}],"wp:attachment":[{"href":"http:\/\/www.denkfried.de\/wp\/index.php?rest_route=%2Fwp%2Fv2%2Fmedia&parent=5596"}],"curies":[{"name":"wp","href":"https:\/\/api.w.org\/{rel}","templated":true}]}}