{"id":5544,"date":"2011-04-30T18:51:13","date_gmt":"2011-04-30T16:51:13","guid":{"rendered":"http:\/\/www.denkfried.de\/wp\/?page_id=5544"},"modified":"2011-04-30T18:51:13","modified_gmt":"2011-04-30T16:51:13","slug":"munchehofe","status":"publish","type":"page","link":"http:\/\/www.denkfried.de\/wp\/?page_id=5544","title":{"rendered":"M\u00fcnchehofe"},"content":{"rendered":"<p>&nbsp;<\/p>\n<p><strong>15748 M\u00fcnchehofe<\/strong><\/p>\n<p>Die Gemeinde liegt am \u00f6stlichen Rand des Landkreises.<\/p>\n<p>1 Kriegsgr\u00e4berst\u00e4tte mit 145 Toten<\/p>\n<p>&nbsp;<\/p>\n","protected":false},"excerpt":{"rendered":"<p>&nbsp; 15748 M\u00fcnchehofe Die Gemeinde liegt am \u00f6stlichen Rand des Landkreises. 1 Kriegsgr\u00e4berst\u00e4tte mit 145 Toten &nbsp;<\/p>\n","protected":false},"author":2,"featured_media":0,"parent":5431,"menu_order":0,"comment_status":"closed","ping_status":"open","template":"","meta":{"footnotes":""},"class_list":["post-5544","page","type-page","status-publish","hentry"],"_links":{"self":[{"href":"http:\/\/www.denkfried.de\/wp\/index.php?rest_route=\/wp\/v2\/pages\/5544","targetHints":{"allow":["GET"]}}],"collection":[{"href":"http:\/\/www.denkfried.de\/wp\/index.php?rest_route=\/wp\/v2\/pages"}],"about":[{"href":"http:\/\/www.denkfried.de\/wp\/index.php?rest_route=\/wp\/v2\/types\/page"}],"author":[{"embeddable":true,"href":"http:\/\/www.denkfried.de\/wp\/index.php?rest_route=\/wp\/v2\/users\/2"}],"replies":[{"embeddable":true,"href":"http:\/\/www.denkfried.de\/wp\/index.php?rest_route=%2Fwp%2Fv2%2Fcomments&post=5544"}],"version-history":[{"count":2,"href":"http:\/\/www.denkfried.de\/wp\/index.php?rest_route=\/wp\/v2\/pages\/5544\/revisions"}],"predecessor-version":[{"id":5546,"href":"http:\/\/www.denkfried.de\/wp\/index.php?rest_route=\/wp\/v2\/pages\/5544\/revisions\/5546"}],"up":[{"embeddable":true,"href":"http:\/\/www.denkfried.de\/wp\/index.php?rest_route=\/wp\/v2\/pages\/5431"}],"wp:attachment":[{"href":"http:\/\/www.denkfried.de\/wp\/index.php?rest_route=%2Fwp%2Fv2%2Fmedia&parent=5544"}],"curies":[{"name":"wp","href":"https:\/\/api.w.org\/{rel}","templated":true}]}}