{"id":5535,"date":"2011-04-30T18:46:50","date_gmt":"2011-04-30T16:46:50","guid":{"rendered":"http:\/\/www.denkfried.de\/wp\/?page_id=5535"},"modified":"2011-04-30T18:46:50","modified_gmt":"2011-04-30T16:46:50","slug":"markische-heide-krugau","status":"publish","type":"page","link":"http:\/\/www.denkfried.de\/wp\/?page_id=5535","title":{"rendered":"M\u00e4rkische Heide-Krugau"},"content":{"rendered":"<p>&nbsp;<\/p>\n<p><strong>15913 M\u00e4rkische Heide &#8211; OT Krugau<\/strong><\/p>\n<p><strong>Kriegsgr\u00e4berst\u00e4tte<\/strong><br \/>\nauf  dem Friedhof, Sowjetisches Ehrenmal von 1946, f\u00fcr 42 umgekommene  Frauen, M\u00e4nner und Kinder die w\u00e4hrend des Zweiten Weltkrieges in einer  R\u00fcstungsfabrik Zwangsarbeit leisten mussten.<\/p>\n<p>&nbsp;<\/p>\n","protected":false},"excerpt":{"rendered":"<p>&nbsp; 15913 M\u00e4rkische Heide &#8211; OT Krugau Kriegsgr\u00e4berst\u00e4tte auf dem Friedhof, Sowjetisches Ehrenmal von 1946, f\u00fcr 42 umgekommene Frauen, M\u00e4nner und Kinder die w\u00e4hrend des Zweiten Weltkrieges in einer R\u00fcstungsfabrik Zwangsarbeit leisten mussten. &nbsp;<\/p>\n","protected":false},"author":2,"featured_media":0,"parent":5529,"menu_order":0,"comment_status":"closed","ping_status":"open","template":"","meta":{"footnotes":""},"class_list":["post-5535","page","type-page","status-publish","hentry"],"_links":{"self":[{"href":"http:\/\/www.denkfried.de\/wp\/index.php?rest_route=\/wp\/v2\/pages\/5535","targetHints":{"allow":["GET"]}}],"collection":[{"href":"http:\/\/www.denkfried.de\/wp\/index.php?rest_route=\/wp\/v2\/pages"}],"about":[{"href":"http:\/\/www.denkfried.de\/wp\/index.php?rest_route=\/wp\/v2\/types\/page"}],"author":[{"embeddable":true,"href":"http:\/\/www.denkfried.de\/wp\/index.php?rest_route=\/wp\/v2\/users\/2"}],"replies":[{"embeddable":true,"href":"http:\/\/www.denkfried.de\/wp\/index.php?rest_route=%2Fwp%2Fv2%2Fcomments&post=5535"}],"version-history":[{"count":2,"href":"http:\/\/www.denkfried.de\/wp\/index.php?rest_route=\/wp\/v2\/pages\/5535\/revisions"}],"predecessor-version":[{"id":5537,"href":"http:\/\/www.denkfried.de\/wp\/index.php?rest_route=\/wp\/v2\/pages\/5535\/revisions\/5537"}],"up":[{"embeddable":true,"href":"http:\/\/www.denkfried.de\/wp\/index.php?rest_route=\/wp\/v2\/pages\/5529"}],"wp:attachment":[{"href":"http:\/\/www.denkfried.de\/wp\/index.php?rest_route=%2Fwp%2Fv2%2Fmedia&parent=5535"}],"curies":[{"name":"wp","href":"https:\/\/api.w.org\/{rel}","templated":true}]}}