{"id":5523,"date":"2011-04-30T18:41:27","date_gmt":"2011-04-30T16:41:27","guid":{"rendered":"http:\/\/www.denkfried.de\/wp\/?page_id=5523"},"modified":"2013-09-02T22:31:10","modified_gmt":"2013-09-02T20:31:10","slug":"schonefeld","status":"publish","type":"page","link":"http:\/\/www.denkfried.de\/wp\/?page_id=5523","title":{"rendered":"Sch\u00f6nefeld"},"content":{"rendered":"<p>&nbsp;<\/p>\n<p><strong>12529 Sch\u00f6nefeld<\/strong><\/p>\n<p>Die Gemeinde grenzt direkt an den S\u00fcdosten von Berlin.<\/p>\n<p><strong>Ortsteile:<\/strong><\/p>\n<p>Gro\u00dfziethen<br \/>\nKiekebusch<br \/>\nSch\u00f6nefeld<br \/>\nSelchow<br \/>\nWaltersdorf<br \/>\nWa\u00dfmannsdorf<\/p>\n<p>&nbsp;<\/p>\n","protected":false},"excerpt":{"rendered":"<p>&nbsp; 12529 Sch\u00f6nefeld Die Gemeinde grenzt direkt an den S\u00fcdosten von Berlin. Ortsteile: Gro\u00dfziethen Kiekebusch Sch\u00f6nefeld Selchow Waltersdorf Wa\u00dfmannsdorf &nbsp;<\/p>\n","protected":false},"author":2,"featured_media":0,"parent":5431,"menu_order":0,"comment_status":"closed","ping_status":"open","template":"","meta":{"footnotes":""},"class_list":["post-5523","page","type-page","status-publish","hentry"],"_links":{"self":[{"href":"http:\/\/www.denkfried.de\/wp\/index.php?rest_route=\/wp\/v2\/pages\/5523","targetHints":{"allow":["GET"]}}],"collection":[{"href":"http:\/\/www.denkfried.de\/wp\/index.php?rest_route=\/wp\/v2\/pages"}],"about":[{"href":"http:\/\/www.denkfried.de\/wp\/index.php?rest_route=\/wp\/v2\/types\/page"}],"author":[{"embeddable":true,"href":"http:\/\/www.denkfried.de\/wp\/index.php?rest_route=\/wp\/v2\/users\/2"}],"replies":[{"embeddable":true,"href":"http:\/\/www.denkfried.de\/wp\/index.php?rest_route=%2Fwp%2Fv2%2Fcomments&post=5523"}],"version-history":[{"count":4,"href":"http:\/\/www.denkfried.de\/wp\/index.php?rest_route=\/wp\/v2\/pages\/5523\/revisions"}],"predecessor-version":[{"id":32394,"href":"http:\/\/www.denkfried.de\/wp\/index.php?rest_route=\/wp\/v2\/pages\/5523\/revisions\/32394"}],"up":[{"embeddable":true,"href":"http:\/\/www.denkfried.de\/wp\/index.php?rest_route=\/wp\/v2\/pages\/5431"}],"wp:attachment":[{"href":"http:\/\/www.denkfried.de\/wp\/index.php?rest_route=%2Fwp%2Fv2%2Fmedia&parent=5523"}],"curies":[{"name":"wp","href":"https:\/\/api.w.org\/{rel}","templated":true}]}}