{"id":5520,"date":"2011-04-30T18:40:13","date_gmt":"2011-04-30T16:40:13","guid":{"rendered":"http:\/\/www.denkfried.de\/wp\/?page_id=5520"},"modified":"2011-04-30T18:40:13","modified_gmt":"2011-04-30T16:40:13","slug":"schwielochsee-goyatz","status":"publish","type":"page","link":"http:\/\/www.denkfried.de\/wp\/?page_id=5520","title":{"rendered":"Schwielochsee-Goyatz"},"content":{"rendered":"<p>&nbsp;<\/p>\n<p><strong>15913 Schwielochsee &#8211; OT Goyatz<\/strong><\/p>\n<p>Gedenkstein  auf dem Friedhof des Ortsteils Goyatz f\u00fcr 4 ermorderte KZ-H\u00e4ftlinge  eines Todesmarsches, die im April 1945 von SS-M\u00e4nnern erschossen wurden.<\/p>\n<p>&nbsp;<\/p>\n","protected":false},"excerpt":{"rendered":"<p>&nbsp; 15913 Schwielochsee &#8211; OT Goyatz Gedenkstein auf dem Friedhof des Ortsteils Goyatz f\u00fcr 4 ermorderte KZ-H\u00e4ftlinge eines Todesmarsches, die im April 1945 von SS-M\u00e4nnern erschossen wurden. &nbsp;<\/p>\n","protected":false},"author":2,"featured_media":0,"parent":5517,"menu_order":0,"comment_status":"closed","ping_status":"open","template":"","meta":{"footnotes":""},"class_list":["post-5520","page","type-page","status-publish","hentry"],"_links":{"self":[{"href":"http:\/\/www.denkfried.de\/wp\/index.php?rest_route=\/wp\/v2\/pages\/5520","targetHints":{"allow":["GET"]}}],"collection":[{"href":"http:\/\/www.denkfried.de\/wp\/index.php?rest_route=\/wp\/v2\/pages"}],"about":[{"href":"http:\/\/www.denkfried.de\/wp\/index.php?rest_route=\/wp\/v2\/types\/page"}],"author":[{"embeddable":true,"href":"http:\/\/www.denkfried.de\/wp\/index.php?rest_route=\/wp\/v2\/users\/2"}],"replies":[{"embeddable":true,"href":"http:\/\/www.denkfried.de\/wp\/index.php?rest_route=%2Fwp%2Fv2%2Fcomments&post=5520"}],"version-history":[{"count":2,"href":"http:\/\/www.denkfried.de\/wp\/index.php?rest_route=\/wp\/v2\/pages\/5520\/revisions"}],"predecessor-version":[{"id":5522,"href":"http:\/\/www.denkfried.de\/wp\/index.php?rest_route=\/wp\/v2\/pages\/5520\/revisions\/5522"}],"up":[{"embeddable":true,"href":"http:\/\/www.denkfried.de\/wp\/index.php?rest_route=\/wp\/v2\/pages\/5517"}],"wp:attachment":[{"href":"http:\/\/www.denkfried.de\/wp\/index.php?rest_route=%2Fwp%2Fv2%2Fmedia&parent=5520"}],"curies":[{"name":"wp","href":"https:\/\/api.w.org\/{rel}","templated":true}]}}