{"id":5501,"date":"2011-04-30T18:20:08","date_gmt":"2011-04-30T16:20:08","guid":{"rendered":"http:\/\/www.denkfried.de\/wp\/?page_id=5501"},"modified":"2011-04-30T18:20:08","modified_gmt":"2011-04-30T16:20:08","slug":"luckau","status":"publish","type":"page","link":"http:\/\/www.denkfried.de\/wp\/?page_id=5501","title":{"rendered":"Luckau"},"content":{"rendered":"<p>&nbsp;<\/p>\n<p><strong>15926 Luckau<\/strong><\/p>\n<p><strong>Ortsteile:<\/strong><br \/>\nCahnsdorf<\/p>\n<hr \/>\n<p>Grabanlage auf dem Neuen Friedhof, Sandoer Stra\u00dfe,von Curt Freiherr von Manteuffel<\/p>\n<hr \/>\n<p>Sowjet.Kriegsgr\u00e4berst\u00e4tte mit ca.296 Tote<br \/>\nFriedhof \u00a0 \u00a0ist nicht bekannt<\/p>\n<hr \/>\n<p>Ehrengrabanlage mit Gedenkstein<br \/>\nf\u00fcr 8 sowjetische Kriegsgefangene im Waldst\u00fcck &#8222;Am Borchold&#8220; des Ortsteil Uckro, die 1942 gestorben sind.<\/p>\n<hr \/>\n<p><strong>DENKMAL<\/strong><br \/>\nKriegerdenkmal an der Kirche in St\u00f6britz<\/p>\n<p>&nbsp;<\/p>\n","protected":false},"excerpt":{"rendered":"<p>&nbsp; 15926 Luckau Ortsteile: Cahnsdorf Grabanlage auf dem Neuen Friedhof, Sandoer Stra\u00dfe,von Curt Freiherr von Manteuffel Sowjet.Kriegsgr\u00e4berst\u00e4tte mit ca.296 Tote Friedhof \u00a0 \u00a0ist nicht bekannt Ehrengrabanlage mit Gedenkstein f\u00fcr 8 sowjetische Kriegsgefangene im Waldst\u00fcck &#8222;Am Borchold&#8220; des Ortsteil Uckro, die &hellip; <a href=\"http:\/\/www.denkfried.de\/wp\/?page_id=5501\">Weiterlesen <span class=\"meta-nav\">&rarr;<\/span><\/a><\/p>\n","protected":false},"author":2,"featured_media":0,"parent":5431,"menu_order":0,"comment_status":"closed","ping_status":"open","template":"","meta":{"footnotes":""},"class_list":["post-5501","page","type-page","status-publish","hentry"],"_links":{"self":[{"href":"http:\/\/www.denkfried.de\/wp\/index.php?rest_route=\/wp\/v2\/pages\/5501","targetHints":{"allow":["GET"]}}],"collection":[{"href":"http:\/\/www.denkfried.de\/wp\/index.php?rest_route=\/wp\/v2\/pages"}],"about":[{"href":"http:\/\/www.denkfried.de\/wp\/index.php?rest_route=\/wp\/v2\/types\/page"}],"author":[{"embeddable":true,"href":"http:\/\/www.denkfried.de\/wp\/index.php?rest_route=\/wp\/v2\/users\/2"}],"replies":[{"embeddable":true,"href":"http:\/\/www.denkfried.de\/wp\/index.php?rest_route=%2Fwp%2Fv2%2Fcomments&post=5501"}],"version-history":[{"count":3,"href":"http:\/\/www.denkfried.de\/wp\/index.php?rest_route=\/wp\/v2\/pages\/5501\/revisions"}],"predecessor-version":[{"id":5504,"href":"http:\/\/www.denkfried.de\/wp\/index.php?rest_route=\/wp\/v2\/pages\/5501\/revisions\/5504"}],"up":[{"embeddable":true,"href":"http:\/\/www.denkfried.de\/wp\/index.php?rest_route=\/wp\/v2\/pages\/5431"}],"wp:attachment":[{"href":"http:\/\/www.denkfried.de\/wp\/index.php?rest_route=%2Fwp%2Fv2%2Fmedia&parent=5501"}],"curies":[{"name":"wp","href":"https:\/\/api.w.org\/{rel}","templated":true}]}}