{"id":5478,"date":"2011-04-30T17:35:56","date_gmt":"2011-04-30T15:35:56","guid":{"rendered":"http:\/\/www.denkfried.de\/wp\/?page_id=5478"},"modified":"2011-04-30T17:35:56","modified_gmt":"2011-04-30T15:35:56","slug":"jamlitz","status":"publish","type":"page","link":"http:\/\/www.denkfried.de\/wp\/?page_id=5478","title":{"rendered":"Jamlitz"},"content":{"rendered":"<p>&nbsp;<\/p>\n<p><strong>15868 Jamlitz<\/strong><\/p>\n<p>Jamlitz geh\u00f6rt zum Amt Lieberose\/Oberspreewald<\/p>\n<p>W\u00e4hrend  des Zweiten Weltkrieges befand sich in der N\u00e4he des Jamlitzer Bahnhofs  das KZ-Au\u00dfenlager Lieberose des KZ&#8217;s Sachsenhausen. Die durch Hunger und  Zwangsarbeit gestorbenen H\u00e4ftlinge wurden in Massengr\u00e4bern verscharrt.<br \/>\nNach  dem Krieg, 1945 bis April 1947 wurde das Lager weitergenutzt, das  Speziallager Jamlitz. Die sowjetische Besatzungsmacht hielt hier  Tausende Deutsche ohne Urteil fest, darunter viele Jugendliche und  willk\u00fcrlich Verhaftete.<br \/>\nAn der Stelle wo sich die beiden Lager einst  befanden, gibt es eine Dokumentationsst\u00e4tte zum Konzentrationslager und  NKWD-Speziallager.<br \/>\nAm 22.April 2009 begann in Jamlitz eine  gro\u00dfangelegte Suche nach dem vermuteten Massengrab mit mindestens 750  Opfern zweier Massenerschie\u00dfungen im Februar 1945.<\/p>\n<p>&nbsp;<\/p>\n","protected":false},"excerpt":{"rendered":"<p>&nbsp; 15868 Jamlitz Jamlitz geh\u00f6rt zum Amt Lieberose\/Oberspreewald W\u00e4hrend des Zweiten Weltkrieges befand sich in der N\u00e4he des Jamlitzer Bahnhofs das KZ-Au\u00dfenlager Lieberose des KZ&#8217;s Sachsenhausen. Die durch Hunger und Zwangsarbeit gestorbenen H\u00e4ftlinge wurden in Massengr\u00e4bern verscharrt. Nach dem Krieg, &hellip; <a href=\"http:\/\/www.denkfried.de\/wp\/?page_id=5478\">Weiterlesen <span class=\"meta-nav\">&rarr;<\/span><\/a><\/p>\n","protected":false},"author":2,"featured_media":0,"parent":5431,"menu_order":0,"comment_status":"closed","ping_status":"open","template":"","meta":{"footnotes":""},"class_list":["post-5478","page","type-page","status-publish","hentry"],"_links":{"self":[{"href":"http:\/\/www.denkfried.de\/wp\/index.php?rest_route=\/wp\/v2\/pages\/5478","targetHints":{"allow":["GET"]}}],"collection":[{"href":"http:\/\/www.denkfried.de\/wp\/index.php?rest_route=\/wp\/v2\/pages"}],"about":[{"href":"http:\/\/www.denkfried.de\/wp\/index.php?rest_route=\/wp\/v2\/types\/page"}],"author":[{"embeddable":true,"href":"http:\/\/www.denkfried.de\/wp\/index.php?rest_route=\/wp\/v2\/users\/2"}],"replies":[{"embeddable":true,"href":"http:\/\/www.denkfried.de\/wp\/index.php?rest_route=%2Fwp%2Fv2%2Fcomments&post=5478"}],"version-history":[{"count":3,"href":"http:\/\/www.denkfried.de\/wp\/index.php?rest_route=\/wp\/v2\/pages\/5478\/revisions"}],"predecessor-version":[{"id":5481,"href":"http:\/\/www.denkfried.de\/wp\/index.php?rest_route=\/wp\/v2\/pages\/5478\/revisions\/5481"}],"up":[{"embeddable":true,"href":"http:\/\/www.denkfried.de\/wp\/index.php?rest_route=\/wp\/v2\/pages\/5431"}],"wp:attachment":[{"href":"http:\/\/www.denkfried.de\/wp\/index.php?rest_route=%2Fwp%2Fv2%2Fmedia&parent=5478"}],"curies":[{"name":"wp","href":"https:\/\/api.w.org\/{rel}","templated":true}]}}