{"id":5457,"date":"2011-04-30T17:26:56","date_gmt":"2011-04-30T15:26:56","guid":{"rendered":"http:\/\/www.denkfried.de\/wp\/?page_id=5457"},"modified":"2013-07-10T19:13:08","modified_gmt":"2013-07-10T17:13:08","slug":"halbe-freidorf","status":"publish","type":"page","link":"http:\/\/www.denkfried.de\/wp\/?page_id=5457","title":{"rendered":"&#8211; Freidorf"},"content":{"rendered":"<p>&nbsp;<\/p>\n<p><span style=\"text-decoration: underline;\">15757 Halbe &#8211; <strong>OT Freidorf<\/strong><\/span><\/p>\n<p><strong>Kriegsgr\u00e4berst\u00e4tte<\/strong><br \/>\nSowjetischer Ehrenfriedhof f\u00fcr 119 sowjetische Soldaten und Offiziere,<br \/>\ngefallen in den K\u00e4mpfen um Halbe im Fr\u00fchjahr 1945<\/p>\n","protected":false},"excerpt":{"rendered":"<p>&nbsp; 15757 Halbe &#8211; OT Freidorf Kriegsgr\u00e4berst\u00e4tte Sowjetischer Ehrenfriedhof f\u00fcr 119 sowjetische Soldaten und Offiziere, gefallen in den K\u00e4mpfen um Halbe im Fr\u00fchjahr 1945<\/p>\n","protected":false},"author":2,"featured_media":0,"parent":15600,"menu_order":0,"comment_status":"closed","ping_status":"open","template":"","meta":{"footnotes":""},"class_list":["post-5457","page","type-page","status-publish","hentry"],"_links":{"self":[{"href":"http:\/\/www.denkfried.de\/wp\/index.php?rest_route=\/wp\/v2\/pages\/5457","targetHints":{"allow":["GET"]}}],"collection":[{"href":"http:\/\/www.denkfried.de\/wp\/index.php?rest_route=\/wp\/v2\/pages"}],"about":[{"href":"http:\/\/www.denkfried.de\/wp\/index.php?rest_route=\/wp\/v2\/types\/page"}],"author":[{"embeddable":true,"href":"http:\/\/www.denkfried.de\/wp\/index.php?rest_route=\/wp\/v2\/users\/2"}],"replies":[{"embeddable":true,"href":"http:\/\/www.denkfried.de\/wp\/index.php?rest_route=%2Fwp%2Fv2%2Fcomments&post=5457"}],"version-history":[{"count":5,"href":"http:\/\/www.denkfried.de\/wp\/index.php?rest_route=\/wp\/v2\/pages\/5457\/revisions"}],"predecessor-version":[{"id":31291,"href":"http:\/\/www.denkfried.de\/wp\/index.php?rest_route=\/wp\/v2\/pages\/5457\/revisions\/31291"}],"up":[{"embeddable":true,"href":"http:\/\/www.denkfried.de\/wp\/index.php?rest_route=\/wp\/v2\/pages\/15600"}],"wp:attachment":[{"href":"http:\/\/www.denkfried.de\/wp\/index.php?rest_route=%2Fwp%2Fv2%2Fmedia&parent=5457"}],"curies":[{"name":"wp","href":"https:\/\/api.w.org\/{rel}","templated":true}]}}