{"id":5434,"date":"2011-04-30T17:12:17","date_gmt":"2011-04-30T15:12:17","guid":{"rendered":"http:\/\/www.denkfried.de\/wp\/?page_id=5434"},"modified":"2011-04-30T17:12:17","modified_gmt":"2011-04-30T15:12:17","slug":"alt-zauche","status":"publish","type":"page","link":"http:\/\/www.denkfried.de\/wp\/?page_id=5434","title":{"rendered":"Alt Zauche"},"content":{"rendered":"<p>&nbsp;<\/p>\n<p><strong>15913 Alt Zauche-Wu\u00dfwerk<\/strong><\/p>\n<p>DENKMAL<br \/>\nKriegerdenkmal f\u00fcr die Toten aus dem Ersten Weltkrieg in der Dorfmitte<\/p>\n<p>Kriegsgr\u00e4berst\u00e4tte<br \/>\nGedenkstein f\u00fcr sechs sowjetische Kriegsgefangene, begraben auf dem hiesigen Friedhof<\/p>\n<p>&nbsp;<\/p>\n","protected":false},"excerpt":{"rendered":"<p>&nbsp; 15913 Alt Zauche-Wu\u00dfwerk DENKMAL Kriegerdenkmal f\u00fcr die Toten aus dem Ersten Weltkrieg in der Dorfmitte Kriegsgr\u00e4berst\u00e4tte Gedenkstein f\u00fcr sechs sowjetische Kriegsgefangene, begraben auf dem hiesigen Friedhof &nbsp;<\/p>\n","protected":false},"author":2,"featured_media":0,"parent":5431,"menu_order":0,"comment_status":"closed","ping_status":"open","template":"","meta":{"footnotes":""},"class_list":["post-5434","page","type-page","status-publish","hentry"],"_links":{"self":[{"href":"http:\/\/www.denkfried.de\/wp\/index.php?rest_route=\/wp\/v2\/pages\/5434","targetHints":{"allow":["GET"]}}],"collection":[{"href":"http:\/\/www.denkfried.de\/wp\/index.php?rest_route=\/wp\/v2\/pages"}],"about":[{"href":"http:\/\/www.denkfried.de\/wp\/index.php?rest_route=\/wp\/v2\/types\/page"}],"author":[{"embeddable":true,"href":"http:\/\/www.denkfried.de\/wp\/index.php?rest_route=\/wp\/v2\/users\/2"}],"replies":[{"embeddable":true,"href":"http:\/\/www.denkfried.de\/wp\/index.php?rest_route=%2Fwp%2Fv2%2Fcomments&post=5434"}],"version-history":[{"count":2,"href":"http:\/\/www.denkfried.de\/wp\/index.php?rest_route=\/wp\/v2\/pages\/5434\/revisions"}],"predecessor-version":[{"id":5436,"href":"http:\/\/www.denkfried.de\/wp\/index.php?rest_route=\/wp\/v2\/pages\/5434\/revisions\/5436"}],"up":[{"embeddable":true,"href":"http:\/\/www.denkfried.de\/wp\/index.php?rest_route=\/wp\/v2\/pages\/5431"}],"wp:attachment":[{"href":"http:\/\/www.denkfried.de\/wp\/index.php?rest_route=%2Fwp%2Fv2%2Fmedia&parent=5434"}],"curies":[{"name":"wp","href":"https:\/\/api.w.org\/{rel}","templated":true}]}}