{"id":5415,"date":"2011-04-30T15:38:45","date_gmt":"2011-04-30T13:38:45","guid":{"rendered":"http:\/\/www.denkfried.de\/wp\/?page_id=5415"},"modified":"2013-07-10T20:44:47","modified_gmt":"2013-07-10T18:44:47","slug":"muhlberg-altenau","status":"publish","type":"page","link":"http:\/\/www.denkfried.de\/wp\/?page_id=5415","title":{"rendered":"&#8211; Altenau"},"content":{"rendered":"<p>&nbsp;<\/p>\n<p><span style=\"text-decoration: underline;\">04931 M\u00fchlberg &#8211; <strong>OT Altenau<\/strong><\/span><\/p>\n<p><strong>Kriegsgr\u00e4berst\u00e4tte<\/strong><br \/>\nFriedhof<\/p>\n<p>Kappen, Erich<\/p>\n<p>&nbsp;<\/p>\n","protected":false},"excerpt":{"rendered":"<p>&nbsp; 04931 M\u00fchlberg &#8211; OT Altenau Kriegsgr\u00e4berst\u00e4tte Friedhof Kappen, Erich &nbsp;<\/p>\n","protected":false},"author":2,"featured_media":0,"parent":5404,"menu_order":0,"comment_status":"closed","ping_status":"open","template":"","meta":{"footnotes":""},"class_list":["post-5415","page","type-page","status-publish","hentry"],"_links":{"self":[{"href":"http:\/\/www.denkfried.de\/wp\/index.php?rest_route=\/wp\/v2\/pages\/5415","targetHints":{"allow":["GET"]}}],"collection":[{"href":"http:\/\/www.denkfried.de\/wp\/index.php?rest_route=\/wp\/v2\/pages"}],"about":[{"href":"http:\/\/www.denkfried.de\/wp\/index.php?rest_route=\/wp\/v2\/types\/page"}],"author":[{"embeddable":true,"href":"http:\/\/www.denkfried.de\/wp\/index.php?rest_route=\/wp\/v2\/users\/2"}],"replies":[{"embeddable":true,"href":"http:\/\/www.denkfried.de\/wp\/index.php?rest_route=%2Fwp%2Fv2%2Fcomments&post=5415"}],"version-history":[{"count":4,"href":"http:\/\/www.denkfried.de\/wp\/index.php?rest_route=\/wp\/v2\/pages\/5415\/revisions"}],"predecessor-version":[{"id":31319,"href":"http:\/\/www.denkfried.de\/wp\/index.php?rest_route=\/wp\/v2\/pages\/5415\/revisions\/31319"}],"up":[{"embeddable":true,"href":"http:\/\/www.denkfried.de\/wp\/index.php?rest_route=\/wp\/v2\/pages\/5404"}],"wp:attachment":[{"href":"http:\/\/www.denkfried.de\/wp\/index.php?rest_route=%2Fwp%2Fv2%2Fmedia&parent=5415"}],"curies":[{"name":"wp","href":"https:\/\/api.w.org\/{rel}","templated":true}]}}