{"id":5404,"date":"2011-04-30T15:37:14","date_gmt":"2011-04-30T13:37:14","guid":{"rendered":"http:\/\/www.denkfried.de\/wp\/?page_id=5404"},"modified":"2014-05-04T19:20:03","modified_gmt":"2014-05-04T17:20:03","slug":"muhlberg","status":"publish","type":"page","link":"http:\/\/www.denkfried.de\/wp\/?page_id=5404","title":{"rendered":"M\u00fchlberg"},"content":{"rendered":"<p>&nbsp;<\/p>\n<p><span style=\"text-decoration: underline;\"><strong>04931 M\u00fchlberg\/Elbe<\/strong><\/span><\/p>\n<h3>Ortsteile:<\/h3>\n<blockquote>\n<ul>\n<li><a title=\"- Altenau\" href=\"http:\/\/www.denkfried.de\/wp\/?page_id=5415\">Altenau<\/a><\/li>\n<li><a title=\"- Brottewitz\" href=\"http:\/\/www.denkfried.de\/wp\/?page_id=5418\">Brottewitz<\/a><\/li>\n<li><a title=\"- Fichtenberg\" href=\"http:\/\/www.denkfried.de\/wp\/?page_id=29256\">Fichtenberg<\/a><\/li>\n<\/ul>\n<\/blockquote>\n<p>+++++++++++++++++++++++++++++++++++++++++++++++++++++++++++++++<\/p>\n<p>M\u00fchlberg-Neuburxdorf, Friedhof Neuburxdorf<br \/>\nNeuburxdorf ist zwar ein Ortsteil Bad Liebenwerda,steht aber mit dem Lager M\u00fchlberg in enger Beziehung.<br \/>\n1939 wurde bei Neuburxdorf das Kriegsgefangenenlager Stalag IV\/B M\u00fchlberg eingerichtet. Unter den Gefangenen waren \u00fcberwiegend Russen.<br \/>\nVon September 1945 bis November 1948 wurde dieses Lager als Speziallager Nr.1 des NKWD betrieben. Von 22.000 Inhaftierten starben etwa 7.000 an Hunger und Krankheiten. Sie wurden in Massengr\u00e4bern in der N\u00e4he eines Schie\u00dfstandes verscharrt.<\/p>\n<p><a href=\"..\/..\/index.php\/topic,1338.msg1611.html#msg1611\" target=\"_blank\">Kriegsgr\u00e4berst\u00e4tte Friedhof Neuburxdorf<\/a><\/p>\n<p>Ehrenfriedhof mit Ehrenmal<br \/>\nHier ruht eine unbekannte Zahl, man sch\u00e4tzt \u00fcber 3000, von Kriegsgefangenen verschiedener Nationalit\u00e4ten, die im Stalag IV\/B M\u00fchlberg an Entbehrungen und Mi\u00dfhandlungen verstorben ist.<br \/>\nDas Denkmal wurde von Kriegsgefangenen selbst gestaltet und aufgestellt.<\/p>\n<hr \/>\n<p>Nach Aufl\u00f6sung des Kriegsgefangenlagers STALAG IV B wurde in der Zeit von September 1945 bis September 1949 das Speziallager Nr.1 eingerichtet. Eingesperrt waren 22.000 Menschen, darunter Angeh\u00f6rige der Hitlerjugend, ehem.Offiziere, Angeh\u00f6rige des Volkssturm, Angeh\u00f6rige der Intelligenz und andere denunzierte Personen. Fast 7.000 Menschen starben an Hunger und Folgekrankeiten. Sie wurden anonym in Massengr\u00e4bern beerdigt.<br \/>\nNach Aufl\u00f6sung des Speziallagers Nr.1 wurden 3.611 Personen in das Speziallager Nr. 2 nach Buchenwald \u00fcberf\u00fchrt und die \u00fcbrigen entlassen. Bereits 1946 waren ca.3.000 Gefangene in die Sowjetunion verschleppt und als Kriegsgefangene behandelt.<\/p>\n<div id='gallery-1' class='gallery galleryid-5404 gallery-columns-4 gallery-size-thumbnail'><dl class='gallery-item'>\n\t\t\t<dt class='gallery-icon landscape'>\n\t\t\t\t<a href='http:\/\/www.denkfried.de\/wp\/?attachment_id=5405'><img loading=\"lazy\" decoding=\"async\" width=\"150\" height=\"150\" src=\"http:\/\/www.denkfried.de\/wp\/wp-content\/uploads\/2011\/04\/IMG_1014-150x150.jpg\" class=\"attachment-thumbnail size-thumbnail\" alt=\"\" \/><\/a>\n\t\t\t<\/dt><\/dl><dl class='gallery-item'>\n\t\t\t<dt class='gallery-icon landscape'>\n\t\t\t\t<a href='http:\/\/www.denkfried.de\/wp\/?attachment_id=5406'><img loading=\"lazy\" decoding=\"async\" width=\"150\" height=\"150\" src=\"http:\/\/www.denkfried.de\/wp\/wp-content\/uploads\/2011\/04\/IMG_0975-150x150.jpg\" class=\"attachment-thumbnail size-thumbnail\" alt=\"\" \/><\/a>\n\t\t\t<\/dt><\/dl><dl class='gallery-item'>\n\t\t\t<dt class='gallery-icon landscape'>\n\t\t\t\t<a href='http:\/\/www.denkfried.de\/wp\/?attachment_id=5407'><img loading=\"lazy\" decoding=\"async\" width=\"150\" height=\"150\" src=\"http:\/\/www.denkfried.de\/wp\/wp-content\/uploads\/2011\/04\/img053-150x150.jpg\" class=\"attachment-thumbnail size-thumbnail\" alt=\"\" \/><\/a>\n\t\t\t<\/dt><\/dl><dl class='gallery-item'>\n\t\t\t<dt class='gallery-icon portrait'>\n\t\t\t\t<a href='http:\/\/www.denkfried.de\/wp\/?attachment_id=5408'><img loading=\"lazy\" decoding=\"async\" width=\"150\" height=\"150\" src=\"http:\/\/www.denkfried.de\/wp\/wp-content\/uploads\/2011\/04\/img054-150x150.jpg\" class=\"attachment-thumbnail size-thumbnail\" alt=\"\" \/><\/a>\n\t\t\t<\/dt><\/dl><br style=\"clear: both\" \/><dl class='gallery-item'>\n\t\t\t<dt class='gallery-icon landscape'>\n\t\t\t\t<a href='http:\/\/www.denkfried.de\/wp\/?attachment_id=5409'><img loading=\"lazy\" decoding=\"async\" width=\"150\" height=\"150\" src=\"http:\/\/www.denkfried.de\/wp\/wp-content\/uploads\/2011\/04\/IMG_0905-150x150.jpg\" class=\"attachment-thumbnail size-thumbnail\" alt=\"\" \/><\/a>\n\t\t\t<\/dt><\/dl><dl class='gallery-item'>\n\t\t\t<dt class='gallery-icon landscape'>\n\t\t\t\t<a href='http:\/\/www.denkfried.de\/wp\/?attachment_id=5410'><img loading=\"lazy\" decoding=\"async\" width=\"150\" height=\"150\" src=\"http:\/\/www.denkfried.de\/wp\/wp-content\/uploads\/2011\/04\/IMG_0962-150x150.jpg\" class=\"attachment-thumbnail size-thumbnail\" alt=\"\" \/><\/a>\n\t\t\t<\/dt><\/dl><dl class='gallery-item'>\n\t\t\t<dt class='gallery-icon portrait'>\n\t\t\t\t<a href='http:\/\/www.denkfried.de\/wp\/?attachment_id=5411'><img loading=\"lazy\" decoding=\"async\" width=\"150\" height=\"150\" src=\"http:\/\/www.denkfried.de\/wp\/wp-content\/uploads\/2011\/04\/IMG_0971-150x150.jpg\" class=\"attachment-thumbnail size-thumbnail\" alt=\"\" \/><\/a>\n\t\t\t<\/dt><\/dl><dl class='gallery-item'>\n\t\t\t<dt class='gallery-icon landscape'>\n\t\t\t\t<a href='http:\/\/www.denkfried.de\/wp\/?attachment_id=5412'><img loading=\"lazy\" decoding=\"async\" width=\"150\" height=\"150\" src=\"http:\/\/www.denkfried.de\/wp\/wp-content\/uploads\/2011\/04\/IMG_0972-150x150.jpg\" class=\"attachment-thumbnail size-thumbnail\" alt=\"\" \/><\/a>\n\t\t\t<\/dt><\/dl><br style=\"clear: both\" \/>\n\t\t<\/div>\n\n","protected":false},"excerpt":{"rendered":"<p>&nbsp; 04931 M\u00fchlberg\/Elbe Ortsteile: Altenau Brottewitz Fichtenberg +++++++++++++++++++++++++++++++++++++++++++++++++++++++++++++++ M\u00fchlberg-Neuburxdorf, Friedhof Neuburxdorf Neuburxdorf ist zwar ein Ortsteil Bad Liebenwerda,steht aber mit dem Lager M\u00fchlberg in enger Beziehung. 1939 wurde bei Neuburxdorf das Kriegsgefangenenlager Stalag IV\/B M\u00fchlberg eingerichtet. Unter den Gefangenen waren &hellip; <a href=\"http:\/\/www.denkfried.de\/wp\/?page_id=5404\">Weiterlesen <span class=\"meta-nav\">&rarr;<\/span><\/a><\/p>\n","protected":false},"author":2,"featured_media":0,"parent":5344,"menu_order":0,"comment_status":"closed","ping_status":"open","template":"","meta":{"footnotes":""},"class_list":["post-5404","page","type-page","status-publish","hentry"],"_links":{"self":[{"href":"http:\/\/www.denkfried.de\/wp\/index.php?rest_route=\/wp\/v2\/pages\/5404","targetHints":{"allow":["GET"]}}],"collection":[{"href":"http:\/\/www.denkfried.de\/wp\/index.php?rest_route=\/wp\/v2\/pages"}],"about":[{"href":"http:\/\/www.denkfried.de\/wp\/index.php?rest_route=\/wp\/v2\/types\/page"}],"author":[{"embeddable":true,"href":"http:\/\/www.denkfried.de\/wp\/index.php?rest_route=\/wp\/v2\/users\/2"}],"replies":[{"embeddable":true,"href":"http:\/\/www.denkfried.de\/wp\/index.php?rest_route=%2Fwp%2Fv2%2Fcomments&post=5404"}],"version-history":[{"count":4,"href":"http:\/\/www.denkfried.de\/wp\/index.php?rest_route=\/wp\/v2\/pages\/5404\/revisions"}],"predecessor-version":[{"id":35350,"href":"http:\/\/www.denkfried.de\/wp\/index.php?rest_route=\/wp\/v2\/pages\/5404\/revisions\/35350"}],"up":[{"embeddable":true,"href":"http:\/\/www.denkfried.de\/wp\/index.php?rest_route=\/wp\/v2\/pages\/5344"}],"wp:attachment":[{"href":"http:\/\/www.denkfried.de\/wp\/index.php?rest_route=%2Fwp%2Fv2%2Fmedia&parent=5404"}],"curies":[{"name":"wp","href":"https:\/\/api.w.org\/{rel}","templated":true}]}}