{"id":5320,"date":"2011-04-29T23:39:36","date_gmt":"2011-04-29T21:39:36","guid":{"rendered":"http:\/\/www.denkfried.de\/wp\/?page_id=5320"},"modified":"2011-04-29T23:39:36","modified_gmt":"2011-04-29T21:39:36","slug":"nauen-markee","status":"publish","type":"page","link":"http:\/\/www.denkfried.de\/wp\/?page_id=5320","title":{"rendered":"Nauen-Markee"},"content":{"rendered":"<p>&nbsp;<\/p>\n<p><strong>14641 Nauen-Markee<\/strong><\/p>\n<p>Gemeindefriedhof:<br \/>\n2 Gr\u00e4ber sowjetischer Zwangsarbeiter<br \/>\n1 Grab eines unbekannten sowjetischen Soldaten, der in den Fr\u00fchjahrsk\u00e4mpfen 1945 gefallen ist.<\/p>\n","protected":false},"excerpt":{"rendered":"<p>&nbsp; 14641 Nauen-Markee Gemeindefriedhof: 2 Gr\u00e4ber sowjetischer Zwangsarbeiter 1 Grab eines unbekannten sowjetischen Soldaten, der in den Fr\u00fchjahrsk\u00e4mpfen 1945 gefallen ist.<\/p>\n","protected":false},"author":2,"featured_media":0,"parent":5301,"menu_order":0,"comment_status":"closed","ping_status":"open","template":"","meta":{"footnotes":""},"class_list":["post-5320","page","type-page","status-publish","hentry"],"_links":{"self":[{"href":"http:\/\/www.denkfried.de\/wp\/index.php?rest_route=\/wp\/v2\/pages\/5320","targetHints":{"allow":["GET"]}}],"collection":[{"href":"http:\/\/www.denkfried.de\/wp\/index.php?rest_route=\/wp\/v2\/pages"}],"about":[{"href":"http:\/\/www.denkfried.de\/wp\/index.php?rest_route=\/wp\/v2\/types\/page"}],"author":[{"embeddable":true,"href":"http:\/\/www.denkfried.de\/wp\/index.php?rest_route=\/wp\/v2\/users\/2"}],"replies":[{"embeddable":true,"href":"http:\/\/www.denkfried.de\/wp\/index.php?rest_route=%2Fwp%2Fv2%2Fcomments&post=5320"}],"version-history":[{"count":2,"href":"http:\/\/www.denkfried.de\/wp\/index.php?rest_route=\/wp\/v2\/pages\/5320\/revisions"}],"predecessor-version":[{"id":5322,"href":"http:\/\/www.denkfried.de\/wp\/index.php?rest_route=\/wp\/v2\/pages\/5320\/revisions\/5322"}],"up":[{"embeddable":true,"href":"http:\/\/www.denkfried.de\/wp\/index.php?rest_route=\/wp\/v2\/pages\/5301"}],"wp:attachment":[{"href":"http:\/\/www.denkfried.de\/wp\/index.php?rest_route=%2Fwp%2Fv2%2Fmedia&parent=5320"}],"curies":[{"name":"wp","href":"https:\/\/api.w.org\/{rel}","templated":true}]}}