{"id":5190,"date":"2011-04-29T20:39:20","date_gmt":"2011-04-29T18:39:20","guid":{"rendered":"http:\/\/www.denkfried.de\/wp\/?page_id=5190"},"modified":"2014-09-01T12:17:31","modified_gmt":"2014-09-01T10:17:31","slug":"muhlenbecker-land","status":"publish","type":"page","link":"http:\/\/www.denkfried.de\/wp\/?page_id=5190","title":{"rendered":"M\u00fchlenbecker Land"},"content":{"rendered":"<p>&nbsp;<\/p>\n<p><strong>16567 M\u00fchlenbecker Land<\/strong><\/p>\n<p><strong>Ortsteile:<\/strong><\/p>\n<p>&nbsp;<\/p>\n<ul>\n<li><a href=\"http:\/\/www.denkfried.de\/wp\/?page_id=36263\">M\u00fchlenbeck &#8211; Denkm\u00e4ler\/Tafeln<\/a><\/li>\n<li><a href=\"http:\/\/www.denkfried.de\/wp\/?page_id=5194\">M\u00fchlenbeck &#8211; Kriegsgr\u00e4ber<\/a><\/li>\n<li>Schildow<\/li>\n<li>Sch\u00f6nflie\u00df<\/li>\n<li>Z\u00fchlsdorf<\/li>\n<\/ul>\n<p>&nbsp;<\/p>\n","protected":false},"excerpt":{"rendered":"<p>&nbsp; 16567 M\u00fchlenbecker Land Ortsteile: &nbsp; M\u00fchlenbeck &#8211; Denkm\u00e4ler\/Tafeln M\u00fchlenbeck &#8211; Kriegsgr\u00e4ber Schildow Sch\u00f6nflie\u00df Z\u00fchlsdorf &nbsp;<\/p>\n","protected":false},"author":2,"featured_media":0,"parent":5179,"menu_order":0,"comment_status":"closed","ping_status":"open","template":"","meta":{"footnotes":""},"class_list":["post-5190","page","type-page","status-publish","hentry"],"_links":{"self":[{"href":"http:\/\/www.denkfried.de\/wp\/index.php?rest_route=\/wp\/v2\/pages\/5190","targetHints":{"allow":["GET"]}}],"collection":[{"href":"http:\/\/www.denkfried.de\/wp\/index.php?rest_route=\/wp\/v2\/pages"}],"about":[{"href":"http:\/\/www.denkfried.de\/wp\/index.php?rest_route=\/wp\/v2\/types\/page"}],"author":[{"embeddable":true,"href":"http:\/\/www.denkfried.de\/wp\/index.php?rest_route=\/wp\/v2\/users\/2"}],"replies":[{"embeddable":true,"href":"http:\/\/www.denkfried.de\/wp\/index.php?rest_route=%2Fwp%2Fv2%2Fcomments&post=5190"}],"version-history":[{"count":4,"href":"http:\/\/www.denkfried.de\/wp\/index.php?rest_route=\/wp\/v2\/pages\/5190\/revisions"}],"predecessor-version":[{"id":36268,"href":"http:\/\/www.denkfried.de\/wp\/index.php?rest_route=\/wp\/v2\/pages\/5190\/revisions\/36268"}],"up":[{"embeddable":true,"href":"http:\/\/www.denkfried.de\/wp\/index.php?rest_route=\/wp\/v2\/pages\/5179"}],"wp:attachment":[{"href":"http:\/\/www.denkfried.de\/wp\/index.php?rest_route=%2Fwp%2Fv2%2Fmedia&parent=5190"}],"curies":[{"name":"wp","href":"https:\/\/api.w.org\/{rel}","templated":true}]}}