{"id":5135,"date":"2011-04-27T22:04:33","date_gmt":"2011-04-27T20:04:33","guid":{"rendered":"http:\/\/www.denkfried.de\/wp\/?page_id=5135"},"modified":"2012-01-15T11:32:01","modified_gmt":"2012-01-15T10:32:01","slug":"senftenberg","status":"publish","type":"page","link":"http:\/\/www.denkfried.de\/wp\/?page_id=5135","title":{"rendered":"Senftenberg"},"content":{"rendered":"<p>&nbsp;<\/p>\n<p><strong>01968 Senftenberg<\/strong><\/p>\n<ul>\n<li><a href=\"http:\/\/www.denkfried.de\/wp\/?page_id=5138\">Senftenberg &#8211; Alter Friedhof<\/a><\/li>\n<li><a href=\"http:\/\/www.denkfried.de\/wp\/?page_id=5146\">Senftenberg &#8211; Neuer Friedhof<\/a><\/li>\n<li><a href=\"http:\/\/www.denkfried.de\/wp\/?page_id=13692\">Senftenberg &#8211; Alte Feuerwache<\/a><\/li>\n<\/ul>\n<p><strong>Ortsteile:<\/strong><\/p>\n<ul>\n<li><a href=\"http:\/\/www.denkfried.de\/wp\/?page_id=5171\">Brieske<\/a><\/li>\n<li>Brieske Dorf \u00a0(St\u00e4dt. Friedhof an der B 169)<\/li>\n<li>Hosena \u00a0 \u00a0 \u00a0 \u00a0(Friedhof Friedensstra\u00dfe)<\/li>\n<li>Niemtsch \u00a0 \u00a0 (St\u00e4dt. Friedhof N\u00e4he Dorfstra\u00dfe)<\/li>\n<li>Peickwitz \u00a0 \u00a0 (St\u00e4dt. Friedhof Hauptstra\u00dfe)<\/li>\n<li><a href=\"http:\/\/www.denkfried.de\/wp\/?page_id=5159\">Sedlitz<\/a><\/li>\n<li><a href=\"http:\/\/www.denkfried.de\/wp\/?page_id=5154\">Gro\u00dfkoschen<\/a><\/li>\n<\/ul>\n<p>&nbsp;<\/p>\n","protected":false},"excerpt":{"rendered":"<p>&nbsp; 01968 Senftenberg Senftenberg &#8211; Alter Friedhof Senftenberg &#8211; Neuer Friedhof Senftenberg &#8211; Alte Feuerwache Ortsteile: Brieske Brieske Dorf \u00a0(St\u00e4dt. Friedhof an der B 169) Hosena \u00a0 \u00a0 \u00a0 \u00a0(Friedhof Friedensstra\u00dfe) Niemtsch \u00a0 \u00a0 (St\u00e4dt. Friedhof N\u00e4he Dorfstra\u00dfe) Peickwitz \u00a0 &hellip; <a href=\"http:\/\/www.denkfried.de\/wp\/?page_id=5135\">Weiterlesen <span class=\"meta-nav\">&rarr;<\/span><\/a><\/p>\n","protected":false},"author":2,"featured_media":0,"parent":5023,"menu_order":0,"comment_status":"closed","ping_status":"open","template":"","meta":{"footnotes":""},"class_list":["post-5135","page","type-page","status-publish","hentry"],"_links":{"self":[{"href":"http:\/\/www.denkfried.de\/wp\/index.php?rest_route=\/wp\/v2\/pages\/5135","targetHints":{"allow":["GET"]}}],"collection":[{"href":"http:\/\/www.denkfried.de\/wp\/index.php?rest_route=\/wp\/v2\/pages"}],"about":[{"href":"http:\/\/www.denkfried.de\/wp\/index.php?rest_route=\/wp\/v2\/types\/page"}],"author":[{"embeddable":true,"href":"http:\/\/www.denkfried.de\/wp\/index.php?rest_route=\/wp\/v2\/users\/2"}],"replies":[{"embeddable":true,"href":"http:\/\/www.denkfried.de\/wp\/index.php?rest_route=%2Fwp%2Fv2%2Fcomments&post=5135"}],"version-history":[{"count":9,"href":"http:\/\/www.denkfried.de\/wp\/index.php?rest_route=\/wp\/v2\/pages\/5135\/revisions"}],"predecessor-version":[{"id":17368,"href":"http:\/\/www.denkfried.de\/wp\/index.php?rest_route=\/wp\/v2\/pages\/5135\/revisions\/17368"}],"up":[{"embeddable":true,"href":"http:\/\/www.denkfried.de\/wp\/index.php?rest_route=\/wp\/v2\/pages\/5023"}],"wp:attachment":[{"href":"http:\/\/www.denkfried.de\/wp\/index.php?rest_route=%2Fwp%2Fv2%2Fmedia&parent=5135"}],"curies":[{"name":"wp","href":"https:\/\/api.w.org\/{rel}","templated":true}]}}