{"id":5110,"date":"2011-04-27T21:40:56","date_gmt":"2011-04-27T19:40:56","guid":{"rendered":"http:\/\/www.denkfried.de\/wp\/?page_id=5110"},"modified":"2013-07-10T23:27:58","modified_gmt":"2013-07-10T21:27:58","slug":"schipkau-klettwitz","status":"publish","type":"page","link":"http:\/\/www.denkfried.de\/wp\/?page_id=5110","title":{"rendered":"&#8211; Klettwitz"},"content":{"rendered":"<p>&nbsp;<\/p>\n<p><span style=\"text-decoration: underline;\">01998 Schipkau &#8211; <strong>OT Klettwitz<\/strong><\/span><\/p>\n<p><strong>Kriegsgr\u00e4berst\u00e4tte<\/strong><br \/>\nAuf dem Ev.Friedhof gibt es einen Gedenkstein f\u00fcr 53 polnische, sowjetische und italienische Zwangsarbeiter, die hier ums Leben kamen. Weiterhin gibt es einen Gedenkstein f\u00fcr die italienischen Zwangsarbeiter, den die Republik Italien errichten lie\u00df.<\/p>\n<p><strong>DENKMAL<\/strong><br \/>\nKriegerdenkmal<\/p>\n<p>&nbsp;<\/p>\n","protected":false},"excerpt":{"rendered":"<p>&nbsp; 01998 Schipkau &#8211; OT Klettwitz Kriegsgr\u00e4berst\u00e4tte Auf dem Ev.Friedhof gibt es einen Gedenkstein f\u00fcr 53 polnische, sowjetische und italienische Zwangsarbeiter, die hier ums Leben kamen. Weiterhin gibt es einen Gedenkstein f\u00fcr die italienischen Zwangsarbeiter, den die Republik Italien errichten &hellip; <a href=\"http:\/\/www.denkfried.de\/wp\/?page_id=5110\">Weiterlesen <span class=\"meta-nav\">&rarr;<\/span><\/a><\/p>\n","protected":false},"author":2,"featured_media":0,"parent":5107,"menu_order":0,"comment_status":"closed","ping_status":"open","template":"","meta":{"footnotes":""},"class_list":["post-5110","page","type-page","status-publish","hentry"],"_links":{"self":[{"href":"http:\/\/www.denkfried.de\/wp\/index.php?rest_route=\/wp\/v2\/pages\/5110","targetHints":{"allow":["GET"]}}],"collection":[{"href":"http:\/\/www.denkfried.de\/wp\/index.php?rest_route=\/wp\/v2\/pages"}],"about":[{"href":"http:\/\/www.denkfried.de\/wp\/index.php?rest_route=\/wp\/v2\/types\/page"}],"author":[{"embeddable":true,"href":"http:\/\/www.denkfried.de\/wp\/index.php?rest_route=\/wp\/v2\/users\/2"}],"replies":[{"embeddable":true,"href":"http:\/\/www.denkfried.de\/wp\/index.php?rest_route=%2Fwp%2Fv2%2Fcomments&post=5110"}],"version-history":[{"count":3,"href":"http:\/\/www.denkfried.de\/wp\/index.php?rest_route=\/wp\/v2\/pages\/5110\/revisions"}],"predecessor-version":[{"id":31332,"href":"http:\/\/www.denkfried.de\/wp\/index.php?rest_route=\/wp\/v2\/pages\/5110\/revisions\/31332"}],"up":[{"embeddable":true,"href":"http:\/\/www.denkfried.de\/wp\/index.php?rest_route=\/wp\/v2\/pages\/5107"}],"wp:attachment":[{"href":"http:\/\/www.denkfried.de\/wp\/index.php?rest_route=%2Fwp%2Fv2%2Fmedia&parent=5110"}],"curies":[{"name":"wp","href":"https:\/\/api.w.org\/{rel}","templated":true}]}}