{"id":5047,"date":"2011-04-27T20:34:46","date_gmt":"2011-04-27T18:34:46","guid":{"rendered":"http:\/\/www.denkfried.de\/wp\/?page_id=5047"},"modified":"2013-07-12T22:31:58","modified_gmt":"2013-07-12T20:31:58","slug":"grosraschen","status":"publish","type":"page","link":"http:\/\/www.denkfried.de\/wp\/?page_id=5047","title":{"rendered":"Gro\u00dfr\u00e4schen"},"content":{"rendered":"<p>&nbsp;<\/p>\n<p><span style=\"text-decoration: underline;\"><strong>01983 Gro\u00dfr\u00e4schen<\/strong><\/span><\/p>\n<p><strong>Ortsteile:<\/strong><\/p>\n<blockquote>\n<blockquote>\n<ul>\n<li><a title=\"- Freienhufen\" href=\"http:\/\/www.denkfried.de\/wp\/?page_id=5056\"> Freienhufen<\/a><\/li>\n<li>Saalhausen<\/li>\n<\/ul>\n<\/blockquote>\n<\/blockquote>\n<p>*********************************************************<\/p>\n<p>Grabmale f\u00fcr 14 polnische und sowjetische Zwangsarbeiter auf dem Nordfriedhof. Die urspr\u00fcngliche Grablage auf dem S\u00fcdfriedhof wurde aufgel\u00f6st weil dieser dem Kohletagebau weichen mu\u00dfte.<\/p>\n<p><strong>Kriegsgr\u00e4berst\u00e4tte<\/strong><\/p>\n<p>Die Fotos stellte uns A.G\u00fcnther zur Verf\u00fcgung.Danke.<\/p>\n<p><strong>DENKMAL<\/strong><\/p>\n<p><strong><div id='gallery-1' class='gallery galleryid-5047 gallery-columns-3 gallery-size-thumbnail'><dl class='gallery-item'>\n\t\t\t<dt class='gallery-icon portrait'>\n\t\t\t\t<a href='http:\/\/www.denkfried.de\/wp\/?attachment_id=5048'><img loading=\"lazy\" decoding=\"async\" width=\"150\" height=\"150\" src=\"http:\/\/www.denkfried.de\/wp\/wp-content\/uploads\/2011\/04\/Bomberabsturtz3-150x150.jpg\" class=\"attachment-thumbnail size-thumbnail\" alt=\"\" \/><\/a>\n\t\t\t<\/dt><\/dl><dl class='gallery-item'>\n\t\t\t<dt class='gallery-icon landscape'>\n\t\t\t\t<a href='http:\/\/www.denkfried.de\/wp\/?attachment_id=5049'><img loading=\"lazy\" decoding=\"async\" width=\"150\" height=\"150\" src=\"http:\/\/www.denkfried.de\/wp\/wp-content\/uploads\/2011\/04\/Friedhofstra\u00dfe-v.-Andreas-G.-150x150.jpg\" class=\"attachment-thumbnail size-thumbnail\" alt=\"\" \/><\/a>\n\t\t\t<\/dt><\/dl><dl class='gallery-item'>\n\t\t\t<dt class='gallery-icon landscape'>\n\t\t\t\t<a href='http:\/\/www.denkfried.de\/wp\/?attachment_id=5050'><img loading=\"lazy\" decoding=\"async\" width=\"150\" height=\"150\" src=\"http:\/\/www.denkfried.de\/wp\/wp-content\/uploads\/2011\/04\/Kriegerdenkmal-150x150.jpg\" class=\"attachment-thumbnail size-thumbnail\" alt=\"\" \/><\/a>\n\t\t\t<\/dt><\/dl><br style=\"clear: both\" \/><dl class='gallery-item'>\n\t\t\t<dt class='gallery-icon landscape'>\n\t\t\t\t<a href='http:\/\/www.denkfried.de\/wp\/?attachment_id=5051'><img loading=\"lazy\" decoding=\"async\" width=\"150\" height=\"150\" src=\"http:\/\/www.denkfried.de\/wp\/wp-content\/uploads\/2011\/04\/P1010130-150x150.jpg\" class=\"attachment-thumbnail size-thumbnail\" alt=\"\" \/><\/a>\n\t\t\t<\/dt><\/dl><dl class='gallery-item'>\n\t\t\t<dt class='gallery-icon landscape'>\n\t\t\t\t<a href='http:\/\/www.denkfried.de\/wp\/?attachment_id=5052'><img loading=\"lazy\" decoding=\"async\" width=\"150\" height=\"150\" src=\"http:\/\/www.denkfried.de\/wp\/wp-content\/uploads\/2011\/04\/P1010131-150x150.jpg\" class=\"attachment-thumbnail size-thumbnail\" alt=\"\" \/><\/a>\n\t\t\t<\/dt><\/dl><dl class='gallery-item'>\n\t\t\t<dt class='gallery-icon landscape'>\n\t\t\t\t<a href='http:\/\/www.denkfried.de\/wp\/?attachment_id=5053'><img loading=\"lazy\" decoding=\"async\" width=\"150\" height=\"150\" src=\"http:\/\/www.denkfried.de\/wp\/wp-content\/uploads\/2011\/04\/Trauerhalle-150x150.jpg\" class=\"attachment-thumbnail size-thumbnail\" alt=\"\" \/><\/a>\n\t\t\t<\/dt><\/dl><br style=\"clear: both\" \/>\n\t\t<\/div>\n<br \/>\n<\/strong><\/p>\n","protected":false},"excerpt":{"rendered":"<p>&nbsp; 01983 Gro\u00dfr\u00e4schen Ortsteile: Freienhufen Saalhausen ********************************************************* Grabmale f\u00fcr 14 polnische und sowjetische Zwangsarbeiter auf dem Nordfriedhof. Die urspr\u00fcngliche Grablage auf dem S\u00fcdfriedhof wurde aufgel\u00f6st weil dieser dem Kohletagebau weichen mu\u00dfte. Kriegsgr\u00e4berst\u00e4tte Die Fotos stellte uns A.G\u00fcnther zur Verf\u00fcgung.Danke. DENKMAL<\/p>\n","protected":false},"author":2,"featured_media":0,"parent":5023,"menu_order":0,"comment_status":"closed","ping_status":"open","template":"","meta":{"footnotes":""},"class_list":["post-5047","page","type-page","status-publish","hentry"],"_links":{"self":[{"href":"http:\/\/www.denkfried.de\/wp\/index.php?rest_route=\/wp\/v2\/pages\/5047","targetHints":{"allow":["GET"]}}],"collection":[{"href":"http:\/\/www.denkfried.de\/wp\/index.php?rest_route=\/wp\/v2\/pages"}],"about":[{"href":"http:\/\/www.denkfried.de\/wp\/index.php?rest_route=\/wp\/v2\/types\/page"}],"author":[{"embeddable":true,"href":"http:\/\/www.denkfried.de\/wp\/index.php?rest_route=\/wp\/v2\/users\/2"}],"replies":[{"embeddable":true,"href":"http:\/\/www.denkfried.de\/wp\/index.php?rest_route=%2Fwp%2Fv2%2Fcomments&post=5047"}],"version-history":[{"count":4,"href":"http:\/\/www.denkfried.de\/wp\/index.php?rest_route=\/wp\/v2\/pages\/5047\/revisions"}],"predecessor-version":[{"id":31377,"href":"http:\/\/www.denkfried.de\/wp\/index.php?rest_route=\/wp\/v2\/pages\/5047\/revisions\/31377"}],"up":[{"embeddable":true,"href":"http:\/\/www.denkfried.de\/wp\/index.php?rest_route=\/wp\/v2\/pages\/5023"}],"wp:attachment":[{"href":"http:\/\/www.denkfried.de\/wp\/index.php?rest_route=%2Fwp%2Fv2%2Fmedia&parent=5047"}],"curies":[{"name":"wp","href":"https:\/\/api.w.org\/{rel}","templated":true}]}}