{"id":5028,"date":"2011-04-27T20:21:11","date_gmt":"2011-04-27T18:21:11","guid":{"rendered":"http:\/\/www.denkfried.de\/wp\/?page_id=5028"},"modified":"2012-11-20T21:09:05","modified_gmt":"2012-11-20T20:09:05","slug":"calau","status":"publish","type":"page","link":"http:\/\/www.denkfried.de\/wp\/?page_id=5028","title":{"rendered":"Calau"},"content":{"rendered":"<p>&nbsp;<\/p>\n<p><span style=\"text-decoration: underline;\"><strong>03205 Calau<\/strong><\/span><\/p>\n<p>Die Stadt liegt in der \u00a0Niederlausitz, ca. 25 km westlich von Cottbus und am \u00f6stlichen Rand des Naturparks Niederlausitzer Landr\u00fccken.<br \/>\nDie Umgebung Calaus wird gepr\u00e4gt durch ehemalige Braunkohletagebaue.<br \/>\n<a href=\"http:\/\/www.calau.de\/\" target=\"_blank\">www.calau.de<\/a><br \/>\nDie Denkmalsanlage an der Karl-Marx-Stra\u00dfe\/Ecke Parkstra\u00dfe, 1928 urspr\u00fcnglich f\u00fcr den ersten Reichspr\u00e4sidenten Friedrich Ebert gewidmet, von den Nazis 1933 zerst\u00f6rt, 1948 den Opfern des Nationalsozialismus gewidmet, 1989 wiederum umgewidmet f\u00fcr die Opfer des Faschismus und des Stalinismus.<\/p>\n<p><strong>Kriegsgr\u00e4berst\u00e4tte<\/strong> auf dem Friedhof<\/p>\n<div id='gallery-1' class='gallery galleryid-5028 gallery-columns-3 gallery-size-thumbnail'><dl class='gallery-item'>\n\t\t\t<dt class='gallery-icon landscape'>\n\t\t\t\t<a href='http:\/\/www.denkfried.de\/wp\/?attachment_id=5033'><img loading=\"lazy\" decoding=\"async\" width=\"150\" height=\"150\" src=\"http:\/\/www.denkfried.de\/wp\/wp-content\/uploads\/2011\/04\/Calau-1-150x150.jpg\" class=\"attachment-thumbnail size-thumbnail\" alt=\"\" \/><\/a>\n\t\t\t<\/dt><\/dl><dl class='gallery-item'>\n\t\t\t<dt class='gallery-icon landscape'>\n\t\t\t\t<a href='http:\/\/www.denkfried.de\/wp\/?attachment_id=5034'><img loading=\"lazy\" decoding=\"async\" width=\"150\" height=\"150\" src=\"http:\/\/www.denkfried.de\/wp\/wp-content\/uploads\/2011\/04\/Calau-2-150x150.jpg\" class=\"attachment-thumbnail size-thumbnail\" alt=\"\" \/><\/a>\n\t\t\t<\/dt><\/dl><dl class='gallery-item'>\n\t\t\t<dt class='gallery-icon landscape'>\n\t\t\t\t<a href='http:\/\/www.denkfried.de\/wp\/?attachment_id=5032'><img loading=\"lazy\" decoding=\"async\" width=\"150\" height=\"150\" src=\"http:\/\/www.denkfried.de\/wp\/wp-content\/uploads\/2011\/04\/Calau-10-150x150.jpg\" class=\"attachment-thumbnail size-thumbnail\" alt=\"\" \/><\/a>\n\t\t\t<\/dt><\/dl><br style=\"clear: both\" \/><dl class='gallery-item'>\n\t\t\t<dt class='gallery-icon landscape'>\n\t\t\t\t<a href='http:\/\/www.denkfried.de\/wp\/?attachment_id=5031'><img loading=\"lazy\" decoding=\"async\" width=\"150\" height=\"150\" src=\"http:\/\/www.denkfried.de\/wp\/wp-content\/uploads\/2011\/04\/Calau-9-150x150.jpg\" class=\"attachment-thumbnail size-thumbnail\" alt=\"\" \/><\/a>\n\t\t\t<\/dt><\/dl><dl class='gallery-item'>\n\t\t\t<dt class='gallery-icon landscape'>\n\t\t\t\t<a href='http:\/\/www.denkfried.de\/wp\/?attachment_id=5030'><img loading=\"lazy\" decoding=\"async\" width=\"150\" height=\"150\" src=\"http:\/\/www.denkfried.de\/wp\/wp-content\/uploads\/2011\/04\/Calau-4-150x150.jpg\" class=\"attachment-thumbnail size-thumbnail\" alt=\"\" \/><\/a>\n\t\t\t<\/dt><\/dl><dl class='gallery-item'>\n\t\t\t<dt class='gallery-icon landscape'>\n\t\t\t\t<a href='http:\/\/www.denkfried.de\/wp\/?attachment_id=5029'><img loading=\"lazy\" decoding=\"async\" width=\"150\" height=\"150\" src=\"http:\/\/www.denkfried.de\/wp\/wp-content\/uploads\/2011\/04\/Calau-3-150x150.jpg\" class=\"attachment-thumbnail size-thumbnail\" alt=\"\" \/><\/a>\n\t\t\t<\/dt><\/dl><br style=\"clear: both\" \/>\n\t\t<\/div>\n\n<p>Namen des Denkmals f\u00fcr den 1.Weltkrieg in der Datenbank eingetragen.<\/p>\n","protected":false},"excerpt":{"rendered":"<p>&nbsp; 03205 Calau Die Stadt liegt in der \u00a0Niederlausitz, ca. 25 km westlich von Cottbus und am \u00f6stlichen Rand des Naturparks Niederlausitzer Landr\u00fccken. Die Umgebung Calaus wird gepr\u00e4gt durch ehemalige Braunkohletagebaue. www.calau.de Die Denkmalsanlage an der Karl-Marx-Stra\u00dfe\/Ecke Parkstra\u00dfe, 1928 urspr\u00fcnglich &hellip; <a href=\"http:\/\/www.denkfried.de\/wp\/?page_id=5028\">Weiterlesen <span class=\"meta-nav\">&rarr;<\/span><\/a><\/p>\n","protected":false},"author":2,"featured_media":0,"parent":5023,"menu_order":0,"comment_status":"closed","ping_status":"open","template":"","meta":{"footnotes":""},"class_list":["post-5028","page","type-page","status-publish","hentry"],"_links":{"self":[{"href":"http:\/\/www.denkfried.de\/wp\/index.php?rest_route=\/wp\/v2\/pages\/5028","targetHints":{"allow":["GET"]}}],"collection":[{"href":"http:\/\/www.denkfried.de\/wp\/index.php?rest_route=\/wp\/v2\/pages"}],"about":[{"href":"http:\/\/www.denkfried.de\/wp\/index.php?rest_route=\/wp\/v2\/types\/page"}],"author":[{"embeddable":true,"href":"http:\/\/www.denkfried.de\/wp\/index.php?rest_route=\/wp\/v2\/users\/2"}],"replies":[{"embeddable":true,"href":"http:\/\/www.denkfried.de\/wp\/index.php?rest_route=%2Fwp%2Fv2%2Fcomments&post=5028"}],"version-history":[{"count":4,"href":"http:\/\/www.denkfried.de\/wp\/index.php?rest_route=\/wp\/v2\/pages\/5028\/revisions"}],"predecessor-version":[{"id":27083,"href":"http:\/\/www.denkfried.de\/wp\/index.php?rest_route=\/wp\/v2\/pages\/5028\/revisions\/27083"}],"up":[{"embeddable":true,"href":"http:\/\/www.denkfried.de\/wp\/index.php?rest_route=\/wp\/v2\/pages\/5023"}],"wp:attachment":[{"href":"http:\/\/www.denkfried.de\/wp\/index.php?rest_route=%2Fwp%2Fv2%2Fmedia&parent=5028"}],"curies":[{"name":"wp","href":"https:\/\/api.w.org\/{rel}","templated":true}]}}