{"id":5010,"date":"2011-04-27T20:04:39","date_gmt":"2011-04-27T18:04:39","guid":{"rendered":"http:\/\/www.denkfried.de\/wp\/?page_id=5010"},"modified":"2011-04-27T20:04:39","modified_gmt":"2011-04-27T18:04:39","slug":"spreenhagen-markgrafpieske","status":"publish","type":"page","link":"http:\/\/www.denkfried.de\/wp\/?page_id=5010","title":{"rendered":"Spreenhagen-Markgrafpieske"},"content":{"rendered":"<p>&nbsp;<\/p>\n<p><strong>15528 Spreenhagen &#8211; OT Markgrafpieske<\/strong><\/p>\n<p>Markgrafpieske befindet sich ca. 40 km s\u00fcd\u00f6stlich des Stadtzentrums von Berlin und 8 km s\u00fcdwestlich von F\u00fcrstenwalde.<br \/>\nDer  Ort besitzt 8 Friedh\u00f6fe, von denen noch 7 in Betrieb sind. \u00a0Die kleinen  Ortsteile, die im Laufe der Zeit zu Markgrafpieske zusammengeschlossen  wurden, hatten durch ihre fr\u00fchere Eigenst\u00e4ndigkeit auch eigene  Friedh\u00f6fe.<\/p>\n<p>Die Fotos wurden uns freundlicherweise vom User &#8222;Hagen&#8220; zur Verf\u00fcgung gestellt.<\/p>\n<div id='gallery-1' class='gallery galleryid-5010 gallery-columns-4 gallery-size-thumbnail'><dl class='gallery-item'>\n\t\t\t<dt class='gallery-icon portrait'>\n\t\t\t\t<a href='http:\/\/www.denkfried.de\/wp\/?attachment_id=5012'><img loading=\"lazy\" decoding=\"async\" width=\"150\" height=\"150\" src=\"http:\/\/www.denkfried.de\/wp\/wp-content\/uploads\/2011\/04\/16-150x150.jpg\" class=\"attachment-thumbnail size-thumbnail\" alt=\"\" \/><\/a>\n\t\t\t<\/dt><\/dl><dl class='gallery-item'>\n\t\t\t<dt class='gallery-icon portrait'>\n\t\t\t\t<a href='http:\/\/www.denkfried.de\/wp\/?attachment_id=5014'><img loading=\"lazy\" decoding=\"async\" width=\"150\" height=\"150\" src=\"http:\/\/www.denkfried.de\/wp\/wp-content\/uploads\/2011\/04\/34-150x150.jpg\" class=\"attachment-thumbnail size-thumbnail\" alt=\"\" \/><\/a>\n\t\t\t<\/dt><\/dl><dl class='gallery-item'>\n\t\t\t<dt class='gallery-icon portrait'>\n\t\t\t\t<a href='http:\/\/www.denkfried.de\/wp\/?attachment_id=5013'><img loading=\"lazy\" decoding=\"async\" width=\"150\" height=\"150\" src=\"http:\/\/www.denkfried.de\/wp\/wp-content\/uploads\/2011\/04\/22-150x150.jpg\" class=\"attachment-thumbnail size-thumbnail\" alt=\"\" \/><\/a>\n\t\t\t<\/dt><\/dl><dl class='gallery-item'>\n\t\t\t<dt class='gallery-icon landscape'>\n\t\t\t\t<a href='http:\/\/www.denkfried.de\/wp\/?attachment_id=5011'><img loading=\"lazy\" decoding=\"async\" width=\"150\" height=\"150\" src=\"http:\/\/www.denkfried.de\/wp\/wp-content\/uploads\/2011\/04\/79-150x150.jpg\" class=\"attachment-thumbnail size-thumbnail\" alt=\"\" \/><\/a>\n\t\t\t<\/dt><\/dl><br style=\"clear: both\" \/>\n\t\t<\/div>\n\n","protected":false},"excerpt":{"rendered":"<p>&nbsp; 15528 Spreenhagen &#8211; OT Markgrafpieske Markgrafpieske befindet sich ca. 40 km s\u00fcd\u00f6stlich des Stadtzentrums von Berlin und 8 km s\u00fcdwestlich von F\u00fcrstenwalde. Der Ort besitzt 8 Friedh\u00f6fe, von denen noch 7 in Betrieb sind. \u00a0Die kleinen Ortsteile, die im &hellip; <a href=\"http:\/\/www.denkfried.de\/wp\/?page_id=5010\">Weiterlesen <span class=\"meta-nav\">&rarr;<\/span><\/a><\/p>\n","protected":false},"author":2,"featured_media":0,"parent":5007,"menu_order":0,"comment_status":"closed","ping_status":"open","template":"","meta":{"footnotes":""},"class_list":["post-5010","page","type-page","status-publish","hentry"],"_links":{"self":[{"href":"http:\/\/www.denkfried.de\/wp\/index.php?rest_route=\/wp\/v2\/pages\/5010","targetHints":{"allow":["GET"]}}],"collection":[{"href":"http:\/\/www.denkfried.de\/wp\/index.php?rest_route=\/wp\/v2\/pages"}],"about":[{"href":"http:\/\/www.denkfried.de\/wp\/index.php?rest_route=\/wp\/v2\/types\/page"}],"author":[{"embeddable":true,"href":"http:\/\/www.denkfried.de\/wp\/index.php?rest_route=\/wp\/v2\/users\/2"}],"replies":[{"embeddable":true,"href":"http:\/\/www.denkfried.de\/wp\/index.php?rest_route=%2Fwp%2Fv2%2Fcomments&post=5010"}],"version-history":[{"count":2,"href":"http:\/\/www.denkfried.de\/wp\/index.php?rest_route=\/wp\/v2\/pages\/5010\/revisions"}],"predecessor-version":[{"id":5016,"href":"http:\/\/www.denkfried.de\/wp\/index.php?rest_route=\/wp\/v2\/pages\/5010\/revisions\/5016"}],"up":[{"embeddable":true,"href":"http:\/\/www.denkfried.de\/wp\/index.php?rest_route=\/wp\/v2\/pages\/5007"}],"wp:attachment":[{"href":"http:\/\/www.denkfried.de\/wp\/index.php?rest_route=%2Fwp%2Fv2%2Fmedia&parent=5010"}],"curies":[{"name":"wp","href":"https:\/\/api.w.org\/{rel}","templated":true}]}}