{"id":4973,"date":"2011-04-27T18:58:27","date_gmt":"2011-04-27T16:58:27","guid":{"rendered":"http:\/\/www.denkfried.de\/wp\/?page_id=4973"},"modified":"2011-04-27T18:58:27","modified_gmt":"2011-04-27T16:58:27","slug":"furstenwalde","status":"publish","type":"page","link":"http:\/\/www.denkfried.de\/wp\/?page_id=4973","title":{"rendered":"F\u00fcrstenwalde"},"content":{"rendered":"<p>&nbsp;<\/p>\n<p><strong>15517 F\u00fcrstenwalde<\/strong><\/p>\n<p>Kriegsgr\u00e4berst\u00e4tte<br \/>\nDeutschland\/F\u00fcrstenwalde\/Spree \u00a0 \u00a0 \u00a0 \u00a0 \u00a0 \u00a0 \u00a0(2.WK)<br \/>\nNamentlich erfasst: \u00a02.WK \u00a0 \u00a0 \u00a03 Kriegstote<\/p>\n<p>+++++++++++++++++++++++++++++++++++++++++++++<\/p>\n<p><strong>Kriegsgr\u00e4berst\u00e4tte<\/strong><br \/>\nEhrenfriedhof, Dr.-Wilhelm-K\u00fclz-Stra\u00dfe<br \/>\nEhrenfriedhof  mit Gedenkmauer, eingeweiht am 10.November 1977. Hier ruhen 500 in den  Fr\u00fchjahrsk\u00e4mpfen 1945 gefallene Soldaten und Offiziere der Roten Armee.<\/p>\n<p>++++++++++++++++++++++++++++++++++++++++++++<\/p>\n<p>Ehrenfriedhof, Stadtpark<br \/>\nEhrenfriedhof mit Gedenkstein. Auf der  Anlage, die auf Grundlage des SMAD-Befehls Nr.117 aus dem Jahre 1946  geschaffen wurde, ruhen 366 Sowjetb\u00fcrger &#8211; gr\u00f6\u00dftenteils Soldaten und  Offiziere, die w\u00e4hrend des Truppenaufenthaltes in Erf\u00fcllung dienstlicher  Aufgaben verungl\u00fcckten.<\/p>\n<p>++++++++++++++++++++++++++++++++++++++++++++<\/p>\n<p><strong>Kriegsgr\u00e4berst\u00e4tte<\/strong><br \/>\nWaldfriedhof Hegelstra\u00dfe<\/p>\n<p>++++++++++++++++++++++++++++++++++++++++++++<\/p>\n<p><strong>Kriegsgr\u00e4berst\u00e4tte<\/strong><\/p>\n<p><strong> <\/strong> Neuer Friedhof<\/p>\n<p>++++++++++++++++++++++++++++++++++++++++++++<\/p>\n<p>&nbsp;<\/p>\n","protected":false},"excerpt":{"rendered":"<p>&nbsp; 15517 F\u00fcrstenwalde Kriegsgr\u00e4berst\u00e4tte Deutschland\/F\u00fcrstenwalde\/Spree \u00a0 \u00a0 \u00a0 \u00a0 \u00a0 \u00a0 \u00a0(2.WK) Namentlich erfasst: \u00a02.WK \u00a0 \u00a0 \u00a03 Kriegstote +++++++++++++++++++++++++++++++++++++++++++++ Kriegsgr\u00e4berst\u00e4tte Ehrenfriedhof, Dr.-Wilhelm-K\u00fclz-Stra\u00dfe Ehrenfriedhof mit Gedenkmauer, eingeweiht am 10.November 1977. Hier ruhen 500 in den Fr\u00fchjahrsk\u00e4mpfen 1945 gefallene Soldaten und &hellip; <a href=\"http:\/\/www.denkfried.de\/wp\/?page_id=4973\">Weiterlesen <span class=\"meta-nav\">&rarr;<\/span><\/a><\/p>\n","protected":false},"author":2,"featured_media":0,"parent":4960,"menu_order":0,"comment_status":"closed","ping_status":"open","template":"","meta":{"footnotes":""},"class_list":["post-4973","page","type-page","status-publish","hentry"],"_links":{"self":[{"href":"http:\/\/www.denkfried.de\/wp\/index.php?rest_route=\/wp\/v2\/pages\/4973","targetHints":{"allow":["GET"]}}],"collection":[{"href":"http:\/\/www.denkfried.de\/wp\/index.php?rest_route=\/wp\/v2\/pages"}],"about":[{"href":"http:\/\/www.denkfried.de\/wp\/index.php?rest_route=\/wp\/v2\/types\/page"}],"author":[{"embeddable":true,"href":"http:\/\/www.denkfried.de\/wp\/index.php?rest_route=\/wp\/v2\/users\/2"}],"replies":[{"embeddable":true,"href":"http:\/\/www.denkfried.de\/wp\/index.php?rest_route=%2Fwp%2Fv2%2Fcomments&post=4973"}],"version-history":[{"count":2,"href":"http:\/\/www.denkfried.de\/wp\/index.php?rest_route=\/wp\/v2\/pages\/4973\/revisions"}],"predecessor-version":[{"id":4975,"href":"http:\/\/www.denkfried.de\/wp\/index.php?rest_route=\/wp\/v2\/pages\/4973\/revisions\/4975"}],"up":[{"embeddable":true,"href":"http:\/\/www.denkfried.de\/wp\/index.php?rest_route=\/wp\/v2\/pages\/4960"}],"wp:attachment":[{"href":"http:\/\/www.denkfried.de\/wp\/index.php?rest_route=%2Fwp%2Fv2%2Fmedia&parent=4973"}],"curies":[{"name":"wp","href":"https:\/\/api.w.org\/{rel}","templated":true}]}}