{"id":4960,"date":"2011-04-27T18:45:31","date_gmt":"2011-04-27T16:45:31","guid":{"rendered":"http:\/\/www.denkfried.de\/wp\/?page_id=4960"},"modified":"2012-11-30T20:38:00","modified_gmt":"2012-11-30T19:38:00","slug":"lk-oder-spree","status":"publish","type":"page","link":"http:\/\/www.denkfried.de\/wp\/?page_id=4960","title":{"rendered":"LK ODER-SPREE"},"content":{"rendered":"<p>&nbsp;<\/p>\n<p>Verwaltungssitz: <strong>15848 Beeskow<\/strong>, Breitscheidstra\u00dfe 7<\/p>\n<p>*********************************************************<\/p>\n<blockquote>\n<ul>\n<li>Amt Brieskow-Finkenheerd<\/li>\n<li>&#8211; Brieskow Finkenheerd KGST<\/li>\n<\/ul>\n<ul>\n<li><a title=\"Eisenh\u00fcttenstadt\" href=\"http:\/\/www.denkfried.de\/wp\/?page_id=4963\">Eisenh\u00fcttenstadt<\/a><\/li>\n<li><a title=\"Eisenh\u00fcttenstadt-Rie\u00dfen\" href=\"http:\/\/www.denkfried.de\/wp\/?page_id=4966\">Eisenh\u00fcttenstadt-Rie\u00dfen<\/a><\/li>\n<li><a title=\"Eisenh\u00fcttenstadt-Sch\u00f6nflie\u00df\" href=\"http:\/\/www.denkfried.de\/wp\/?page_id=4970\">Eisenh\u00fcttenstadt-Sch\u00f6nflie\u00df<\/a><\/li>\n<\/ul>\n<ul>\n<li><a href=\"http:\/\/www.denkfried.de\/wp\/?page_id=10158\">Erkner\u00a0&#8211; Friedhof<\/a><\/li>\n<li><a href=\"http:\/\/www.denkfried.de\/wp\/?page_id=15358\">Erkner &#8211; Denkm\u00e4ler<\/a><\/li>\n<\/ul>\n<ul>\n<li><a title=\"F\u00fcrstenwalde\" href=\"http:\/\/www.denkfried.de\/wp\/?page_id=4973\">F\u00fcrstenwalde<\/a><\/li>\n<li><a title=\"Neuer Friedhof\" href=\"http:\/\/www.denkfried.de\/wp\/?page_id=4987\">&#8211; Neuer Friedhof<\/a><\/li>\n<li><a title=\"Waldfriedhof Hegelstra\u00dfe\" href=\"http:\/\/www.denkfried.de\/wp\/?page_id=4976\">&#8211; Waldfriedhof Hegelstra\u00dfe<\/a><\/li>\n<\/ul>\n<ul>\n<li><a title=\"Gr\u00fcnheide\" href=\"http:\/\/www.denkfried.de\/wp\/?page_id=4991\">Gr\u00fcnheide<\/a><\/li>\n<li><a title=\"M\u00fcllrose\" href=\"http:\/\/www.denkfried.de\/wp\/?page_id=4994\">M\u00fcllrose<\/a><\/li>\n<\/ul>\n<ul>\n<li><a href=\"http:\/\/www.denkfried.de\/wp\/?page_id=22127\">Neuzelle<\/a><\/li>\n<\/ul>\n<ul>\n<li><a title=\"Schlaubetal\" href=\"http:\/\/www.denkfried.de\/wp\/?page_id=5001\">Schlaubetal<\/a><\/li>\n<li><a title=\"Schlaubetal-F\u00fcnfeichen\" href=\"http:\/\/www.denkfried.de\/wp\/?page_id=5004\">Schlaubetal-F\u00fcnfeichen<\/a><\/li>\n<\/ul>\n<ul>\n<li><a title=\"Spreenhagen\" href=\"http:\/\/www.denkfried.de\/wp\/?page_id=5007\">Spreenhagen<\/a><\/li>\n<li><a title=\"Spreenhagen-Markgrafpieske\" href=\"http:\/\/www.denkfried.de\/wp\/?page_id=5010\">Spreenhagen-Markgrafpieske<\/a><\/li>\n<\/ul>\n<ul>\n<li><a title=\"Steinh\u00f6fel\" href=\"http:\/\/www.denkfried.de\/wp\/?page_id=5017\">Steinh\u00f6fel<\/a><\/li>\n<li><a title=\"Steinh\u00f6fel-Arensdorf\" href=\"http:\/\/www.denkfried.de\/wp\/?page_id=5020\">Steinh\u00f6fel-Arensdorf<\/a><\/li>\n<\/ul>\n<ul>\n<li>Storkow<\/li>\n<\/ul>\n<\/blockquote>\n<p>&nbsp;<\/p>\n","protected":false},"excerpt":{"rendered":"<p>&nbsp; Verwaltungssitz: 15848 Beeskow, Breitscheidstra\u00dfe 7 ********************************************************* Amt Brieskow-Finkenheerd &#8211; Brieskow Finkenheerd KGST Eisenh\u00fcttenstadt Eisenh\u00fcttenstadt-Rie\u00dfen Eisenh\u00fcttenstadt-Sch\u00f6nflie\u00df Erkner\u00a0&#8211; Friedhof Erkner &#8211; Denkm\u00e4ler F\u00fcrstenwalde &#8211; Neuer Friedhof &#8211; Waldfriedhof Hegelstra\u00dfe Gr\u00fcnheide M\u00fcllrose Neuzelle Schlaubetal Schlaubetal-F\u00fcnfeichen Spreenhagen Spreenhagen-Markgrafpieske Steinh\u00f6fel Steinh\u00f6fel-Arensdorf Storkow &nbsp;<\/p>\n","protected":false},"author":2,"featured_media":0,"parent":374,"menu_order":0,"comment_status":"closed","ping_status":"open","template":"","meta":{"footnotes":""},"class_list":["post-4960","page","type-page","status-publish","hentry"],"_links":{"self":[{"href":"http:\/\/www.denkfried.de\/wp\/index.php?rest_route=\/wp\/v2\/pages\/4960","targetHints":{"allow":["GET"]}}],"collection":[{"href":"http:\/\/www.denkfried.de\/wp\/index.php?rest_route=\/wp\/v2\/pages"}],"about":[{"href":"http:\/\/www.denkfried.de\/wp\/index.php?rest_route=\/wp\/v2\/types\/page"}],"author":[{"embeddable":true,"href":"http:\/\/www.denkfried.de\/wp\/index.php?rest_route=\/wp\/v2\/users\/2"}],"replies":[{"embeddable":true,"href":"http:\/\/www.denkfried.de\/wp\/index.php?rest_route=%2Fwp%2Fv2%2Fcomments&post=4960"}],"version-history":[{"count":13,"href":"http:\/\/www.denkfried.de\/wp\/index.php?rest_route=\/wp\/v2\/pages\/4960\/revisions"}],"predecessor-version":[{"id":27442,"href":"http:\/\/www.denkfried.de\/wp\/index.php?rest_route=\/wp\/v2\/pages\/4960\/revisions\/27442"}],"up":[{"embeddable":true,"href":"http:\/\/www.denkfried.de\/wp\/index.php?rest_route=\/wp\/v2\/pages\/374"}],"wp:attachment":[{"href":"http:\/\/www.denkfried.de\/wp\/index.php?rest_route=%2Fwp%2Fv2%2Fmedia&parent=4960"}],"curies":[{"name":"wp","href":"https:\/\/api.w.org\/{rel}","templated":true}]}}