{"id":4957,"date":"2011-04-27T18:43:24","date_gmt":"2011-04-27T16:43:24","guid":{"rendered":"http:\/\/www.denkfried.de\/wp\/?page_id=4957"},"modified":"2011-04-27T19:06:21","modified_gmt":"2011-04-27T17:06:21","slug":"4957-2","status":"publish","type":"page","link":"http:\/\/www.denkfried.de\/wp\/?page_id=4957","title":{"rendered":"Kyritz"},"content":{"rendered":"<p>&nbsp;<\/p>\n<p><strong>16866 Kyritz<\/strong><\/p>\n<p>DENKMAL<br \/>\nKriegerdenkmal vor der Stadtpfarrkirche, Joh.-Sebastian-Bach-Stra\u00dfe<\/p>\n<p>Kriegsgr\u00e4berst\u00e4tte<br \/>\nEhrenfriedhof, Pritzwalker Stra\u00dfe<br \/>\nHier  wurden die in den Fr\u00fchjahrsk\u00e4mpfen 1945 um Kyritz gefallenen  sowjetischen Soldaten und offiziere sowie auch sp\u00e4ter verstorbene  Angeh\u00f6rige der Sowjetarmee beigesetzt. In 49 Einzel-und vier  Gemeinschaftgr\u00e4bern ruhen insgesamt 59 Tote. Die anlage wurde 1965 in  ihrer heutigen Gestalt eingeweiht. Das Denkmal stammt vom Dresdner  Bildhauer Friedrich Rogge.<\/p>\n","protected":false},"excerpt":{"rendered":"<p>&nbsp; 16866 Kyritz DENKMAL Kriegerdenkmal vor der Stadtpfarrkirche, Joh.-Sebastian-Bach-Stra\u00dfe Kriegsgr\u00e4berst\u00e4tte Ehrenfriedhof, Pritzwalker Stra\u00dfe Hier wurden die in den Fr\u00fchjahrsk\u00e4mpfen 1945 um Kyritz gefallenen sowjetischen Soldaten und offiziere sowie auch sp\u00e4ter verstorbene Angeh\u00f6rige der Sowjetarmee beigesetzt. In 49 Einzel-und vier Gemeinschaftgr\u00e4bern &hellip; <a href=\"http:\/\/www.denkfried.de\/wp\/?page_id=4957\">Weiterlesen <span class=\"meta-nav\">&rarr;<\/span><\/a><\/p>\n","protected":false},"author":2,"featured_media":0,"parent":4954,"menu_order":0,"comment_status":"closed","ping_status":"open","template":"","meta":{"footnotes":""},"class_list":["post-4957","page","type-page","status-publish","hentry"],"_links":{"self":[{"href":"http:\/\/www.denkfried.de\/wp\/index.php?rest_route=\/wp\/v2\/pages\/4957","targetHints":{"allow":["GET"]}}],"collection":[{"href":"http:\/\/www.denkfried.de\/wp\/index.php?rest_route=\/wp\/v2\/pages"}],"about":[{"href":"http:\/\/www.denkfried.de\/wp\/index.php?rest_route=\/wp\/v2\/types\/page"}],"author":[{"embeddable":true,"href":"http:\/\/www.denkfried.de\/wp\/index.php?rest_route=\/wp\/v2\/users\/2"}],"replies":[{"embeddable":true,"href":"http:\/\/www.denkfried.de\/wp\/index.php?rest_route=%2Fwp%2Fv2%2Fcomments&post=4957"}],"version-history":[{"count":3,"href":"http:\/\/www.denkfried.de\/wp\/index.php?rest_route=\/wp\/v2\/pages\/4957\/revisions"}],"predecessor-version":[{"id":4990,"href":"http:\/\/www.denkfried.de\/wp\/index.php?rest_route=\/wp\/v2\/pages\/4957\/revisions\/4990"}],"up":[{"embeddable":true,"href":"http:\/\/www.denkfried.de\/wp\/index.php?rest_route=\/wp\/v2\/pages\/4954"}],"wp:attachment":[{"href":"http:\/\/www.denkfried.de\/wp\/index.php?rest_route=%2Fwp%2Fv2%2Fmedia&parent=4957"}],"curies":[{"name":"wp","href":"https:\/\/api.w.org\/{rel}","templated":true}]}}