{"id":4942,"date":"2011-04-27T18:18:36","date_gmt":"2011-04-27T16:18:36","guid":{"rendered":"http:\/\/www.denkfried.de\/wp\/?page_id=4942"},"modified":"2011-04-27T18:18:36","modified_gmt":"2011-04-27T16:18:36","slug":"wittenberge","status":"publish","type":"page","link":"http:\/\/www.denkfried.de\/wp\/?page_id=4942","title":{"rendered":"Wittenberge"},"content":{"rendered":"<p>&nbsp;<\/p>\n<p><strong>19322 Wittenberge<\/strong><\/p>\n<p>Die  Stadt liegt im Nordwesten Brandenburgs. Zu wittenberge geh\u00f6ren die  Ortsteile Bentwisch, Garsedow, Hinzdorf, Lindenberg, L\u00fctjenheide,  Schadebeuster und Zwischendeich.<\/p>\n<p>Geschichtsdenkmale:<br \/>\nGedenkstein, gegen\u00fcber des Friedhofs, f\u00fcr die Opfer des Faschismus durch KZ-Terror und Zwangsarbeit. (von 1949)<br \/>\nMahnmal, in der N\u00e4he der Feierhalle, f\u00fcr die Opfer der Kriege und Gewaltherrschaft.\u00a0 (von 1996)<br \/>\nGedenkstein,  im ehemaligen N\u00e4hmaschinenfabrik, f\u00fcr sieben Personen, die als  antifaschistische Widerstandsk\u00e4mpfer, Zwangsarbeiter ermordet wurden.<br \/>\nGedenkstein, auf dem St\u00e4dt.Friedhof, zur Erinnerung an den J\u00fcdischen Friedhof.\u00a0 (von 1962)<br \/>\nGedenkstein, Scheunenstra\u00dfe, f\u00fcr Werner Seelenbinder<\/p>\n<p>Kriegsgr\u00e4berst\u00e4tte<br \/>\nSowjetischer Ehrenfriedhof, Elmshorner Platz<\/p>\n<p>Gr\u00e4berst\u00e4tte<br \/>\nEhrenfriedhof der VVN<\/p>\n<p>&nbsp;<\/p>\n","protected":false},"excerpt":{"rendered":"<p>&nbsp; 19322 Wittenberge Die Stadt liegt im Nordwesten Brandenburgs. Zu wittenberge geh\u00f6ren die Ortsteile Bentwisch, Garsedow, Hinzdorf, Lindenberg, L\u00fctjenheide, Schadebeuster und Zwischendeich. Geschichtsdenkmale: Gedenkstein, gegen\u00fcber des Friedhofs, f\u00fcr die Opfer des Faschismus durch KZ-Terror und Zwangsarbeit. (von 1949) Mahnmal, in &hellip; <a href=\"http:\/\/www.denkfried.de\/wp\/?page_id=4942\">Weiterlesen <span class=\"meta-nav\">&rarr;<\/span><\/a><\/p>\n","protected":false},"author":2,"featured_media":0,"parent":4939,"menu_order":0,"comment_status":"closed","ping_status":"open","template":"","meta":{"footnotes":""},"class_list":["post-4942","page","type-page","status-publish","hentry"],"_links":{"self":[{"href":"http:\/\/www.denkfried.de\/wp\/index.php?rest_route=\/wp\/v2\/pages\/4942","targetHints":{"allow":["GET"]}}],"collection":[{"href":"http:\/\/www.denkfried.de\/wp\/index.php?rest_route=\/wp\/v2\/pages"}],"about":[{"href":"http:\/\/www.denkfried.de\/wp\/index.php?rest_route=\/wp\/v2\/types\/page"}],"author":[{"embeddable":true,"href":"http:\/\/www.denkfried.de\/wp\/index.php?rest_route=\/wp\/v2\/users\/2"}],"replies":[{"embeddable":true,"href":"http:\/\/www.denkfried.de\/wp\/index.php?rest_route=%2Fwp%2Fv2%2Fcomments&post=4942"}],"version-history":[{"count":2,"href":"http:\/\/www.denkfried.de\/wp\/index.php?rest_route=\/wp\/v2\/pages\/4942\/revisions"}],"predecessor-version":[{"id":4944,"href":"http:\/\/www.denkfried.de\/wp\/index.php?rest_route=\/wp\/v2\/pages\/4942\/revisions\/4944"}],"up":[{"embeddable":true,"href":"http:\/\/www.denkfried.de\/wp\/index.php?rest_route=\/wp\/v2\/pages\/4939"}],"wp:attachment":[{"href":"http:\/\/www.denkfried.de\/wp\/index.php?rest_route=%2Fwp%2Fv2%2Fmedia&parent=4942"}],"curies":[{"name":"wp","href":"https:\/\/api.w.org\/{rel}","templated":true}]}}