{"id":4939,"date":"2011-04-27T18:17:10","date_gmt":"2011-04-27T16:17:10","guid":{"rendered":"http:\/\/www.denkfried.de\/wp\/?page_id=4939"},"modified":"2012-09-09T10:53:57","modified_gmt":"2012-09-09T08:53:57","slug":"lk-prignitz","status":"publish","type":"page","link":"http:\/\/www.denkfried.de\/wp\/?page_id=4939","title":{"rendered":"LK PRIGNITZ"},"content":{"rendered":"<p>&nbsp;<\/p>\n<p>Verwaltungssitz: <strong>19348 Perleberg<\/strong>, Berliner Stra\u00dfe 49<\/p>\n<p>*********************************************************<\/p>\n<p><span style=\"text-decoration: underline;\"><strong>St\u00e4dte<\/strong><\/span><\/p>\n<ul>\n<li>Bad Wilsnack<\/li>\n<li>Lenzen<\/li>\n<li>Meyenburg<\/li>\n<li>Perleberg<\/li>\n<li>Pritzwalk<\/li>\n<li>Putlitz<\/li>\n<li><a title=\"Wittenberge\" href=\"http:\/\/www.denkfried.de\/wp\/?page_id=4942\">Wittenberge<\/a><\/li>\n<\/ul>\n<p><span style=\"text-decoration: underline;\"><strong>Amtsfreie Gemeinden<\/strong><\/span><\/p>\n<ul>\n<li>Gro\u00df Pankow<\/li>\n<li>Gumtow<\/li>\n<li>Karst\u00e4dt<\/li>\n<li>Plattenburg<\/li>\n<\/ul>\n<p>&nbsp;<\/p>\n","protected":false},"excerpt":{"rendered":"<p>&nbsp; Verwaltungssitz: 19348 Perleberg, Berliner Stra\u00dfe 49 ********************************************************* St\u00e4dte Bad Wilsnack Lenzen Meyenburg Perleberg Pritzwalk Putlitz Wittenberge Amtsfreie Gemeinden Gro\u00df Pankow Gumtow Karst\u00e4dt Plattenburg &nbsp;<\/p>\n","protected":false},"author":2,"featured_media":0,"parent":374,"menu_order":0,"comment_status":"closed","ping_status":"open","template":"","meta":{"footnotes":""},"class_list":["post-4939","page","type-page","status-publish","hentry"],"_links":{"self":[{"href":"http:\/\/www.denkfried.de\/wp\/index.php?rest_route=\/wp\/v2\/pages\/4939","targetHints":{"allow":["GET"]}}],"collection":[{"href":"http:\/\/www.denkfried.de\/wp\/index.php?rest_route=\/wp\/v2\/pages"}],"about":[{"href":"http:\/\/www.denkfried.de\/wp\/index.php?rest_route=\/wp\/v2\/types\/page"}],"author":[{"embeddable":true,"href":"http:\/\/www.denkfried.de\/wp\/index.php?rest_route=\/wp\/v2\/users\/2"}],"replies":[{"embeddable":true,"href":"http:\/\/www.denkfried.de\/wp\/index.php?rest_route=%2Fwp%2Fv2%2Fcomments&post=4939"}],"version-history":[{"count":6,"href":"http:\/\/www.denkfried.de\/wp\/index.php?rest_route=\/wp\/v2\/pages\/4939\/revisions"}],"predecessor-version":[{"id":24920,"href":"http:\/\/www.denkfried.de\/wp\/index.php?rest_route=\/wp\/v2\/pages\/4939\/revisions\/24920"}],"up":[{"embeddable":true,"href":"http:\/\/www.denkfried.de\/wp\/index.php?rest_route=\/wp\/v2\/pages\/374"}],"wp:attachment":[{"href":"http:\/\/www.denkfried.de\/wp\/index.php?rest_route=%2Fwp%2Fv2%2Fmedia&parent=4939"}],"curies":[{"name":"wp","href":"https:\/\/api.w.org\/{rel}","templated":true}]}}