{"id":4896,"date":"2011-04-27T14:43:11","date_gmt":"2011-04-27T12:43:11","guid":{"rendered":"http:\/\/www.denkfried.de\/wp\/?page_id=4896"},"modified":"2012-09-15T20:52:49","modified_gmt":"2012-09-15T18:52:49","slug":"spremberg","status":"publish","type":"page","link":"http:\/\/www.denkfried.de\/wp\/?page_id=4896","title":{"rendered":"Spremberg"},"content":{"rendered":"<p>&nbsp;<\/p>\n<p><span style=\"text-decoration: underline;\"><strong>03130 Spremberg<\/strong><\/span><\/p>\n<blockquote>\n<ul>\n<li><a title=\"Spremberg (FH Georgenbad)\" href=\"http:\/\/www.denkfried.de\/wp\/?page_id=4902\">FH Georgenberg<\/a><\/li>\n<li><a title=\"Spremberg (FH Kirchhofsweg)\" href=\"http:\/\/www.denkfried.de\/wp\/?page_id=4913\">FH Kirchhofsweg<\/a><\/li>\n<li><a title=\"Spremberg (Waldfriedhof)\" href=\"http:\/\/www.denkfried.de\/wp\/?page_id=4899\">FH Waldfriedhof<\/a><\/li>\n<\/ul>\n<\/blockquote>\n<p>&nbsp;<\/p>\n<p><strong>Ortsteile:<\/strong><\/p>\n<blockquote>\n<blockquote>\n<ul>\n<li><a title=\"Spremberg-Schwarze Pumpe\" href=\"http:\/\/www.denkfried.de\/wp\/?page_id=4928\"> Schwarze Pumpe<\/a><\/li>\n<\/ul>\n<\/blockquote>\n<\/blockquote>\n<p>+++++++++++++++++++++++++++++++++++++++++++<\/p>\n<p>Der Bismarckturm in Spremberg<br \/>\n1920 wurde unterhalb dieses Turmes ein Kriegerdenkmal eingeweiht, das an die Gefallenen des 1.Weltkrieges erinnert.<br \/>\n1946 wurde oberhalb des Bismarckturms ein sowjetischer Soldatenfriedhof angelegt. Die 1. Ukrainische Front hatte am 20.April 1945 Spremberg eingenommen, zusammen mit der 5.Gardearmee und Einheiten der polnische Armee. Wahrscheinlich sind unter den hier liegenden 518 gefallenen Soldaten auch Polen. Die vor einer Gedenkmauer stehenden kleinen Gedenksteinen sind jedoch mit Sowjetsternen gekr\u00f6nt.<br \/>\n1961 wurde auf dem Georgenberg eine weitere Gedenkst\u00e4tte angelegt; F\u00fcr die Opfer des Faschismus.<br \/>\nDas urspr\u00fcnglich den Gefallenen des 1.Weltkrieges gewidmete Denkmal wurde in die neue Gedenkst\u00e4tte einbezogen und daf\u00fcr seiner Inschriften beraubt.<br \/>\nEine Inschriftentafel f\u00fcr die Opfer des Faschismus und Militarismus tr\u00e4gt folgende Namen:<br \/>\nAlbert Zimmermann \u00a0 \u00a0 \u00a0 \u00a0 \u00a0 \u00a0 \u00a0Erich Block \u00a0 \u00a0 \u00a0 \u00a0 \u00a0 \u00a0 \u00a0Johann Ploss \u00a0 \u00a0 \u00a0 \u00a0 \u00a0 \u00a0 \u00a0 Reinhold Greiner<br \/>\nPaul Thomas \u00a0 \u00a0 \u00a0 \u00a0 \u00a0 \u00a0 \u00a0 \u00a0 \u00a0 \u00a0 \u00a0Ewald Borowitzki \u00a0 \u00a0 \u00a0 Alfred Balo \u00a0 \u00a0 \u00a0 \u00a0 \u00a0 \u00a0 \u00a0 \u00a0 \u00a0Gustav Schneider<br \/>\nRichard K\u00fchrig \u00a0 \u00a0 \u00a0 \u00a0 \u00a0 \u00a0 \u00a0 \u00a0 \u00a0 \u00a0Alfred Scholz \u00a0 \u00a0 \u00a0 \u00a0 \u00a0 \u00a0Franz Lintner \u00a0 \u00a0 \u00a0 \u00a0 \u00a0 \u00a0 \u00a0Josef Sperlich<br \/>\nMax Keller \u00a0 \u00a0 \u00a0 \u00a0 \u00a0 \u00a0 \u00a0 \u00a0 \u00a0 \u00a0 \u00a0 \u00a0 Magdalena Richter \u00a0 \u00a0 Alfred Kr\u00fcger \u00a0 \u00a0 \u00a0 \u00a0 \u00a0 \u00a0 \u00a0Walter Lehmann<br \/>\nMichael Walter \u00a0 \u00a0 \u00a0 \u00a0 \u00a0 \u00a0 \u00a0 \u00a0 \u00a0 Fritz Schulz , 28 Ermorderte KZ-H\u00e4ftlinge in Gosda<br \/>\n++++++++++++++++++++++++++++++++++++++++++++<br \/>\nEine weitere Gedenkst\u00e4tte auf dem Spremberger Georgenberg ist eine Kriegsgr\u00e4berst\u00e4tte f\u00fcr gefallene deutsche Soldaten, die w\u00e4hrend DDR-Zeiten verwahrloste und erst nach 1990 in einen w\u00fcrdigen Zustand gebracht wurde. Hier liegen Opfer des Kesselschlacht bei Kausche vom 21.April 1945, bei der 50.000 bis 70.000 Menschen starben. 2.000 leigen auf dem Waldfriedhof in Halbe.<br \/>\n115 Deutsche wurden aus einem Massengrab des umgesiedelten Dorfes Kausche auf den Geoergenberg umgebettet. Noch immer gibt es Umbettungen von Toten, die beim Tagebau gefunden werden.<\/p>\n<p>*********************************************************<\/p>\n<p><strong>Kriegsgr\u00e4berst\u00e4tte<\/strong><br \/>\nauf dem &#8222;Alter Friedhof&#8220;<br \/>\nDeutschland\/Spremberg &#8211; Alter Friedhof \u00a0 \u00a0 \u00a0 \u00a0 \u00a0 \u00a0(2.WK)<br \/>\nNamentlich erfasst: \u00a02.WK \u00a0 \u00a02 KriegstoteKriegsgr\u00e4berst\u00e4tte<br \/>\nDeutscher Soldatenfriedhof auf dem Georgenberg<\/p>\n<p>Sowjetischer Soldatenfriedhof auf dem Georgenberg<\/p>\n<p>Friedhof, Kirchhofsweg<\/p>\n<p>&nbsp;<\/p>\n<p>&nbsp;<\/p>\n","protected":false},"excerpt":{"rendered":"<p>&nbsp; 03130 Spremberg FH Georgenberg FH Kirchhofsweg FH Waldfriedhof &nbsp; Ortsteile: Schwarze Pumpe +++++++++++++++++++++++++++++++++++++++++++ Der Bismarckturm in Spremberg 1920 wurde unterhalb dieses Turmes ein Kriegerdenkmal eingeweiht, das an die Gefallenen des 1.Weltkrieges erinnert. 1946 wurde oberhalb des Bismarckturms ein sowjetischer &hellip; <a href=\"http:\/\/www.denkfried.de\/wp\/?page_id=4896\">Weiterlesen <span class=\"meta-nav\">&rarr;<\/span><\/a><\/p>\n","protected":false},"author":2,"featured_media":0,"parent":4798,"menu_order":0,"comment_status":"closed","ping_status":"open","template":"","meta":{"footnotes":""},"class_list":["post-4896","page","type-page","status-publish","hentry"],"_links":{"self":[{"href":"http:\/\/www.denkfried.de\/wp\/index.php?rest_route=\/wp\/v2\/pages\/4896","targetHints":{"allow":["GET"]}}],"collection":[{"href":"http:\/\/www.denkfried.de\/wp\/index.php?rest_route=\/wp\/v2\/pages"}],"about":[{"href":"http:\/\/www.denkfried.de\/wp\/index.php?rest_route=\/wp\/v2\/types\/page"}],"author":[{"embeddable":true,"href":"http:\/\/www.denkfried.de\/wp\/index.php?rest_route=\/wp\/v2\/users\/2"}],"replies":[{"embeddable":true,"href":"http:\/\/www.denkfried.de\/wp\/index.php?rest_route=%2Fwp%2Fv2%2Fcomments&post=4896"}],"version-history":[{"count":4,"href":"http:\/\/www.denkfried.de\/wp\/index.php?rest_route=\/wp\/v2\/pages\/4896\/revisions"}],"predecessor-version":[{"id":25181,"href":"http:\/\/www.denkfried.de\/wp\/index.php?rest_route=\/wp\/v2\/pages\/4896\/revisions\/25181"}],"up":[{"embeddable":true,"href":"http:\/\/www.denkfried.de\/wp\/index.php?rest_route=\/wp\/v2\/pages\/4798"}],"wp:attachment":[{"href":"http:\/\/www.denkfried.de\/wp\/index.php?rest_route=%2Fwp%2Fv2%2Fmedia&parent=4896"}],"curies":[{"name":"wp","href":"https:\/\/api.w.org\/{rel}","templated":true}]}}