{"id":4734,"date":"2011-04-26T21:50:38","date_gmt":"2011-04-26T19:50:38","guid":{"rendered":"http:\/\/www.denkfried.de\/wp\/?page_id=4734"},"modified":"2014-02-08T23:55:11","modified_gmt":"2014-02-08T22:55:11","slug":"schwedtoder","status":"publish","type":"page","link":"http:\/\/www.denkfried.de\/wp\/?page_id=4734","title":{"rendered":"Schwedt\/Oder"},"content":{"rendered":"<p>&nbsp;<\/p>\n<p><span style=\"text-decoration: underline;\"><strong>16303 Schwedt\/Oder<\/strong><\/span><\/p>\n<p><strong>Ortsteile:<\/strong><br \/>\nBlumenhagen (Stadtteil von Schwedt)<br \/>\nGatow<br \/>\nHeinersdorf<br \/>\nHohenfelde<br \/>\nKummerow<br \/>\nKunow<\/p>\n<p><strong>Kriegsgr\u00e4berst\u00e4tte<\/strong><br \/>\nDeutschland\/Schwedt a.d.Oder \u00a0 \u00a0 \u00a0 \u00a0 \u00a0(2.WK)<\/p>\n<p>Schwedt &#8211; Neuer Friedhof<br \/>\nAuf diesem Friedhof sind 66 Tote bestattet davon bleiben 54 unbekannt.<\/p>\n<p>&nbsp;<\/p>\n<p><strong>Park Heinrichslust<\/strong> Berliner Stra\u00dfe<\/p>\n<p><strong>Kriegsgr\u00e4berst\u00e4tte<\/strong><br \/>\nDeutschland\/Schwedt-Heinrichslust \u00a0 \u00a0 \u00a0 \u00a0 \u00a0 \u00a0(2.WK)<\/p>\n<p>Auf diesem Friedhof sind 320 Kriegsopfer bestattet davon bleiben 11 ohne Namen.<br \/>\nDank an Ren\u00e9 Millert f\u00fcr die Daten.<\/p>\n<p>****************************************************************************<\/p>\n<p>****************************************************************************<\/p>\n<p><span style=\"text-decoration: underline;\"><strong>Eine Totentafel und ihr Schicksal &#8211; 1.Weltkrieg<\/strong><\/span><\/p>\n<p>Im Ersten Weltkrieg verloren 408 B\u00fcrger der Stadt Schwedt ihr Leben. Ihre Namen wurden auf einer \u00fcbermannsgro\u00dfen Holztafel angebracht. Die Tafel war urspr\u00fcnglich f\u00fcr die Ged\u00e4chtnishalle, heute Berlischky-Pavillon, angefertigt. Sie \u00fcberstand den Zweiten Weltkrieg unbeschadet und erhielt 1950 einen Platz im Vorraum der St.Katharinenkirche. Der Kirchgemeinderat beschloss 2005 diese Tafel der Stadt Schwedt als Dauerleihgabe zu \u00fcberlassen. Seit dieser Zeit ist die Tafel nur im Archiv der \u00d6ffentlichkeit zug\u00e4nglich da man bisher keinen geeigneten Standort gefunden hat.<\/p>\n<p>Die Namen sind alphabetisch geordnet. Am Fu\u00df der Tafel stehen folgende Worte:<\/p>\n<p style=\"padding-left: 60px;\"><strong><em>DER LETZTE FEIND, DER AUFGEHOBEN WIRD, IST DER TOD.<\/em><\/strong><\/p>\n<p>________________________________________________________________<\/p>\n<p><span style=\"text-decoration: underline;\"><strong>2.Weltkrieg<\/strong><\/span><\/p>\n<p>Zum Ende des Krieges 1945 war die Stadt Schwedt zu 85% zerst\u00f6rt. Eine kampflose \u00dcbergabe an die Rote Armee wurde von einem leitenden SS-Offizier abgelehnt. So starben au\u00dfer den k\u00e4mpfenden Truppen auch zahlreiche Zivilisten einen sinnlosen Tod.<\/p>\n<p>Zum Andenken an die 103 Gefallenen der Roten Armee wurde 1971 auf dem Neuen Friedhof ein Denkmal errichtet. Die Gr\u00e4ber befinden sich links und rechts vor der Friedhofsmauer. Eine Tafel tr\u00e4gt die 19 Namen der namentlich bekannten Toten.<\/p>\n<p>84 Tote blieben bisher unbekannt.<\/p>\n<p style=\"padding-left: 120px;\">&#8212;&#8212;&#8212;&#8212;&#8212;&#8212;&#8212;&#8212;&#8212;&#8212;&#8212;&#8212;&#8212;&#8212;&#8212;&#8212;<\/p>\n<p>Im Park Heinrichslust entstand am 7.April 1945 eine Kriegsgr\u00e4berst\u00e4tte. Hier wurden Soldaten und Zivilisten beigesetzt. Zivilisten, d.h. M\u00e4nner, Frauen und Kinder die im April 1945 beim Stellungsbau bzw. bei einem Granatenangriff starben. Insgesamt wurden 362 Menschen hier bestattet davon blieben 45 ohne Namen.<\/p>\n<p>Stellvertretend soll hier genannt sein:<\/p>\n<p style=\"padding-left: 60px;\"><strong>Wolfgang Bietz geboren 19.03.1926\u00a0\u00a0 gefallen am 08.04.1945<\/strong><\/p>\n<p style=\"padding-left: 60px;\">\n","protected":false},"excerpt":{"rendered":"<p>&nbsp; 16303 Schwedt\/Oder Ortsteile: Blumenhagen (Stadtteil von Schwedt) Gatow Heinersdorf Hohenfelde Kummerow Kunow Kriegsgr\u00e4berst\u00e4tte Deutschland\/Schwedt a.d.Oder \u00a0 \u00a0 \u00a0 \u00a0 \u00a0(2.WK) Schwedt &#8211; Neuer Friedhof Auf diesem Friedhof sind 66 Tote bestattet davon bleiben 54 unbekannt. &nbsp; Park Heinrichslust Berliner &hellip; <a href=\"http:\/\/www.denkfried.de\/wp\/?page_id=4734\">Weiterlesen <span class=\"meta-nav\">&rarr;<\/span><\/a><\/p>\n","protected":false},"author":2,"featured_media":0,"parent":4702,"menu_order":0,"comment_status":"closed","ping_status":"open","template":"","meta":{"footnotes":""},"class_list":["post-4734","page","type-page","status-publish","hentry"],"_links":{"self":[{"href":"http:\/\/www.denkfried.de\/wp\/index.php?rest_route=\/wp\/v2\/pages\/4734","targetHints":{"allow":["GET"]}}],"collection":[{"href":"http:\/\/www.denkfried.de\/wp\/index.php?rest_route=\/wp\/v2\/pages"}],"about":[{"href":"http:\/\/www.denkfried.de\/wp\/index.php?rest_route=\/wp\/v2\/types\/page"}],"author":[{"embeddable":true,"href":"http:\/\/www.denkfried.de\/wp\/index.php?rest_route=\/wp\/v2\/users\/2"}],"replies":[{"embeddable":true,"href":"http:\/\/www.denkfried.de\/wp\/index.php?rest_route=%2Fwp%2Fv2%2Fcomments&post=4734"}],"version-history":[{"count":4,"href":"http:\/\/www.denkfried.de\/wp\/index.php?rest_route=\/wp\/v2\/pages\/4734\/revisions"}],"predecessor-version":[{"id":34045,"href":"http:\/\/www.denkfried.de\/wp\/index.php?rest_route=\/wp\/v2\/pages\/4734\/revisions\/34045"}],"up":[{"embeddable":true,"href":"http:\/\/www.denkfried.de\/wp\/index.php?rest_route=\/wp\/v2\/pages\/4702"}],"wp:attachment":[{"href":"http:\/\/www.denkfried.de\/wp\/index.php?rest_route=%2Fwp%2Fv2%2Fmedia&parent=4734"}],"curies":[{"name":"wp","href":"https:\/\/api.w.org\/{rel}","templated":true}]}}