{"id":4702,"date":"2011-04-26T21:17:53","date_gmt":"2011-04-26T19:17:53","guid":{"rendered":"http:\/\/www.denkfried.de\/wp\/?page_id=4702"},"modified":"2014-06-22T18:27:22","modified_gmt":"2014-06-22T16:27:22","slug":"lk-uckermark","status":"publish","type":"page","link":"http:\/\/www.denkfried.de\/wp\/?page_id=4702","title":{"rendered":"LK UCKERMARK"},"content":{"rendered":"<p>&nbsp;<\/p>\n<p>Verwaltungssitz:\u00a0 <strong>17291 Prenzlau<\/strong>, Karl-Marx-Stra\u00dfe 1<\/p>\n<p>********************************************************<\/p>\n<blockquote>\n<ul>\n<li><a title=\"Angerm\u00fcnde\" href=\"http:\/\/www.denkfried.de\/wp\/?page_id=4705\">Angerm\u00fcnde<\/a><\/li>\n<li><a title=\"Angerm\u00fcnde-G\u00fcnterberg\" href=\"http:\/\/www.denkfried.de\/wp\/?page_id=4708\">Angerm\u00fcnde-G\u00fcnterberg<\/a><\/li>\n<li><a title=\"Angerm\u00fcnde-Herzsprung\" href=\"http:\/\/www.denkfried.de\/wp\/?page_id=4711\">Angerm\u00fcnde-Herzsprung<\/a><\/li>\n<\/ul>\n<ul>\n<li>\u00a0<a title=\"Blankenburg\" href=\"http:\/\/www.denkfried.de\/wp\/?page_id=5980\">Blankenburg<\/a><\/li>\n<li><a title=\"Blumenhagen b.Angerm\u00fcnde\" href=\"http:\/\/www.denkfried.de\/wp\/?page_id=4714\">Blumenhagen<\/a><\/li>\n<li>16306 Casekow &#8211; OT Blumberg<\/li>\n<li><a title=\"Prenzlau\" href=\"http:\/\/www.denkfried.de\/wp\/?page_id=4719\">Prenzlau<\/a><\/li>\n<\/ul>\n<ul>\n<li><a title=\"Randowtal-Schm\u00f6lln\" href=\"http:\/\/www.denkfried.de\/wp\/?page_id=4729\">Randowtal &#8211; Schm\u00f6lln<\/a><\/li>\n<li><a title=\"Randowtal-Schwaneberg\" href=\"http:\/\/www.denkfried.de\/wp\/?page_id=4732\">Randowtal &#8211; Schwaneberg<\/a><\/li>\n<li><a title=\"Randowtal-Wollin\" href=\"http:\/\/www.denkfried.de\/wp\/?page_id=4726\">Randowtal &#8211; Wollin<\/a><\/li>\n<li>Randowtal &#8211; Eickstadt<\/li>\n<li>Randowtal &#8211; Ziemkendorf<\/li>\n<\/ul>\n<ul>\n<li><a title=\"Schenkenberg\" href=\"http:\/\/www.denkfried.de\/wp\/?page_id=4739\">Schenkenberg<\/a><\/li>\n<li><a title=\"Schwedt\/Oder\" href=\"http:\/\/www.denkfried.de\/wp\/?page_id=4734\">Schwedt\/Oder<\/a><\/li>\n<li><a title=\"Schwedt\/O.-Kunow\" href=\"http:\/\/www.denkfried.de\/wp\/?page_id=4736\">Schwedt\/Oder-Kunow<\/a><\/li>\n<\/ul>\n<ul>\n<li><a title=\"Templin\" href=\"http:\/\/www.denkfried.de\/wp\/?page_id=4743\">Templin<\/a><\/li>\n<li><a href=\"http:\/\/www.denkfried.de\/wp\/?page_id=21350\">Templin &#8211; OT Hammelspring<\/a><\/li>\n<li><a href=\"http:\/\/www.denkfried.de\/wp\/?page_id=21364\">Templin &#8211; OT Hindenburg<\/a><\/li>\n<\/ul>\n<\/blockquote>\n<blockquote>\n<ul>\n<li>\u00a0<a title=\"Uckerland \u2013 NECHLIN\" href=\"http:\/\/www.denkfried.de\/wp\/?page_id=35595\">Uckerland &#8211; Nechlin<\/a><\/li>\n<\/ul>\n<\/blockquote>\n<p>&nbsp;<\/p>\n<p>&nbsp;<\/p>\n","protected":false},"excerpt":{"rendered":"<p>&nbsp; Verwaltungssitz:\u00a0 17291 Prenzlau, Karl-Marx-Stra\u00dfe 1 ******************************************************** Angerm\u00fcnde Angerm\u00fcnde-G\u00fcnterberg Angerm\u00fcnde-Herzsprung \u00a0Blankenburg Blumenhagen 16306 Casekow &#8211; OT Blumberg Prenzlau Randowtal &#8211; Schm\u00f6lln Randowtal &#8211; Schwaneberg Randowtal &#8211; Wollin Randowtal &#8211; Eickstadt Randowtal &#8211; Ziemkendorf Schenkenberg Schwedt\/Oder Schwedt\/Oder-Kunow Templin Templin &#8211; OT &hellip; <a href=\"http:\/\/www.denkfried.de\/wp\/?page_id=4702\">Weiterlesen <span class=\"meta-nav\">&rarr;<\/span><\/a><\/p>\n","protected":false},"author":2,"featured_media":0,"parent":374,"menu_order":0,"comment_status":"closed","ping_status":"open","template":"","meta":{"footnotes":""},"class_list":["post-4702","page","type-page","status-publish","hentry"],"_links":{"self":[{"href":"http:\/\/www.denkfried.de\/wp\/index.php?rest_route=\/wp\/v2\/pages\/4702","targetHints":{"allow":["GET"]}}],"collection":[{"href":"http:\/\/www.denkfried.de\/wp\/index.php?rest_route=\/wp\/v2\/pages"}],"about":[{"href":"http:\/\/www.denkfried.de\/wp\/index.php?rest_route=\/wp\/v2\/types\/page"}],"author":[{"embeddable":true,"href":"http:\/\/www.denkfried.de\/wp\/index.php?rest_route=\/wp\/v2\/users\/2"}],"replies":[{"embeddable":true,"href":"http:\/\/www.denkfried.de\/wp\/index.php?rest_route=%2Fwp%2Fv2%2Fcomments&post=4702"}],"version-history":[{"count":11,"href":"http:\/\/www.denkfried.de\/wp\/index.php?rest_route=\/wp\/v2\/pages\/4702\/revisions"}],"predecessor-version":[{"id":35600,"href":"http:\/\/www.denkfried.de\/wp\/index.php?rest_route=\/wp\/v2\/pages\/4702\/revisions\/35600"}],"up":[{"embeddable":true,"href":"http:\/\/www.denkfried.de\/wp\/index.php?rest_route=\/wp\/v2\/pages\/374"}],"wp:attachment":[{"href":"http:\/\/www.denkfried.de\/wp\/index.php?rest_route=%2Fwp%2Fv2%2Fmedia&parent=4702"}],"curies":[{"name":"wp","href":"https:\/\/api.w.org\/{rel}","templated":true}]}}