{"id":4664,"date":"2011-04-26T20:53:42","date_gmt":"2011-04-26T18:53:42","guid":{"rendered":"http:\/\/www.denkfried.de\/wp\/?page_id=4664"},"modified":"2013-07-14T20:39:49","modified_gmt":"2013-07-14T18:39:49","slug":"cottbus-sudfriedhof","status":"publish","type":"page","link":"http:\/\/www.denkfried.de\/wp\/?page_id=4664","title":{"rendered":"&#8211; S\u00fcdfriedhof"},"content":{"rendered":"<p>&nbsp;<\/p>\n<p><span style=\"text-decoration: underline;\"><strong>S\u00fcdfriedhof<\/strong><\/span><\/p>\n<p>Kriegsgr\u00e4berst\u00e4tte<\/p>\n<p>Der S\u00fcdfriedhof steht unter Denkmalschutz. Er befindet sich an der Dresdner Stra\u00dfe.<br \/>\nAnlage f\u00fcr Soldaten des ersten und zweiten Weltkrieges, zivile Opfer<br \/>\nNamentlich erfasst:\u00a0 1.Weltkrieg\u00a0 \u00a0 \u00a0 213 Kriegstote<br \/>\n2. Weltkrieg\u00a0 \u00a0 \u00a01.331 Kriegstote<br \/>\n+\u00a0 \u00a0 259 unbekannte Bombenopfer<br \/>\n+\u00a0 \u00a0 117 Unbekannte unter den deutschen Soldaten<\/p>\n<p>Anlage Ehrenfriedhof f\u00fcr sowjetische Soldaten, Stra\u00dfe der Jugend<br \/>\n&#8211; Denkmal mit Skulptur auf dem Sowjetischen Ehrenhain des S\u00fcdfriedhofs f\u00fcr 400 Gefallene der Fr\u00fchjahrsoffensive 1945<br \/>\nHier ruhen etwa 700 B\u00fcrger der ehemaligen UdSSR, die 1945 in den Fr\u00fchjahrsk\u00e4mpfen gefallene Soldaten und Offiziere, nach Kriegsverletzungen verstorbene Personen und Personen die sp\u00e4ter bei Unf\u00e4llen oder Krankheiten verstorben sind.<\/p>\n<p>Anlage der j\u00fcdischen Gemeinde<\/p>\n<p>&nbsp;<\/p>\n<p>Anlage des 1.Weltkrieges<\/p>\n<div id='gallery-1' class='gallery galleryid-4664 gallery-columns-3 gallery-size-thumbnail'><dl class='gallery-item'>\n\t\t\t<dt class='gallery-icon portrait'>\n\t\t\t\t<a href='http:\/\/www.denkfried.de\/wp\/?attachment_id=21175'><img loading=\"lazy\" decoding=\"async\" width=\"150\" height=\"150\" src=\"http:\/\/www.denkfried.de\/wp\/wp-content\/uploads\/2011\/04\/P10100301-150x150.jpg\" class=\"attachment-thumbnail size-thumbnail\" alt=\"\" \/><\/a>\n\t\t\t<\/dt><\/dl><dl class='gallery-item'>\n\t\t\t<dt class='gallery-icon landscape'>\n\t\t\t\t<a href='http:\/\/www.denkfried.de\/wp\/?attachment_id=21174'><img loading=\"lazy\" decoding=\"async\" width=\"150\" height=\"150\" src=\"http:\/\/www.denkfried.de\/wp\/wp-content\/uploads\/2011\/04\/P1010021-150x150.jpg\" class=\"attachment-thumbnail size-thumbnail\" alt=\"\" \/><\/a>\n\t\t\t<\/dt><\/dl><dl class='gallery-item'>\n\t\t\t<dt class='gallery-icon landscape'>\n\t\t\t\t<a href='http:\/\/www.denkfried.de\/wp\/?attachment_id=21177'><img loading=\"lazy\" decoding=\"async\" width=\"150\" height=\"150\" src=\"http:\/\/www.denkfried.de\/wp\/wp-content\/uploads\/2011\/04\/P10100241-150x150.jpg\" class=\"attachment-thumbnail size-thumbnail\" alt=\"\" \/><\/a>\n\t\t\t<\/dt><\/dl><br style=\"clear: both\" \/><dl class='gallery-item'>\n\t\t\t<dt class='gallery-icon landscape'>\n\t\t\t\t<a href='http:\/\/www.denkfried.de\/wp\/?attachment_id=21176'><img loading=\"lazy\" decoding=\"async\" width=\"150\" height=\"150\" src=\"http:\/\/www.denkfried.de\/wp\/wp-content\/uploads\/2011\/04\/P10100451-150x150.jpg\" class=\"attachment-thumbnail size-thumbnail\" alt=\"\" \/><\/a>\n\t\t\t<\/dt><\/dl><dl class='gallery-item'>\n\t\t\t<dt class='gallery-icon landscape'>\n\t\t\t\t<a href='http:\/\/www.denkfried.de\/wp\/?attachment_id=21173'><img loading=\"lazy\" decoding=\"async\" width=\"150\" height=\"150\" src=\"http:\/\/www.denkfried.de\/wp\/wp-content\/uploads\/2011\/04\/P1010049-150x150.jpg\" class=\"attachment-thumbnail size-thumbnail\" alt=\"\" \/><\/a>\n\t\t\t<\/dt><\/dl><dl class='gallery-item'>\n\t\t\t<dt class='gallery-icon portrait'>\n\t\t\t\t<a href='http:\/\/www.denkfried.de\/wp\/?attachment_id=21172'><img loading=\"lazy\" decoding=\"async\" width=\"150\" height=\"150\" src=\"http:\/\/www.denkfried.de\/wp\/wp-content\/uploads\/2011\/04\/P1010046-150x150.jpg\" class=\"attachment-thumbnail size-thumbnail\" alt=\"\" \/><\/a>\n\t\t\t<\/dt><\/dl><br style=\"clear: both\" \/>\n\t\t<\/div>\n\n","protected":false},"excerpt":{"rendered":"<p>&nbsp; S\u00fcdfriedhof Kriegsgr\u00e4berst\u00e4tte Der S\u00fcdfriedhof steht unter Denkmalschutz. Er befindet sich an der Dresdner Stra\u00dfe. Anlage f\u00fcr Soldaten des ersten und zweiten Weltkrieges, zivile Opfer Namentlich erfasst:\u00a0 1.Weltkrieg\u00a0 \u00a0 \u00a0 213 Kriegstote 2. Weltkrieg\u00a0 \u00a0 \u00a01.331 Kriegstote +\u00a0 \u00a0 259 &hellip; <a href=\"http:\/\/www.denkfried.de\/wp\/?page_id=4664\">Weiterlesen <span class=\"meta-nav\">&rarr;<\/span><\/a><\/p>\n","protected":false},"author":2,"featured_media":0,"parent":4661,"menu_order":0,"comment_status":"closed","ping_status":"open","template":"","meta":{"footnotes":""},"class_list":["post-4664","page","type-page","status-publish","hentry"],"_links":{"self":[{"href":"http:\/\/www.denkfried.de\/wp\/index.php?rest_route=\/wp\/v2\/pages\/4664","targetHints":{"allow":["GET"]}}],"collection":[{"href":"http:\/\/www.denkfried.de\/wp\/index.php?rest_route=\/wp\/v2\/pages"}],"about":[{"href":"http:\/\/www.denkfried.de\/wp\/index.php?rest_route=\/wp\/v2\/types\/page"}],"author":[{"embeddable":true,"href":"http:\/\/www.denkfried.de\/wp\/index.php?rest_route=\/wp\/v2\/users\/2"}],"replies":[{"embeddable":true,"href":"http:\/\/www.denkfried.de\/wp\/index.php?rest_route=%2Fwp%2Fv2%2Fcomments&post=4664"}],"version-history":[{"count":7,"href":"http:\/\/www.denkfried.de\/wp\/index.php?rest_route=\/wp\/v2\/pages\/4664\/revisions"}],"predecessor-version":[{"id":21178,"href":"http:\/\/www.denkfried.de\/wp\/index.php?rest_route=\/wp\/v2\/pages\/4664\/revisions\/21178"}],"up":[{"embeddable":true,"href":"http:\/\/www.denkfried.de\/wp\/index.php?rest_route=\/wp\/v2\/pages\/4661"}],"wp:attachment":[{"href":"http:\/\/www.denkfried.de\/wp\/index.php?rest_route=%2Fwp%2Fv2%2Fmedia&parent=4664"}],"curies":[{"name":"wp","href":"https:\/\/api.w.org\/{rel}","templated":true}]}}