{"id":4652,"date":"2011-04-26T20:45:28","date_gmt":"2011-04-26T18:45:28","guid":{"rendered":"http:\/\/www.denkfried.de\/wp\/?page_id=4652"},"modified":"2017-04-18T18:25:43","modified_gmt":"2017-04-18T16:25:43","slug":"kreisfreie-stadt-potsdam","status":"publish","type":"page","link":"http:\/\/www.denkfried.de\/wp\/?page_id=4652","title":{"rendered":"&#8211; POTSDAM &#8211; Landeshauptstadt"},"content":{"rendered":"<p>Landeshauptstadt und kreisfreie Stadt<\/p>\n<p>&nbsp;<\/p>\n<p>Verwaltungssitz: <strong>14469 Potsdam<\/strong>, Friedrich-Ebert-Stra\u00dfe 79\/81<\/p>\n<p>*****************************************************************************<\/p>\n<ul>\n<li><a href=\"http:\/\/www.denkfried.de\/wp\/?page_id=32542\">Potsdam 1813, Amtsbl\u00e4tter<\/a><\/li>\n<li><a href=\"http:\/\/www.denkfried.de\/wp\/?page_id=16861\">Potsdamer-Ehrenmal &#8211; Ehrenbuch der Stadt<\/a><\/li>\n<li><a href=\"http:\/\/www.denkfried.de\/wp\/?page_id=33882\">Potsdam &#8211; Realgymnasium Gedenktafel<\/a><\/li>\n<li><a href=\"http:\/\/www.denkfried.de\/wp\/?page_id=13778\">Potsdam &#8211; Alter Friedhof<\/a><strong>,\u00a0<\/strong>Heinrich-Mann-Allee<\/li>\n<li><a href=\"http:\/\/www.denkfried.de\/wp\/?page_id=13795\">Potsdam &#8211; Neuer Friedhof<\/a>, Heinrich-Mann-Allee<\/li>\n<li><a href=\"http:\/\/www.denkfried.de\/wp\/?page_id=16394\">Potsdam &#8211; Sanit\u00e4tskorps-Denkmal 1914-1918<\/a>, Heinrich-Mann-Allee<\/li>\n<li><a href=\"http:\/\/www.denkfried.de\/wp\/?page_id=25308\">Am Neuen Garten &#8211; Denkm\u00e4ler<\/a><\/li>\n<li><a href=\"http:\/\/www.denkfried.de\/wp\/?page_id=16534\">Potsdam &#8211; Innenstadt<\/a><\/li>\n<li><a href=\"http:\/\/www.denkfried.de\/wp\/?page_id=34023\">Potsdam &#8211; Innenstadt OdF<\/a><\/li>\n<li><a href=\"http:\/\/www.denkfried.de\/wp\/?page_id=16187\">Potsdam &#8211; Berliner Vorstadt<\/a><\/li>\n<li><a href=\"http:\/\/www.denkfried.de\/wp\/?page_id=16858\">Potsdam &#8211; Brandenburger Vorstadt<\/a><\/li>\n<li><a href=\"http:\/\/www.denkfried.de\/wp\/?page_id=16845\">Potsdam &#8211; J\u00e4ger Vorstadt<\/a><\/li>\n<li><a href=\"http:\/\/www.denkfried.de\/wp\/?page_id=16367\">Potsdam &#8211; Templiner Vorstadt<\/a><\/li>\n<\/ul>\n<div><span style=\"text-decoration: underline;\"><strong><span style=\"font-size: small;\"><span class=\"Apple-style-span\" style=\"line-height: 24px;\">Ausl\u00e4ndische Kriegsgr\u00e4ber<\/span><\/span><\/strong><\/span><\/div>\n<div>\n<div><span style=\"font-size: small;\"><span class=\"Apple-style-span\" style=\"line-height: 24px;\"><br \/>\n<\/span><\/span><\/div>\n<ul>\n<li><strong><a href=\"http:\/\/www.denkfried.de\/wp\/?page_id=16171\">Russischer Friedhof am Bassingplatz<\/a><\/strong><\/li>\n<li><strong><a href=\"http:\/\/www.denkfried.de\/wp\/?page_id=16177\">Denkmal auf den Neuen Friedhof<\/a><\/strong><\/li>\n<li><strong><a href=\"http:\/\/www.denkfried.de\/wp\/?page_id=16183\">Sowjetischer Friedhof, Michendorfer Chaussee<\/a><\/strong><\/li>\n<\/ul>\n<\/div>\n<p><strong>Ortsteile:<\/strong><\/p>\n<ul>\n<li>14480\u00a0<a href=\"http:\/\/www.denkfried.de\/wp\/?page_id=13821\">Alt Drewitz<\/a><\/li>\n<li>14482 <a href=\"http:\/\/www.denkfried.de\/wp\/?page_id=16216\">Babelsberg<\/a><\/li>\n<li>14469\u00a0<a href=\"http:\/\/www.denkfried.de\/wp\/?page_id=16266\">Bornim<\/a><\/li>\n<li>14469 <a href=\"http:\/\/www.denkfried.de\/wp\/?page_id=13886\">Bornstedt<\/a><\/li>\n<li>14480\u00a0<a href=\"http:\/\/www.denkfried.de\/wp\/?page_id=10420\">Drewitz<\/a><\/li>\n<li>14469 <a href=\"http:\/\/www.denkfried.de\/wp\/?page_id=13903\">Eiche<\/a><\/li>\n<li>14476 <a href=\"http:\/\/www.denkfried.de\/wp\/?page_id=16479\">Fahrland<\/a><\/li>\n<li>14476 <a href=\"http:\/\/www.denkfried.de\/wp\/?page_id=13911\">Golm<\/a><\/li>\n<li>14476 <a href=\"http:\/\/www.denkfried.de\/wp\/?page_id=13931\">Gro\u00df Glienicke &#8211; Friedhof<\/a><\/li>\n<li>14476 <a href=\"http:\/\/www.denkfried.de\/wp\/?page_id=36405\">Gro\u00df Glienicke &#8211; Denkmal<\/a><\/li>\n<li>14469 <a href=\"http:\/\/www.denkfried.de\/wp\/?page_id=13922\">Grube<\/a><\/li>\n<li>14482 <a href=\"http:\/\/www.denkfried.de\/wp\/?page_id=13981\">Klein Glienicke<\/a><\/li>\n<li>14476\u00a0<a href=\"http:\/\/www.denkfried.de\/wp\/?page_id=13995\">Marquardt<\/a><\/li>\n<li>14469 <a href=\"http:\/\/www.denkfried.de\/wp\/?page_id=14008\">Nattwerder<\/a><\/li>\n<li>15569 <a href=\"http:\/\/www.denkfried.de\/wp\/?page_id=29437\">Nedlitz<\/a><\/li>\n<li>14476 <a href=\"http:\/\/www.denkfried.de\/wp\/?page_id=14020\">Paaren<\/a><\/li>\n<li>14469\u00a0<a href=\"http:\/\/www.denkfried.de\/wp\/?page_id=10443\">Sacrow<\/a><\/li>\n<li>14476 <a href=\"http:\/\/www.denkfried.de\/wp\/?page_id=14027\">Satzkorn<\/a><\/li>\n<li>14476 <a href=\"http:\/\/www.denkfried.de\/wp\/?page_id=14037\">Uetz<\/a><\/li>\n<\/ul>\n<p>+++++++++++++++++++++++++++++++++++++++++++++++++++++++++++++++++<\/p>\n<p>Potsdam &#8211; Ev. Friedhof Am Plantagenplatz , 14482 Potsdam<\/p>\n<p>+++++++++++++++++++++++++++++++++++++++++++++++++++++++++++++++++<\/p>\n<p><strong>Russische Kriegsgr\u00e4berst\u00e4tte<\/strong><br \/>\nEhrenfriedhof, Michendorfer Chaussee, 14473 Potsdam<br \/>\nAngelegt auf Grundlage des SMAD-Befehls Nr.117 vom 15.04.1946.<br \/>\nZentraler Gedenkplatz mit der von Walter Bullert gestalteten Bronzeplastik &#8222;Soldat mit Fahne&#8220; vor der Pergola.<br \/>\nDer Friedhof beherbergt die Gr\u00e4ber von 2.398 in den Fr\u00fchjahrsk\u00e4mpfen 1945 gefllenen sowjetischen Soldaten und Offizieren sowie von 2.829 sowjetische Milit\u00e4r-und Zivilpersonen, die w\u00e4hrend des Aufenthalts der sowjetischen Truppen in Deutschland verstorben sind.<br \/>\n(Quelle: Sowjetische Gr\u00e4berst\u00e4tten und Ehrenmale in Ostdeutschland heute)<\/p>\n<p>+++++++++++++++++++++++++++++++++++++++++++++++++++++++++++++++++<\/p>\n","protected":false},"excerpt":{"rendered":"<p>Landeshauptstadt und kreisfreie Stadt &nbsp; Verwaltungssitz: 14469 Potsdam, Friedrich-Ebert-Stra\u00dfe 79\/81 ***************************************************************************** Potsdam 1813, Amtsbl\u00e4tter Potsdamer-Ehrenmal &#8211; Ehrenbuch der Stadt Potsdam &#8211; Realgymnasium Gedenktafel Potsdam &#8211; Alter Friedhof,\u00a0Heinrich-Mann-Allee Potsdam &#8211; Neuer Friedhof, Heinrich-Mann-Allee Potsdam &#8211; Sanit\u00e4tskorps-Denkmal 1914-1918, Heinrich-Mann-Allee Am Neuen Garten &hellip; <a href=\"http:\/\/www.denkfried.de\/wp\/?page_id=4652\">Weiterlesen <span class=\"meta-nav\">&rarr;<\/span><\/a><\/p>\n","protected":false},"author":2,"featured_media":0,"parent":374,"menu_order":0,"comment_status":"closed","ping_status":"open","template":"","meta":{"footnotes":""},"class_list":["post-4652","page","type-page","status-publish","hentry"],"_links":{"self":[{"href":"http:\/\/www.denkfried.de\/wp\/index.php?rest_route=\/wp\/v2\/pages\/4652","targetHints":{"allow":["GET"]}}],"collection":[{"href":"http:\/\/www.denkfried.de\/wp\/index.php?rest_route=\/wp\/v2\/pages"}],"about":[{"href":"http:\/\/www.denkfried.de\/wp\/index.php?rest_route=\/wp\/v2\/types\/page"}],"author":[{"embeddable":true,"href":"http:\/\/www.denkfried.de\/wp\/index.php?rest_route=\/wp\/v2\/users\/2"}],"replies":[{"embeddable":true,"href":"http:\/\/www.denkfried.de\/wp\/index.php?rest_route=%2Fwp%2Fv2%2Fcomments&post=4652"}],"version-history":[{"count":74,"href":"http:\/\/www.denkfried.de\/wp\/index.php?rest_route=\/wp\/v2\/pages\/4652\/revisions"}],"predecessor-version":[{"id":41283,"href":"http:\/\/www.denkfried.de\/wp\/index.php?rest_route=\/wp\/v2\/pages\/4652\/revisions\/41283"}],"up":[{"embeddable":true,"href":"http:\/\/www.denkfried.de\/wp\/index.php?rest_route=\/wp\/v2\/pages\/374"}],"wp:attachment":[{"href":"http:\/\/www.denkfried.de\/wp\/index.php?rest_route=%2Fwp%2Fv2%2Fmedia&parent=4652"}],"curies":[{"name":"wp","href":"https:\/\/api.w.org\/{rel}","templated":true}]}}