{"id":4643,"date":"2011-04-26T17:55:13","date_gmt":"2011-04-26T15:55:13","guid":{"rendered":"http:\/\/www.denkfried.de\/wp\/?page_id=4643"},"modified":"2016-06-21T21:30:19","modified_gmt":"2016-06-21T19:30:19","slug":"ahrensfelde-blumberg","status":"publish","type":"page","link":"http:\/\/www.denkfried.de\/wp\/?page_id=4643","title":{"rendered":"&#8211; Blumberg"},"content":{"rendered":"<p><a href=\"http:\/\/www.denkfried.de\/wp\/?attachment_id=40801\" rel=\"attachment wp-att-40801\"><img loading=\"lazy\" decoding=\"async\" class=\" wp-image-40801 alignleft\" src=\"http:\/\/www.denkfried.de\/wp\/wp-content\/uploads\/2011\/04\/Wappen-Blumberg.png\" alt=\"Wappen-Blumberg\" width=\"78\" height=\"87\" \/><\/a><\/p>\n<p><span style=\"text-decoration: underline;\">16356 Ahrensfelde &#8211; <strong>OT Blumberg<\/strong><\/span><\/p>\n<p>&nbsp;<\/p>\n<p>In der Gemeinde befinden sich jeweils 1 Kriegsgr\u00e4berst\u00e4tte f\u00fcr Sowjetische Soldaten, Ehrenfriedhof an der B 158 zur A10 und eine auf dem Gemeindefriedhof.<\/p>\n<hr \/>\n<p><strong>Kriegsgr\u00e4berst\u00e4tte<\/strong> auf dem Friedhof<br \/>\nDeutschland\/Ahrensfelde-Blumberg \u00a0 \u00a0 \u00a0 \u00a0 \u00a0 \u00a0 \u00a0 \u00a0(1.WK)<\/p>\n<hr \/>\n<p><strong>Kriegsgr\u00e4berst\u00e4tte<\/strong><br \/>\nEhrenfriedhof Rote Armee<\/p>\n<hr \/>\n<p><strong>DENKMAL<\/strong>\/Gedenksteine<br \/>\nGedenkstein auf dem Friedhof Ahrensfelde-Blumberg \u00a0 (2.WK)<br \/>\nNamentlich erfasst: 2.WK \u00a0 \u00a0 \u00a04 Kriegstote<\/p>\n<hr \/>\n<p><strong>DENKMAL<\/strong>\/Gedenktafeln<br \/>\nGedenktafel i.d.Kirche Ahrensfelde-Blumberg \u00a0 \u00a0 \u00a0 \u00a0 (1.WK)<br \/>\nNamentlich erfasst: \u00a01.WK \u00a0 \u00a052 Kriegstote<\/p>\n","protected":false},"excerpt":{"rendered":"<p>16356 Ahrensfelde &#8211; OT Blumberg &nbsp; In der Gemeinde befinden sich jeweils 1 Kriegsgr\u00e4berst\u00e4tte f\u00fcr Sowjetische Soldaten, Ehrenfriedhof an der B 158 zur A10 und eine auf dem Gemeindefriedhof. Kriegsgr\u00e4berst\u00e4tte auf dem Friedhof Deutschland\/Ahrensfelde-Blumberg \u00a0 \u00a0 \u00a0 \u00a0 \u00a0 \u00a0 &hellip; <a href=\"http:\/\/www.denkfried.de\/wp\/?page_id=4643\">Weiterlesen <span class=\"meta-nav\">&rarr;<\/span><\/a><\/p>\n","protected":false},"author":2,"featured_media":0,"parent":4637,"menu_order":0,"comment_status":"closed","ping_status":"open","template":"","meta":{"footnotes":""},"class_list":["post-4643","page","type-page","status-publish","hentry"],"_links":{"self":[{"href":"http:\/\/www.denkfried.de\/wp\/index.php?rest_route=\/wp\/v2\/pages\/4643","targetHints":{"allow":["GET"]}}],"collection":[{"href":"http:\/\/www.denkfried.de\/wp\/index.php?rest_route=\/wp\/v2\/pages"}],"about":[{"href":"http:\/\/www.denkfried.de\/wp\/index.php?rest_route=\/wp\/v2\/types\/page"}],"author":[{"embeddable":true,"href":"http:\/\/www.denkfried.de\/wp\/index.php?rest_route=\/wp\/v2\/users\/2"}],"replies":[{"embeddable":true,"href":"http:\/\/www.denkfried.de\/wp\/index.php?rest_route=%2Fwp%2Fv2%2Fcomments&post=4643"}],"version-history":[{"count":5,"href":"http:\/\/www.denkfried.de\/wp\/index.php?rest_route=\/wp\/v2\/pages\/4643\/revisions"}],"predecessor-version":[{"id":40803,"href":"http:\/\/www.denkfried.de\/wp\/index.php?rest_route=\/wp\/v2\/pages\/4643\/revisions\/40803"}],"up":[{"embeddable":true,"href":"http:\/\/www.denkfried.de\/wp\/index.php?rest_route=\/wp\/v2\/pages\/4637"}],"wp:attachment":[{"href":"http:\/\/www.denkfried.de\/wp\/index.php?rest_route=%2Fwp%2Fv2%2Fmedia&parent=4643"}],"curies":[{"name":"wp","href":"https:\/\/api.w.org\/{rel}","templated":true}]}}