{"id":4640,"date":"2011-04-26T17:54:02","date_gmt":"2011-04-26T15:54:02","guid":{"rendered":"http:\/\/www.denkfried.de\/wp\/?page_id=4640"},"modified":"2018-08-26T18:02:01","modified_gmt":"2018-08-26T16:02:01","slug":"ahrensfelde-mehrow","status":"publish","type":"page","link":"http:\/\/www.denkfried.de\/wp\/?page_id=4640","title":{"rendered":"&#8211; Mehrow"},"content":{"rendered":"<p>&nbsp;<\/p>\n<p><span style=\"text-decoration: underline;\">16356 Ahrensfelde &#8211; <strong>OT Mehrow<\/strong><\/span><\/p>\n<p><em>Grab eines unbekannten Soldaten in der N\u00e4he des Friedhofes.<\/em><\/p>\n<p><em>Ein unbekannter Soldat 1945\u00a0 \u00a0 \u00a0 Der Soldat ist gar nicht so unbekannt. Er war erst in der N\u00e4he der Autobahn verscharrt (Erkennungsmarke und Soldbuch sollen vorhanden gewesen sein) Protokoll 1958: Die Grabstelle war mit Feldsteinen umgrenzt und befand sich in einem gepflegten Zustand. Erkennungsmarke oder irgendwelche Gegenst\u00e4nde, die zur Identifizierung des Gefallenen f\u00fchren k\u00f6nnten, wurden bei der Ausgrabung nicht gefunden. Lediglich ergab die Umbettung ein total verrostetes Abzeichen, das mit Sicherheit als Verwundetenabzeichen der ehemaligen deutschen Wehrmacht anzusehen ist. Der 4. Zahn am linken Oberkiefer trug eine Goldkrone, an der ein Ersatzzahn (3. Zahn) befestigt war. Nach Aussagen von Einwohnern aus Mehrow soll das Soldbuch und die Erkennungsmarke 1945 vorhanden gewesen und dem damaligen B\u00fcrgermeisteramt \u00fcbergeben worden sein. Bis vor einigen Jahren befand sich auch ein Holzkreuz mit dem Namen des Gefallenen &#8222;Boleslaw W e s o l o s k i&#8220; auf der Grabstelle, welches aber im Laufe der Jahre vermoderte.<br \/>\nEs ist anzunehmen, da\u00df die Erkennungszeichen dem deutschen Roten Kreuz, Suchdienst, eingesandt wurden und der Sterbefall beurkundet ist.<br \/>\nNach Absprache mit dem B\u00fcrgermeister Brunn, werden die sterblichen \u00dcberreste auf dem neu anzulegenden Friedhof, der in fr\u00fcheren Zeiten bereits als Belegungsst\u00e4tte vorgesehen war, beigesetzt und die Pflege dieser Grabstelle vom Rat der Gemeinde Mehrow \u00fcbernommen. Die Betreffenden, die bis jetzt das Grab gepflegt hatten, sind von der Umbettung in Kenntnis zu setzen.\u00a0 Heute liegt das Grab wenige Meter neben dem Friedhof.<\/em><\/p>\n<p>QUELLE: M.Rohde &#8211; mit Genehmigung des Denkmalprojekts(T.Agthe)<\/p>\n","protected":false},"excerpt":{"rendered":"<p>&nbsp; 16356 Ahrensfelde &#8211; OT Mehrow Grab eines unbekannten Soldaten in der N\u00e4he des Friedhofes. Ein unbekannter Soldat 1945\u00a0 \u00a0 \u00a0 Der Soldat ist gar nicht so unbekannt. Er war erst in der N\u00e4he der Autobahn verscharrt (Erkennungsmarke und Soldbuch &hellip; <a href=\"http:\/\/www.denkfried.de\/wp\/?page_id=4640\">Weiterlesen <span class=\"meta-nav\">&rarr;<\/span><\/a><\/p>\n","protected":false},"author":2,"featured_media":0,"parent":4637,"menu_order":0,"comment_status":"closed","ping_status":"open","template":"","meta":{"footnotes":""},"class_list":["post-4640","page","type-page","status-publish","hentry"],"_links":{"self":[{"href":"http:\/\/www.denkfried.de\/wp\/index.php?rest_route=\/wp\/v2\/pages\/4640","targetHints":{"allow":["GET"]}}],"collection":[{"href":"http:\/\/www.denkfried.de\/wp\/index.php?rest_route=\/wp\/v2\/pages"}],"about":[{"href":"http:\/\/www.denkfried.de\/wp\/index.php?rest_route=\/wp\/v2\/types\/page"}],"author":[{"embeddable":true,"href":"http:\/\/www.denkfried.de\/wp\/index.php?rest_route=\/wp\/v2\/users\/2"}],"replies":[{"embeddable":true,"href":"http:\/\/www.denkfried.de\/wp\/index.php?rest_route=%2Fwp%2Fv2%2Fcomments&post=4640"}],"version-history":[{"count":5,"href":"http:\/\/www.denkfried.de\/wp\/index.php?rest_route=\/wp\/v2\/pages\/4640\/revisions"}],"predecessor-version":[{"id":41607,"href":"http:\/\/www.denkfried.de\/wp\/index.php?rest_route=\/wp\/v2\/pages\/4640\/revisions\/41607"}],"up":[{"embeddable":true,"href":"http:\/\/www.denkfried.de\/wp\/index.php?rest_route=\/wp\/v2\/pages\/4637"}],"wp:attachment":[{"href":"http:\/\/www.denkfried.de\/wp\/index.php?rest_route=%2Fwp%2Fv2%2Fmedia&parent=4640"}],"curies":[{"name":"wp","href":"https:\/\/api.w.org\/{rel}","templated":true}]}}