{"id":4637,"date":"2011-04-26T17:52:30","date_gmt":"2011-04-26T15:52:30","guid":{"rendered":"http:\/\/www.denkfried.de\/wp\/?page_id=4637"},"modified":"2016-06-21T21:28:17","modified_gmt":"2016-06-21T19:28:17","slug":"ahrensfelde","status":"publish","type":"page","link":"http:\/\/www.denkfried.de\/wp\/?page_id=4637","title":{"rendered":"Ahrensfelde"},"content":{"rendered":"<p><a href=\"http:\/\/www.denkfried.de\/wp\/?attachment_id=40798\" rel=\"attachment wp-att-40798\"><img loading=\"lazy\" decoding=\"async\" class=\" wp-image-40798 alignleft\" src=\"http:\/\/www.denkfried.de\/wp\/wp-content\/uploads\/2011\/04\/Wappen-Ahrensfelde.png\" alt=\"Wappen-Ahrensfelde\" width=\"87\" height=\"96\" \/><\/a><\/p>\n<p id=\"msg_1505\"><strong>16356 Ahrensfelde<\/strong><\/p>\n<div>Ahrensfelde liegt im \u00e4u\u00dfersten S\u00fcden des Landkreises.<\/div>\n<p>&nbsp;<\/p>\n<div><\/div>\n<ul>\n<li><strong>Ortsteile:<\/strong><br \/>\nBlumberg<br \/>\nEiche<br \/>\nLindenberg<br \/>\nMehrow<\/p>\n<hr \/>\n<p><strong>Kriegsgr\u00e4berst\u00e4tte<\/strong><br \/>\nSowjetischer Friedhof ca.120 Tote<br \/>\nEhrenfriedhof an Lindenberger Weg\/Ulmenallee<\/p>\n<hr \/>\n<p><a title=\"- Ostfriedhof\" href=\"http:\/\/www.denkfried.de\/wp\/?page_id=31943\"><strong>Kriegsgr\u00e4berst\u00e4tte<\/strong> auf dem Ostfriedhof<\/a><br \/>\nOstkirchhof Ahrensfelde &#8211; park\u00e4hnlicher Friedhof an Ulmenallee 1<br \/>\nDeutschland\/Ahrensfelde-Ostfriedhof \u00a0 \u00a0 \u00a0 \u00a0 \u00a0 \u00a0 \u00a0 \u00a0(1.WK)<br \/>\nDeutschland\/Ahrensfelde-Ostfriedhof \u00a0 \u00a0 \u00a0 \u00a0 \u00a0 \u00a0 \u00a0 \u00a0(2.WK)<br \/>\nNamentlich erfasst: 1.WK \u00a0 \u00a0 \u00a04 Kriegstote<br \/>\n2.WK \u00a0 \u00a066 Kriegstote<\/p>\n<hr \/>\n<p><strong>Denkmal 1914 \u00a0-1918<\/strong><\/p>\n<p>Bericht und Bilder von Thomas &#8211; <a title=\"Potsdamer-Ehrenmale.de\" href=\"http:\/\/potsdamer-ehrenmale.de.tl\/Hauptseite.htm\">Potsdamer-Ehrenmale<\/a><\/p>\n<p>Auf der gro\u00dfen Freifl\u00e4che vor der Ahrensfelder Dorfkirche steht ein stattlicher Findling, an dem eine Tafel befestigt ist, die an die Toten des ersten Weltkrieges erinnert. Wann genau und von wem die Tafel erstellt wurde, ist noch herauszufinden. Vielleicht war es die Gemeinde, vielleicht auch der Ahrensfelder Kriegerverein.<\/p>\n<p>Zu Zeiten des DDR wurde die Tafel der Namen abgenommen und in der Kirche abgestellt.<br \/>\nErsetzt wurde sie durch einer Tafel, die f\u00fcr Opfer des Faschismus stand.<br \/>\nNach dem Fall der Mauer wurde die Alter Tafel wieder angebracht.<\/p>\n<p>Im Gespr\u00e4ch mit einem Dorfbewohner, wurde mir dies berichtet.<br \/>\nAuch das die Eiche, vor dem Denkmal, 1871 gepflanzt wurde.<br \/>\nAls der Sieg gegen Frankreich errungen war.<\/p>\n<p>Inschrift: \u00a0<strong>Im Weltkrieg 1914\/18 starben\u00a0<\/strong><strong>den Heldentod f\u00fcr das Vaterland<\/strong><\/p>\n<div id='gallery-1' class='gallery galleryid-4637 gallery-columns-3 gallery-size-thumbnail'><dl class='gallery-item'>\n\t\t\t<dt class='gallery-icon landscape'>\n\t\t\t\t<a href='http:\/\/www.denkfried.de\/wp\/?attachment_id=11900'><img loading=\"lazy\" decoding=\"async\" width=\"150\" height=\"150\" src=\"http:\/\/www.denkfried.de\/wp\/wp-content\/uploads\/2011\/04\/Ahrensfelde1-150x150.jpg\" class=\"attachment-thumbnail size-thumbnail\" alt=\"\" \/><\/a>\n\t\t\t<\/dt><\/dl><dl class='gallery-item'>\n\t\t\t<dt class='gallery-icon landscape'>\n\t\t\t\t<a href='http:\/\/www.denkfried.de\/wp\/?attachment_id=11901'><img loading=\"lazy\" decoding=\"async\" width=\"150\" height=\"150\" src=\"http:\/\/www.denkfried.de\/wp\/wp-content\/uploads\/2011\/04\/Ahrensfelde2-150x150.jpg\" class=\"attachment-thumbnail size-thumbnail\" alt=\"\" \/><\/a>\n\t\t\t<\/dt><\/dl><dl class='gallery-item'>\n\t\t\t<dt class='gallery-icon portrait'>\n\t\t\t\t<a href='http:\/\/www.denkfried.de\/wp\/?attachment_id=11902'><img loading=\"lazy\" decoding=\"async\" width=\"150\" height=\"150\" src=\"http:\/\/www.denkfried.de\/wp\/wp-content\/uploads\/2011\/04\/Ahrensfelde3-150x150.jpg\" class=\"attachment-thumbnail size-thumbnail\" alt=\"\" \/><\/a>\n\t\t\t<\/dt><\/dl><br style=\"clear: both\" \/><dl class='gallery-item'>\n\t\t\t<dt class='gallery-icon portrait'>\n\t\t\t\t<a href='http:\/\/www.denkfried.de\/wp\/?attachment_id=11903'><img loading=\"lazy\" decoding=\"async\" width=\"150\" height=\"150\" src=\"http:\/\/www.denkfried.de\/wp\/wp-content\/uploads\/2011\/04\/Eiche-1870-1-PEM-150x150.jpg\" class=\"attachment-thumbnail size-thumbnail\" alt=\"\" \/><\/a>\n\t\t\t<\/dt><\/dl>\n\t\t\t<br style='clear: both' \/>\n\t\t<\/div>\n\n<p>Namensliste:<\/p>\n<p>Kaatz Albert *\u00a0\u00a0\u00a003.12.1881 \u2020 22.11.1914<br \/>\nSchulz Gustav\u00a0\u00a0\u00a0* 31.01.1892 \u2020 23.11.1914<br \/>\nSchr\u00f6der\u00a0\u00a0\u00a0Richard *\u00a0\u00a0\u00a003.03.1895 \u2020 02.03.1915<br \/>\nWegener\u00a0\u00a0\u00a0August *\u00a0\u00a0\u00a012.05.1870 \u2020 22.03.1915<br \/>\nDegen Rudolf * 18.03.1883 \u2020 28.04.1915<br \/>\nSchweyckart Friedrich * 24.09.1878 \u2020 14.06.1915<br \/>\nDahn Paul * 21.09.1890 \u2020 29.08.1915<br \/>\nDoeberitz\u00a0\u00a0\u00a0 Rudolf *\u00a0\u00a0\u00a022.09.1895 \u2020 06.09.1915<br \/>\nBr\u00fclke Wilhelm\u00a0\u00a0\u00a0* 17.11.1888 \u2020 19.10.1915<br \/>\nGrube Richard\u00a0\u00a0\u00a0* 31.01.1890 \u2020 05.11.1915<br \/>\nBretall Heinrich\u00a0\u00a0\u00a0* 09.02.1886 \u2020 22.02.1916<br \/>\nGrube Rudolf *\u00a0\u00a0\u00a030.01.1880 \u2020 26.03.1916<br \/>\nLooff\u00a0\u00a0\u00a0 Ferdinand * 31.12.1895\u00a0\u00a0\u00a0\u2020 30.06.1916<br \/>\nSchlicht Hermann * 25.03.1890 \u2020 26.04.1917<br \/>\nWolff Gustav *\u00a0\u00a0\u00a011.06.1896 \u2020\u00a0\u00a0\u00a007.05.1917<br \/>\nKlingspohr Paul * 04.06.1876\u00a0\u00a0\u00a0\u2020 03.04.1918<br \/>\nSchmidt Paul *\u00a0\u00a0\u00a027.05.1896 \u2020 18.04.1918<br \/>\nPietsch Rudolf * 27.12.1876 \u2020\u00a0\u00a0\u00a021.04.1918<br \/>\nWegener Gustav * 20.12.1876 \u2020 17.06.1918<br \/>\nBenecke Georg * 01.04.1897 vermi\u00dft<br \/>\nKuhnert Adolf * 10.01.1881 \u2020 03.09.1918<br \/>\nSchlicht Max * 01.08.1896 \u2020 01.11.1918<\/li>\n<\/ul>\n","protected":false},"excerpt":{"rendered":"<p>16356 Ahrensfelde Ahrensfelde liegt im \u00e4u\u00dfersten S\u00fcden des Landkreises. &nbsp; Ortsteile: Blumberg Eiche Lindenberg Mehrow Kriegsgr\u00e4berst\u00e4tte Sowjetischer Friedhof ca.120 Tote Ehrenfriedhof an Lindenberger Weg\/Ulmenallee Kriegsgr\u00e4berst\u00e4tte auf dem Ostfriedhof Ostkirchhof Ahrensfelde &#8211; park\u00e4hnlicher Friedhof an Ulmenallee 1 Deutschland\/Ahrensfelde-Ostfriedhof \u00a0 \u00a0 \u00a0 &hellip; <a href=\"http:\/\/www.denkfried.de\/wp\/?page_id=4637\">Weiterlesen <span class=\"meta-nav\">&rarr;<\/span><\/a><\/p>\n","protected":false},"author":2,"featured_media":0,"parent":4625,"menu_order":0,"comment_status":"closed","ping_status":"open","template":"","meta":{"footnotes":""},"class_list":["post-4637","page","type-page","status-publish","hentry"],"_links":{"self":[{"href":"http:\/\/www.denkfried.de\/wp\/index.php?rest_route=\/wp\/v2\/pages\/4637","targetHints":{"allow":["GET"]}}],"collection":[{"href":"http:\/\/www.denkfried.de\/wp\/index.php?rest_route=\/wp\/v2\/pages"}],"about":[{"href":"http:\/\/www.denkfried.de\/wp\/index.php?rest_route=\/wp\/v2\/types\/page"}],"author":[{"embeddable":true,"href":"http:\/\/www.denkfried.de\/wp\/index.php?rest_route=\/wp\/v2\/users\/2"}],"replies":[{"embeddable":true,"href":"http:\/\/www.denkfried.de\/wp\/index.php?rest_route=%2Fwp%2Fv2%2Fcomments&post=4637"}],"version-history":[{"count":16,"href":"http:\/\/www.denkfried.de\/wp\/index.php?rest_route=\/wp\/v2\/pages\/4637\/revisions"}],"predecessor-version":[{"id":40800,"href":"http:\/\/www.denkfried.de\/wp\/index.php?rest_route=\/wp\/v2\/pages\/4637\/revisions\/40800"}],"up":[{"embeddable":true,"href":"http:\/\/www.denkfried.de\/wp\/index.php?rest_route=\/wp\/v2\/pages\/4625"}],"wp:attachment":[{"href":"http:\/\/www.denkfried.de\/wp\/index.php?rest_route=%2Fwp%2Fv2%2Fmedia&parent=4637"}],"curies":[{"name":"wp","href":"https:\/\/api.w.org\/{rel}","templated":true}]}}