{"id":4604,"date":"2011-04-26T17:21:21","date_gmt":"2011-04-26T15:21:21","guid":{"rendered":"http:\/\/www.denkfried.de\/wp\/?page_id=4604"},"modified":"2015-12-28T21:27:49","modified_gmt":"2015-12-28T20:27:49","slug":"wilhelmshagen","status":"publish","type":"page","link":"http:\/\/www.denkfried.de\/wp\/?page_id=4604","title":{"rendered":"Wilhelmshagen"},"content":{"rendered":"<p><strong>12589 Berlin-Wilhelmshagen<\/strong><\/p>\n<p>Bericht und Bilder von Thomas\u00a0<a href=\"http:\/\/g-bb.jimdo.com\/\">Gefallenendenkm\u00e4ler Berlin\/Brandenburg<\/a><\/p>\n<div id='gallery-1' class='gallery galleryid-4604 gallery-columns-4 gallery-size-thumbnail'><dl class='gallery-item'>\n\t\t\t<dt class='gallery-icon portrait'>\n\t\t\t\t<a href='http:\/\/www.denkfried.de\/wp\/?attachment_id=20382'><img loading=\"lazy\" decoding=\"async\" width=\"150\" height=\"150\" src=\"http:\/\/www.denkfried.de\/wp\/wp-content\/uploads\/2011\/04\/DSCF1398-150x150.jpg\" class=\"attachment-thumbnail size-thumbnail\" alt=\"\" \/><\/a>\n\t\t\t<\/dt><\/dl><dl class='gallery-item'>\n\t\t\t<dt class='gallery-icon landscape'>\n\t\t\t\t<a href='http:\/\/www.denkfried.de\/wp\/?attachment_id=20383'><img loading=\"lazy\" decoding=\"async\" width=\"150\" height=\"150\" src=\"http:\/\/www.denkfried.de\/wp\/wp-content\/uploads\/2011\/04\/DSCF1399-150x150.jpg\" class=\"attachment-thumbnail size-thumbnail\" alt=\"\" \/><\/a>\n\t\t\t<\/dt><\/dl><dl class='gallery-item'>\n\t\t\t<dt class='gallery-icon landscape'>\n\t\t\t\t<a href='http:\/\/www.denkfried.de\/wp\/?attachment_id=12647'><img loading=\"lazy\" decoding=\"async\" width=\"150\" height=\"150\" src=\"http:\/\/www.denkfried.de\/wp\/wp-content\/uploads\/2011\/04\/PICT0085-150x150.jpg\" class=\"attachment-thumbnail size-thumbnail\" alt=\"\" \/><\/a>\n\t\t\t<\/dt><\/dl><dl class='gallery-item'>\n\t\t\t<dt class='gallery-icon landscape'>\n\t\t\t\t<a href='http:\/\/www.denkfried.de\/wp\/?attachment_id=12646'><img loading=\"lazy\" decoding=\"async\" width=\"150\" height=\"150\" src=\"http:\/\/www.denkfried.de\/wp\/wp-content\/uploads\/2011\/04\/PICT0080-150x150.jpg\" class=\"attachment-thumbnail size-thumbnail\" alt=\"\" \/><\/a>\n\t\t\t<\/dt><\/dl><br style=\"clear: both\" \/><dl class='gallery-item'>\n\t\t\t<dt class='gallery-icon landscape'>\n\t\t\t\t<a href='http:\/\/www.denkfried.de\/wp\/?attachment_id=20381'><img loading=\"lazy\" decoding=\"async\" width=\"150\" height=\"150\" src=\"http:\/\/www.denkfried.de\/wp\/wp-content\/uploads\/2011\/04\/DSCF1396-150x150.jpg\" class=\"attachment-thumbnail size-thumbnail\" alt=\"\" \/><\/a>\n\t\t\t<\/dt><\/dl><dl class='gallery-item'>\n\t\t\t<dt class='gallery-icon portrait'>\n\t\t\t\t<a href='http:\/\/www.denkfried.de\/wp\/?attachment_id=20378'><img loading=\"lazy\" decoding=\"async\" width=\"150\" height=\"150\" src=\"http:\/\/www.denkfried.de\/wp\/wp-content\/uploads\/2011\/04\/DSCF1387-150x150.jpg\" class=\"attachment-thumbnail size-thumbnail\" alt=\"\" \/><\/a>\n\t\t\t<\/dt><\/dl><dl class='gallery-item'>\n\t\t\t<dt class='gallery-icon landscape'>\n\t\t\t\t<a href='http:\/\/www.denkfried.de\/wp\/?attachment_id=20380'><img loading=\"lazy\" decoding=\"async\" width=\"150\" height=\"150\" src=\"http:\/\/www.denkfried.de\/wp\/wp-content\/uploads\/2011\/04\/DSCF1394-150x150.jpg\" class=\"attachment-thumbnail size-thumbnail\" alt=\"\" \/><\/a>\n\t\t\t<\/dt><\/dl><dl class='gallery-item'>\n\t\t\t<dt class='gallery-icon landscape'>\n\t\t\t\t<a href='http:\/\/www.denkfried.de\/wp\/?attachment_id=20379'><img loading=\"lazy\" decoding=\"async\" width=\"150\" height=\"150\" src=\"http:\/\/www.denkfried.de\/wp\/wp-content\/uploads\/2011\/04\/DSCF1393-150x150.jpg\" class=\"attachment-thumbnail size-thumbnail\" alt=\"\" \/><\/a>\n\t\t\t<\/dt><\/dl><br style=\"clear: both\" \/>\n\t\t<\/div>\n\n<p><span style=\"text-decoration: underline;\"><strong>Gedenktafel 1914-1918<\/strong><\/span><\/p>\n<p>In der Taborkirche, befindet sich eine Tafel f\u00fcr Gefallenen des Ersten Weltkriegs. Lange war sie auf dem Dachboden gelagert, nun wurde sie zum Kirchenjubil\u00e4um im Mai 2011 wieder aufgeh\u00e4ngt. Neben der Tafel ein Zettel mit folgenden Worten: <em><strong>Den Lebenden zur Mahnung: Nie wieder Krieg!\u00a0<\/strong><\/em><span style=\"text-align: center;\">\u00a0<\/span><\/p>\n<address style=\"text-align: center;\"><strong>F\u00fcr\u00b4s Vaterland starben:<\/strong><\/address>\n<address style=\"text-align: center;\"><strong>Niemand hat gr\u00f6\u00dfere Liebe, als das er sein Leben l\u00e4sset f\u00fcr seine Br\u00fcder.\u00a0<\/strong><\/address>\n<address style=\"text-align: center;\">\u00a0<\/address>\n<p style=\"text-align: left;\">Hier sind 27 Namen verzeichnet.<\/p>\n<p><span style=\"text-decoration: underline;\"><strong>Kriegsgr\u00e4ber<\/strong><\/span><\/p>\n<p>Der Friedhof im\u00a0Saarower Weg 51,\u00a0zeichnet sich durch seine f\u00fcr Berlin einmalige Hanglage an den P\u00fcttbergen aus. Hier sind Kriegsgr\u00e4ber beider Weltkriege zu finden. Insgesamt konnten hier 13 Gr\u00e4ber und ein privates Gedenken dokumentiert werden.<\/p>\n<p><span style=\"text-decoration: underline;\"><strong>Gedenkkreuz 1939-1945<\/strong><\/span><\/p>\n<p>Im Sch\u00fctzenw\u00e4ldchen befindet sich seit 2010 ein Balkenkreuz f\u00fcr die hier Ende des zweiten Weltkrieges gestorben Zivilisten. Hier befindet sich ein Sammelgrab, in einem alte Splittergraben. Eine kleine Tafel\u00a0erinnert\u00a0an das Schicksal und die Toten. Unter den Toten sind auch Frauen ,welche sich nach Vergewaltigungen das Leben nahmen. Stellvertretend f\u00fcr die im Grab bestatteten Toten, m\u00f6ge das Gedenkkreuz an die vielen Millionen Opfer erinnern, die im und am Ende des Krieges sowie nach dem Krieg in der Gefangenschaft ihr Leben verloren. Insgesamt sind hier 16 Kriegstote, 2 blieben Unbekannt.<\/p>\n<p><span style=\"text-decoration: underline;\">Inschrift:<\/span><\/p>\n<p style=\"text-align: center;\"><em><strong>&#8220; Von Guten M\u00e4chten wunderbar geborgen&#8230;&#8220; \u00a0\u00a0Dietrich Bonhoeffer<\/strong><\/em><\/p>\n<p style=\"text-align: center;\">Gewidmet den Toten, die 1945 im Sch\u00fctzenw\u00e4ldchen begraben wurden. Verstorben zwischen 21. und 23. April 1945<\/p>\n<p>Die Namen wurden in die Datenbanken eingepflegt.<\/p>\n","protected":false},"excerpt":{"rendered":"<p>12589 Berlin-Wilhelmshagen Bericht und Bilder von Thomas\u00a0Gefallenendenkm\u00e4ler Berlin\/Brandenburg Gedenktafel 1914-1918 In der Taborkirche, befindet sich eine Tafel f\u00fcr Gefallenen des Ersten Weltkriegs. Lange war sie auf dem Dachboden gelagert, nun wurde sie zum Kirchenjubil\u00e4um im Mai 2011 wieder aufgeh\u00e4ngt. Neben &hellip; <a href=\"http:\/\/www.denkfried.de\/wp\/?page_id=4604\">Weiterlesen <span class=\"meta-nav\">&rarr;<\/span><\/a><\/p>\n","protected":false},"author":2,"featured_media":0,"parent":4574,"menu_order":0,"comment_status":"closed","ping_status":"open","template":"","meta":{"footnotes":""},"class_list":["post-4604","page","type-page","status-publish","hentry"],"_links":{"self":[{"href":"http:\/\/www.denkfried.de\/wp\/index.php?rest_route=\/wp\/v2\/pages\/4604","targetHints":{"allow":["GET"]}}],"collection":[{"href":"http:\/\/www.denkfried.de\/wp\/index.php?rest_route=\/wp\/v2\/pages"}],"about":[{"href":"http:\/\/www.denkfried.de\/wp\/index.php?rest_route=\/wp\/v2\/types\/page"}],"author":[{"embeddable":true,"href":"http:\/\/www.denkfried.de\/wp\/index.php?rest_route=\/wp\/v2\/users\/2"}],"replies":[{"embeddable":true,"href":"http:\/\/www.denkfried.de\/wp\/index.php?rest_route=%2Fwp%2Fv2%2Fcomments&post=4604"}],"version-history":[{"count":33,"href":"http:\/\/www.denkfried.de\/wp\/index.php?rest_route=\/wp\/v2\/pages\/4604\/revisions"}],"predecessor-version":[{"id":40079,"href":"http:\/\/www.denkfried.de\/wp\/index.php?rest_route=\/wp\/v2\/pages\/4604\/revisions\/40079"}],"up":[{"embeddable":true,"href":"http:\/\/www.denkfried.de\/wp\/index.php?rest_route=\/wp\/v2\/pages\/4574"}],"wp:attachment":[{"href":"http:\/\/www.denkfried.de\/wp\/index.php?rest_route=%2Fwp%2Fv2%2Fmedia&parent=4604"}],"curies":[{"name":"wp","href":"https:\/\/api.w.org\/{rel}","templated":true}]}}