{"id":4589,"date":"2011-04-26T17:15:47","date_gmt":"2011-04-26T15:15:47","guid":{"rendered":"http:\/\/www.denkfried.de\/wp\/?page_id=4589"},"modified":"2015-12-27T21:35:52","modified_gmt":"2015-12-27T20:35:52","slug":"friedhof-zehlendorf","status":"publish","type":"page","link":"http:\/\/www.denkfried.de\/wp\/?page_id=4589","title":{"rendered":"Zehlendorf  (ld.FH)"},"content":{"rendered":"<p>&nbsp;<\/p>\n<p><strong>Berlin <\/strong>Landeseigener Friedhof Zehlendorf I, Onkel-Tom-Stra\u00dfe 30<\/p>\n<p>Bericht und Bilder von Thomas\u00a0<a href=\"http:\/\/g-bb.jimdo.com\/\">Gefallenendenkm\u00e4ler Berlin\/Brandenburg<\/a><\/p>\n<div id='gallery-1' class='gallery galleryid-4589 gallery-columns-4 gallery-size-thumbnail'><dl class='gallery-item'>\n\t\t\t<dt class='gallery-icon landscape'>\n\t\t\t\t<a href='http:\/\/www.denkfried.de\/wp\/?attachment_id=11827'><img loading=\"lazy\" decoding=\"async\" width=\"150\" height=\"150\" src=\"http:\/\/www.denkfried.de\/wp\/wp-content\/uploads\/2011\/04\/DSCF1328-150x150.jpg\" class=\"attachment-thumbnail size-thumbnail\" alt=\"\" \/><\/a>\n\t\t\t<\/dt><\/dl><dl class='gallery-item'>\n\t\t\t<dt class='gallery-icon landscape'>\n\t\t\t\t<a href='http:\/\/www.denkfried.de\/wp\/?attachment_id=11825'><img loading=\"lazy\" decoding=\"async\" width=\"150\" height=\"150\" src=\"http:\/\/www.denkfried.de\/wp\/wp-content\/uploads\/2011\/04\/DSCF1271-150x150.jpg\" class=\"attachment-thumbnail size-thumbnail\" alt=\"\" \/><\/a>\n\t\t\t<\/dt><\/dl><dl class='gallery-item'>\n\t\t\t<dt class='gallery-icon portrait'>\n\t\t\t\t<a href='http:\/\/www.denkfried.de\/wp\/?attachment_id=11826'><img loading=\"lazy\" decoding=\"async\" width=\"150\" height=\"150\" src=\"http:\/\/www.denkfried.de\/wp\/wp-content\/uploads\/2011\/04\/DSCF1319-150x150.jpg\" class=\"attachment-thumbnail size-thumbnail\" alt=\"\" \/><\/a>\n\t\t\t<\/dt><\/dl><dl class='gallery-item'>\n\t\t\t<dt class='gallery-icon landscape'>\n\t\t\t\t<a href='http:\/\/www.denkfried.de\/wp\/?attachment_id=11828'><img loading=\"lazy\" decoding=\"async\" width=\"150\" height=\"150\" src=\"http:\/\/www.denkfried.de\/wp\/wp-content\/uploads\/2011\/04\/DSCF1334-150x150.jpg\" class=\"attachment-thumbnail size-thumbnail\" alt=\"\" \/><\/a>\n\t\t\t<\/dt><\/dl><br style=\"clear: both\" \/><dl class='gallery-item'>\n\t\t\t<dt class='gallery-icon landscape'>\n\t\t\t\t<a href='http:\/\/www.denkfried.de\/wp\/?attachment_id=11829'><img loading=\"lazy\" decoding=\"async\" width=\"150\" height=\"150\" src=\"http:\/\/www.denkfried.de\/wp\/wp-content\/uploads\/2011\/04\/DSCF1335-150x150.jpg\" class=\"attachment-thumbnail size-thumbnail\" alt=\"\" \/><\/a>\n\t\t\t<\/dt><\/dl><dl class='gallery-item'>\n\t\t\t<dt class='gallery-icon landscape'>\n\t\t\t\t<a href='http:\/\/www.denkfried.de\/wp\/?attachment_id=11824'><img loading=\"lazy\" decoding=\"async\" width=\"150\" height=\"150\" src=\"http:\/\/www.denkfried.de\/wp\/wp-content\/uploads\/2011\/04\/DSCF1264-150x150.jpg\" class=\"attachment-thumbnail size-thumbnail\" alt=\"\" \/><\/a>\n\t\t\t<\/dt><\/dl><dl class='gallery-item'>\n\t\t\t<dt class='gallery-icon portrait'>\n\t\t\t\t<a href='http:\/\/www.denkfried.de\/wp\/?attachment_id=31540'><img loading=\"lazy\" decoding=\"async\" width=\"150\" height=\"150\" src=\"http:\/\/www.denkfried.de\/wp\/wp-content\/uploads\/2011\/04\/Heinrich-George-Berlin-Grab-150x150.jpg\" class=\"attachment-thumbnail size-thumbnail\" alt=\"\" \/><\/a>\n\t\t\t<\/dt><\/dl><dl class='gallery-item'>\n\t\t\t<dt class='gallery-icon portrait'>\n\t\t\t\t<a href='http:\/\/www.denkfried.de\/wp\/?attachment_id=31541'><img loading=\"lazy\" decoding=\"async\" width=\"150\" height=\"150\" src=\"http:\/\/www.denkfried.de\/wp\/wp-content\/uploads\/2011\/04\/Privates-Gedenken-Kriegsopfer-150x150.jpg\" class=\"attachment-thumbnail size-thumbnail\" alt=\"\" \/><\/a>\n\t\t\t<\/dt><\/dl><br style=\"clear: both\" \/>\n\t\t<\/div>\n\n<p><span style=\"text-decoration: underline;\"><strong>Kriegsgr\u00e4berfeld I<\/strong><\/span><\/p>\n<p>Auf dem Friedhof gibt es eine geschlossene Anlage (Feld 7), f\u00fcr Gefallene aus dem ersten Weltkrieg. Sp\u00e4ter wurde hier auch 8 Tote aus dem zweiten Weltkrieg Bestattet. Im Eingangstor, ist ein eisernes Kreuz eingearbeitet, gegen\u00fcber dem Eingang steht ein Denkmal, mit folgender Inschrift:<\/p>\n<address style=\"text-align: center;\"><em><strong>1914 &#8211; 1918 \u00a0 \u00a0 1939 &#8211; 1945<\/strong><\/em><\/address>\n<address style=\"text-align: center;\"><em><strong>Die Gemeinde Zehlendorf ihren Helden<\/strong><\/em><\/address>\n<address style=\"text-align: center;\">\u00a0<\/address>\n<p>Hier fanden 93 Kriegstote ihre letzte Ruhe.<\/p>\n<p><span style=\"text-decoration: underline;\"><strong>Kriegsgr\u00e4berfeld II<\/strong><\/span><\/p>\n<p>Ein gro\u00dfes Gr\u00e4berfeld, im hinterem Bereich des Friedhofs (32\/17), ist noch f\u00fcr Kriegsopfer des zweiten Weltkrieges. Unter den hier, in Einzelgr\u00e4ber begrabenen, sind viele zivile Opfer. Ein Holzkreuz steht am Rand des Gr\u00e4berfeldes. Es fanden hier <strong>494 Kriegstote<\/strong> ihre letzte Ruhe, darunter 6 Tote des ersten Weltkrieges und 20 blieben Unbekannt.<\/p>\n<p><span style=\"text-decoration: underline;\"><strong>Verteilte Gr\u00e4ber<\/strong><\/span><\/p>\n<p>Auf dem Friedhof ruhen noch Kriegsopfer an Familien Gr\u00e4ber. Diese werden nach und nach zu den Grabfeldern Umgebettet. Es konnten noch 19 Gr\u00e4ber und 23 private Gedenken dokumentiert werden.<\/p>\n<p>Die Namen wurden in die Datenbanken eingepflegt, an der rechten leiste befinden sich die Links dorthin.<\/p>\n<p>Es konnten 626 Kriegsgr\u00e4ber dokumentiert werden. Es sollen hier, nach Angaben einer Liste der St\u00e4dtischen Entwicklung, 664 Kriegstote ruhen.<\/p>\n","protected":false},"excerpt":{"rendered":"<p>&nbsp; Berlin Landeseigener Friedhof Zehlendorf I, Onkel-Tom-Stra\u00dfe 30 Bericht und Bilder von Thomas\u00a0Gefallenendenkm\u00e4ler Berlin\/Brandenburg Kriegsgr\u00e4berfeld I Auf dem Friedhof gibt es eine geschlossene Anlage (Feld 7), f\u00fcr Gefallene aus dem ersten Weltkrieg. Sp\u00e4ter wurde hier auch 8 Tote aus dem &hellip; <a href=\"http:\/\/www.denkfried.de\/wp\/?page_id=4589\">Weiterlesen <span class=\"meta-nav\">&rarr;<\/span><\/a><\/p>\n","protected":false},"author":2,"featured_media":0,"parent":15547,"menu_order":0,"comment_status":"closed","ping_status":"open","template":"","meta":{"footnotes":""},"class_list":["post-4589","page","type-page","status-publish","hentry"],"_links":{"self":[{"href":"http:\/\/www.denkfried.de\/wp\/index.php?rest_route=\/wp\/v2\/pages\/4589","targetHints":{"allow":["GET"]}}],"collection":[{"href":"http:\/\/www.denkfried.de\/wp\/index.php?rest_route=\/wp\/v2\/pages"}],"about":[{"href":"http:\/\/www.denkfried.de\/wp\/index.php?rest_route=\/wp\/v2\/types\/page"}],"author":[{"embeddable":true,"href":"http:\/\/www.denkfried.de\/wp\/index.php?rest_route=\/wp\/v2\/users\/2"}],"replies":[{"embeddable":true,"href":"http:\/\/www.denkfried.de\/wp\/index.php?rest_route=%2Fwp%2Fv2%2Fcomments&post=4589"}],"version-history":[{"count":24,"href":"http:\/\/www.denkfried.de\/wp\/index.php?rest_route=\/wp\/v2\/pages\/4589\/revisions"}],"predecessor-version":[{"id":40001,"href":"http:\/\/www.denkfried.de\/wp\/index.php?rest_route=\/wp\/v2\/pages\/4589\/revisions\/40001"}],"up":[{"embeddable":true,"href":"http:\/\/www.denkfried.de\/wp\/index.php?rest_route=\/wp\/v2\/pages\/15547"}],"wp:attachment":[{"href":"http:\/\/www.denkfried.de\/wp\/index.php?rest_route=%2Fwp%2Fv2%2Fmedia&parent=4589"}],"curies":[{"name":"wp","href":"https:\/\/api.w.org\/{rel}","templated":true}]}}