{"id":4574,"date":"2011-04-25T22:37:29","date_gmt":"2011-04-25T20:37:29","guid":{"rendered":"http:\/\/www.denkfried.de\/wp\/?page_id=4574"},"modified":"2014-02-25T16:43:40","modified_gmt":"2014-02-25T15:43:40","slug":"bezirk-treptow-kopenick","status":"publish","type":"page","link":"http:\/\/www.denkfried.de\/wp\/?page_id=4574","title":{"rendered":"Bezirk: TREPTOW-K\u00d6PENICK"},"content":{"rendered":"<p>&nbsp;<\/p>\n<p><span style=\"text-decoration: underline;\"><strong>Treptow-K\u00f6penick<\/strong><\/span><\/p>\n<p><strong>Treptow-K\u00f6penick<\/strong>\u00a0ist der neunte\u00a0Verwaltungsbezirk\u00a0von\u00a0Berlin. Mit 18,9\u00a0% der Stadtfl\u00e4che ist er der gro\u00dffl\u00e4chigste Bezirk Berlins.<\/p>\n<p>Der Bezirk besteht aus 15 Ortsteile.<\/p>\n<p><strong><span style=\"text-decoration: underline;\">Ortsteile<\/span><\/strong><\/p>\n<ul>\n<li><a href=\"http:\/\/www.denkfried.de\/wp\/?page_id=26548\">Adlershof<\/a><\/li>\n<li><a href=\"http:\/\/www.denkfried.de\/wp\/?page_id=26540\">Altglienicke<\/a><\/li>\n<li><a title=\"Alt Treptow\" href=\"http:\/\/www.denkfried.de\/wp\/?page_id=4601\">Alt Treptow<\/a><\/li>\n<li><a href=\"http:\/\/www.denkfried.de\/wp\/?page_id=26555\">Baumschulenweg<\/a><\/li>\n<li><a href=\"http:\/\/www.denkfried.de\/wp\/?page_id=24089\">Bohnsdorf<\/a><\/li>\n<li><a href=\"http:\/\/www.denkfried.de\/wp\/?page_id=31493\">Friedrichshagen Kriegsgr\u00e4ber<\/a><\/li>\n<li><a href=\"http:\/\/www.denkfried.de\/wp\/?page_id=12612\">Friedrichshagen Denkmal, Tafel<\/a><\/li>\n<li><a href=\"http:\/\/www.denkfried.de\/wp\/?page_id=21275\">Gr\u00fcnau<\/a><\/li>\n<li><a href=\"http:\/\/www.denkfried.de\/wp\/?page_id=26526\">Johannisthal<\/a><\/li>\n<li><a href=\"http:\/\/www.denkfried.de\/wp\/?page_id=26927\">K\u00f6penick<\/a><\/li>\n<li><a href=\"http:\/\/www.denkfried.de\/wp\/?page_id=26933\">M\u00fcggelheim<\/a><\/li>\n<li><a href=\"http:\/\/www.denkfried.de\/wp\/?page_id=34529\">Niedersch\u00f6neweide Gedenktafeln<\/a><\/li>\n<li><a href=\"http:\/\/www.denkfried.de\/wp\/?page_id=34539\">Niedersch\u00f6neweide Gedenkst\u00e4tte<\/a><\/li>\n<li><a href=\"http:\/\/www.denkfried.de\/wp\/?page_id=26532\">Obersch\u00f6neweide<\/a><\/li>\n<li><a href=\"http:\/\/www.denkfried.de\/wp\/?page_id=12630\">Rahnsdorf<\/a><\/li>\n<li><a href=\"http:\/\/www.denkfried.de\/wp\/?page_id=20872\">Schm\u00f6ckwitz<\/a><\/li>\n<li><a title=\"Wilhelmshagen\" href=\"http:\/\/www.denkfried.de\/wp\/?page_id=4604\">Wilhelmshagen<\/a><\/li>\n<\/ul>\n<p>&nbsp;<\/p>\n","protected":false},"excerpt":{"rendered":"<p>&nbsp; Treptow-K\u00f6penick Treptow-K\u00f6penick\u00a0ist der neunte\u00a0Verwaltungsbezirk\u00a0von\u00a0Berlin. Mit 18,9\u00a0% der Stadtfl\u00e4che ist er der gro\u00dffl\u00e4chigste Bezirk Berlins. Der Bezirk besteht aus 15 Ortsteile. Ortsteile Adlershof Altglienicke Alt Treptow Baumschulenweg Bohnsdorf Friedrichshagen Kriegsgr\u00e4ber Friedrichshagen Denkmal, Tafel Gr\u00fcnau Johannisthal K\u00f6penick M\u00fcggelheim Niedersch\u00f6neweide Gedenktafeln Niedersch\u00f6neweide &hellip; <a href=\"http:\/\/www.denkfried.de\/wp\/?page_id=4574\">Weiterlesen <span class=\"meta-nav\">&rarr;<\/span><\/a><\/p>\n","protected":false},"author":2,"featured_media":0,"parent":371,"menu_order":0,"comment_status":"closed","ping_status":"open","template":"","meta":{"footnotes":""},"class_list":["post-4574","page","type-page","status-publish","hentry"],"_links":{"self":[{"href":"http:\/\/www.denkfried.de\/wp\/index.php?rest_route=\/wp\/v2\/pages\/4574","targetHints":{"allow":["GET"]}}],"collection":[{"href":"http:\/\/www.denkfried.de\/wp\/index.php?rest_route=\/wp\/v2\/pages"}],"about":[{"href":"http:\/\/www.denkfried.de\/wp\/index.php?rest_route=\/wp\/v2\/types\/page"}],"author":[{"embeddable":true,"href":"http:\/\/www.denkfried.de\/wp\/index.php?rest_route=\/wp\/v2\/users\/2"}],"replies":[{"embeddable":true,"href":"http:\/\/www.denkfried.de\/wp\/index.php?rest_route=%2Fwp%2Fv2%2Fcomments&post=4574"}],"version-history":[{"count":43,"href":"http:\/\/www.denkfried.de\/wp\/index.php?rest_route=\/wp\/v2\/pages\/4574\/revisions"}],"predecessor-version":[{"id":34555,"href":"http:\/\/www.denkfried.de\/wp\/index.php?rest_route=\/wp\/v2\/pages\/4574\/revisions\/34555"}],"up":[{"embeddable":true,"href":"http:\/\/www.denkfried.de\/wp\/index.php?rest_route=\/wp\/v2\/pages\/371"}],"wp:attachment":[{"href":"http:\/\/www.denkfried.de\/wp\/index.php?rest_route=%2Fwp%2Fv2%2Fmedia&parent=4574"}],"curies":[{"name":"wp","href":"https:\/\/api.w.org\/{rel}","templated":true}]}}