{"id":4562,"date":"2011-04-25T22:32:21","date_gmt":"2011-04-25T20:32:21","guid":{"rendered":"http:\/\/www.denkfried.de\/wp\/?page_id=4562"},"modified":"2013-07-17T23:06:30","modified_gmt":"2013-07-17T21:06:30","slug":"bezirk-pankow","status":"publish","type":"page","link":"http:\/\/www.denkfried.de\/wp\/?page_id=4562","title":{"rendered":"Bezirk: PANKOW-PRENZL.BERG &#8211; WEI\u00dfENSEE"},"content":{"rendered":"<p>&nbsp;<\/p>\n<p><strong>Bezirksamt Pankow<\/strong>: <strong>13187 Berlin-Pankow<\/strong>, Breite Str.24 A<\/p>\n<p>+++++++++++++++++++++++++++++++++++++++++++++++<\/p>\n<ul>\n<li><a href=\"http:\/\/www.denkfried.de\/wp\/?page_id=25611\">Blankenburg<\/a><\/li>\n<li><a href=\"http:\/\/www.denkfried.de\/wp\/?page_id=25642\">Blankenfelde<\/a><\/li>\n<li><a href=\"http:\/\/www.denkfried.de\/wp\/?page_id=23189\">Buch<\/a><\/li>\n<li><a href=\"http:\/\/www.denkfried.de\/wp\/?page_id=25656\">Franz\u00f6sisch Buchholz<\/a><\/li>\n<li><a href=\"http:\/\/www.denkfried.de\/wp\/?page_id=10565\">Heinersdorf<\/a><\/li>\n<li><a href=\"http:\/\/www.denkfried.de\/wp\/?page_id=17492\">Karow<\/a><\/li>\n<li><a href=\"http:\/\/www.denkfried.de\/wp\/?page_id=23129\">Niedersch\u00f6nhausen<\/a><\/li>\n<li><a href=\"http:\/\/www.denkfried.de\/wp\/?page_id=25859\">Nordend<\/a><\/li>\n<li><a href=\"http:\/\/www.denkfried.de\/wp\/?page_id=23695\">Pankow<\/a><\/li>\n<li><a href=\"http:\/\/www.denkfried.de\/wp\/?page_id=16821\">Prenzlauer Berg<\/a><\/li>\n<li><a href=\"http:\/\/www.denkfried.de\/wp\/?page_id=25627\">Rosenthal<\/a><\/li>\n<li><a href=\"http:\/\/www.denkfried.de\/wp\/?page_id=16829\">Wei\u00dfensee<\/a><\/li>\n<li><a href=\"http:\/\/www.denkfried.de\/wp\/?page_id=30406\">Wilhelmsruh<\/a><\/li>\n<\/ul>\n<p>&nbsp;<\/p>\n<p>&nbsp;<\/p>\n","protected":false},"excerpt":{"rendered":"<p>&nbsp; Bezirksamt Pankow: 13187 Berlin-Pankow, Breite Str.24 A +++++++++++++++++++++++++++++++++++++++++++++++ Blankenburg Blankenfelde Buch Franz\u00f6sisch Buchholz Heinersdorf Karow Niedersch\u00f6nhausen Nordend Pankow Prenzlauer Berg Rosenthal Wei\u00dfensee Wilhelmsruh &nbsp; &nbsp;<\/p>\n","protected":false},"author":2,"featured_media":0,"parent":371,"menu_order":0,"comment_status":"closed","ping_status":"open","template":"","meta":{"footnotes":""},"class_list":["post-4562","page","type-page","status-publish","hentry"],"_links":{"self":[{"href":"http:\/\/www.denkfried.de\/wp\/index.php?rest_route=\/wp\/v2\/pages\/4562","targetHints":{"allow":["GET"]}}],"collection":[{"href":"http:\/\/www.denkfried.de\/wp\/index.php?rest_route=\/wp\/v2\/pages"}],"about":[{"href":"http:\/\/www.denkfried.de\/wp\/index.php?rest_route=\/wp\/v2\/types\/page"}],"author":[{"embeddable":true,"href":"http:\/\/www.denkfried.de\/wp\/index.php?rest_route=\/wp\/v2\/users\/2"}],"replies":[{"embeddable":true,"href":"http:\/\/www.denkfried.de\/wp\/index.php?rest_route=%2Fwp%2Fv2%2Fcomments&post=4562"}],"version-history":[{"count":44,"href":"http:\/\/www.denkfried.de\/wp\/index.php?rest_route=\/wp\/v2\/pages\/4562\/revisions"}],"predecessor-version":[{"id":31504,"href":"http:\/\/www.denkfried.de\/wp\/index.php?rest_route=\/wp\/v2\/pages\/4562\/revisions\/31504"}],"up":[{"embeddable":true,"href":"http:\/\/www.denkfried.de\/wp\/index.php?rest_route=\/wp\/v2\/pages\/371"}],"wp:attachment":[{"href":"http:\/\/www.denkfried.de\/wp\/index.php?rest_route=%2Fwp%2Fv2%2Fmedia&parent=4562"}],"curies":[{"name":"wp","href":"https:\/\/api.w.org\/{rel}","templated":true}]}}