{"id":4548,"date":"2011-04-25T22:21:08","date_gmt":"2011-04-25T20:21:08","guid":{"rendered":"http:\/\/www.denkfried.de\/wp\/?page_id=4548"},"modified":"2014-07-26T16:43:32","modified_gmt":"2014-07-26T14:43:32","slug":"berlin-tiergarten","status":"publish","type":"page","link":"http:\/\/www.denkfried.de\/wp\/?page_id=4548","title":{"rendered":"Sowjetisches Denkmal"},"content":{"rendered":"<p>&nbsp;<\/p>\n<p><span style=\"text-decoration: underline;\"><strong>10623 Berlin-Tiergarten<\/strong><\/span>, Stra\u00dfe des 17. Juni<\/p>\n<p>Bilder von Gerd und Jens 2014<\/p>\n<div id='gallery-1' class='gallery galleryid-4548 gallery-columns-4 gallery-size-thumbnail'><dl class='gallery-item'>\n\t\t\t<dt class='gallery-icon landscape'>\n\t\t\t\t<a href='http:\/\/www.denkfried.de\/wp\/?attachment_id=34963'><img loading=\"lazy\" decoding=\"async\" width=\"150\" height=\"150\" src=\"http:\/\/www.denkfried.de\/wp\/wp-content\/uploads\/2011\/04\/Berlin-Tiergarten-Sowj.-Ehrenmal-2-150x150.jpg\" class=\"attachment-thumbnail size-thumbnail\" alt=\"\" \/><\/a>\n\t\t\t<\/dt><\/dl><dl class='gallery-item'>\n\t\t\t<dt class='gallery-icon landscape'>\n\t\t\t\t<a href='http:\/\/www.denkfried.de\/wp\/?attachment_id=34962'><img loading=\"lazy\" decoding=\"async\" width=\"150\" height=\"150\" src=\"http:\/\/www.denkfried.de\/wp\/wp-content\/uploads\/2011\/04\/Berlin-Tiergarten-Sowj.-Ehrenmal-150x150.jpg\" class=\"attachment-thumbnail size-thumbnail\" alt=\"\" \/><\/a>\n\t\t\t<\/dt><\/dl><dl class='gallery-item'>\n\t\t\t<dt class='gallery-icon landscape'>\n\t\t\t\t<a href='http:\/\/www.denkfried.de\/wp\/?attachment_id=35951'><img loading=\"lazy\" decoding=\"async\" width=\"150\" height=\"150\" src=\"http:\/\/www.denkfried.de\/wp\/wp-content\/uploads\/2011\/04\/Berlin-Tiergarten-Ehrenmal-4-150x150.jpg\" class=\"attachment-thumbnail size-thumbnail\" alt=\"\" \/><\/a>\n\t\t\t<\/dt><\/dl><dl class='gallery-item'>\n\t\t\t<dt class='gallery-icon landscape'>\n\t\t\t\t<a href='http:\/\/www.denkfried.de\/wp\/?attachment_id=35953'><img loading=\"lazy\" decoding=\"async\" width=\"150\" height=\"150\" src=\"http:\/\/www.denkfried.de\/wp\/wp-content\/uploads\/2011\/04\/Berlin-Tiergarten-Ehrenmal-6-150x150.jpg\" class=\"attachment-thumbnail size-thumbnail\" alt=\"\" \/><\/a>\n\t\t\t<\/dt><\/dl><br style=\"clear: both\" \/><dl class='gallery-item'>\n\t\t\t<dt class='gallery-icon portrait'>\n\t\t\t\t<a href='http:\/\/www.denkfried.de\/wp\/?attachment_id=35948'><img loading=\"lazy\" decoding=\"async\" width=\"150\" height=\"150\" src=\"http:\/\/www.denkfried.de\/wp\/wp-content\/uploads\/2011\/04\/Berlin-Tiergarten-Ehrenmal-150x150.jpg\" class=\"attachment-thumbnail size-thumbnail\" alt=\"\" \/><\/a>\n\t\t\t<\/dt><\/dl><dl class='gallery-item'>\n\t\t\t<dt class='gallery-icon landscape'>\n\t\t\t\t<a href='http:\/\/www.denkfried.de\/wp\/?attachment_id=35952'><img loading=\"lazy\" decoding=\"async\" width=\"150\" height=\"150\" src=\"http:\/\/www.denkfried.de\/wp\/wp-content\/uploads\/2011\/04\/Berlin-Tiergarten-Ehrenmal-5-150x150.jpg\" class=\"attachment-thumbnail size-thumbnail\" alt=\"\" \/><\/a>\n\t\t\t<\/dt><\/dl><dl class='gallery-item'>\n\t\t\t<dt class='gallery-icon portrait'>\n\t\t\t\t<a href='http:\/\/www.denkfried.de\/wp\/?attachment_id=35949'><img loading=\"lazy\" decoding=\"async\" width=\"150\" height=\"150\" src=\"http:\/\/www.denkfried.de\/wp\/wp-content\/uploads\/2011\/04\/Berlin-Tiergarten-Ehrenmal-2-150x150.jpg\" class=\"attachment-thumbnail size-thumbnail\" alt=\"\" \/><\/a>\n\t\t\t<\/dt><\/dl><dl class='gallery-item'>\n\t\t\t<dt class='gallery-icon portrait'>\n\t\t\t\t<a href='http:\/\/www.denkfried.de\/wp\/?attachment_id=35950'><img loading=\"lazy\" decoding=\"async\" width=\"150\" height=\"150\" src=\"http:\/\/www.denkfried.de\/wp\/wp-content\/uploads\/2011\/04\/Berlin-Tiergarten-Ehrenmal-3-150x150.jpg\" class=\"attachment-thumbnail size-thumbnail\" alt=\"\" \/><\/a>\n\t\t\t<\/dt><\/dl><br style=\"clear: both\" \/>\n\t\t<\/div>\n\n<p>Das Ehrenmal Tiergarten wurde auf Befehl der Roten Armee unmittelbar nach Ende des Zweiten Weltkrieges als erstes sowjetisches Ehrenmal im Zentrum der Stadt unweit von Brandenburger Tor und Reichstagsgeb\u00e4ude errichtet und bereits am 11. November 1945 eingeweiht. Der Entwurf stammte von den Bildhauern Lew E. Kerbel und Wladimir E. Zigal sowie dem Architekten Nikolai W. Sergijewski. Um den Sieg \u00fcber die Nationalsozialisten auch baulich zu dokumentieren, sollte das Ehrenmal die von Albert Speer, dem damaligen Generalbauinspektor f\u00fcr die Reichshauptstadt unter Adolf Hitler, als Nord-S\u00fcd-Achse geplante Siegesallee am Kreuzungspunkt mit der Ost-West-Achse (der heutigen Stra\u00dfe des 17. Juni) bewusst abriegeln.<\/p>\n<p>Der Haupteingangsbereich an der Stra\u00dfe des 17. Juni wird von zwei sowjetischen &#8222;T 34-Panzern&#8220; gerahmt, die 1945 bei dem Vormarsch auf Berlin die Stadt als Erste erreichten. Schr\u00e4g dahinter auf der H\u00f6he der ersten Treppenanlage wurden zwei Gesch\u00fctze aufgestellt, die mit ihren Salven das Ende der &#8222;Schlacht um Berlin&#8220; verk\u00fcndeten. Zwei Steinsarkophage auf halber H\u00f6he der Treppenanlage sind mit Namen der als &#8222;Helden der Sowjetunion&#8220; geehrten Offiziere, die zwischen dem 14. April und 1. Mai 1945 in Berlin fielen, versehen. Das Herzst\u00fcck der Anlage bilden die auf dem h\u00f6chsten Punkt stehenden Kolonnaden. Die Inschriften auf den Pfeilern geben verschiedene Waffengattungen der Roten Armee und Namen gefallener Soldaten an. Der durch seine Gr\u00f6\u00dfe und H\u00f6he hervorgehobene Pfeiler in der Mitte tr\u00e4gt die acht Meter hohe Bronzestatue eines Rotarmisten. Zum Zeichen des Kriegsendes h\u00e4ngt das Gewehr an seiner Schulter. Die linke Hand des Soldaten ist \u00fcber den gefallenen Kampfgef\u00e4hrten ausgestreckt, die am Fu\u00dfe des Denkmals ruhen. Hinter den Kolonnaden entdeckt man zwei\u2013 Wasserfont\u00e4nen, die als Sinnbilder der Tr\u00e4nen und der Trauer der V\u00f6lker der damaligen UdSSR um ihre Gefallenen zu verstehen sind.<\/p>\n<p>Im r\u00fcckw\u00e4rtig, g\u00e4rtnerisch gestalteten Teil des Ehrenmals befinden sich die Gr\u00e4ber von mehr als 2000 gefallenen Soldaten. Die einzelne Grablage ist nicht erkennbar. An den ehemaligen Wachgeb\u00e4uden sind Schautafeln angebracht, die die Besucher \u00fcber die insgesamt drei sowjetischen Ehrenmale in Berlin sowie weitere St\u00e4tten der Erinnerung und Mahnung an den Krieg informieren.<\/p>\n<p>Quelle: berlin.de<\/p>\n<p>&nbsp;<\/p>\n","protected":false},"excerpt":{"rendered":"<p>&nbsp; 10623 Berlin-Tiergarten, Stra\u00dfe des 17. Juni Bilder von Gerd und Jens 2014 Das Ehrenmal Tiergarten wurde auf Befehl der Roten Armee unmittelbar nach Ende des Zweiten Weltkrieges als erstes sowjetisches Ehrenmal im Zentrum der Stadt unweit von Brandenburger Tor &hellip; <a href=\"http:\/\/www.denkfried.de\/wp\/?page_id=4548\">Weiterlesen <span class=\"meta-nav\">&rarr;<\/span><\/a><\/p>\n","protected":false},"author":2,"featured_media":0,"parent":15747,"menu_order":0,"comment_status":"closed","ping_status":"open","template":"","meta":{"footnotes":""},"class_list":["post-4548","page","type-page","status-publish","hentry"],"_links":{"self":[{"href":"http:\/\/www.denkfried.de\/wp\/index.php?rest_route=\/wp\/v2\/pages\/4548","targetHints":{"allow":["GET"]}}],"collection":[{"href":"http:\/\/www.denkfried.de\/wp\/index.php?rest_route=\/wp\/v2\/pages"}],"about":[{"href":"http:\/\/www.denkfried.de\/wp\/index.php?rest_route=\/wp\/v2\/types\/page"}],"author":[{"embeddable":true,"href":"http:\/\/www.denkfried.de\/wp\/index.php?rest_route=\/wp\/v2\/users\/2"}],"replies":[{"embeddable":true,"href":"http:\/\/www.denkfried.de\/wp\/index.php?rest_route=%2Fwp%2Fv2%2Fcomments&post=4548"}],"version-history":[{"count":11,"href":"http:\/\/www.denkfried.de\/wp\/index.php?rest_route=\/wp\/v2\/pages\/4548\/revisions"}],"predecessor-version":[{"id":35954,"href":"http:\/\/www.denkfried.de\/wp\/index.php?rest_route=\/wp\/v2\/pages\/4548\/revisions\/35954"}],"up":[{"embeddable":true,"href":"http:\/\/www.denkfried.de\/wp\/index.php?rest_route=\/wp\/v2\/pages\/15747"}],"wp:attachment":[{"href":"http:\/\/www.denkfried.de\/wp\/index.php?rest_route=%2Fwp%2Fv2%2Fmedia&parent=4548"}],"curies":[{"name":"wp","href":"https:\/\/api.w.org\/{rel}","templated":true}]}}